{"id":862,"date":"2023-01-25T22:08:41","date_gmt":"2023-01-25T22:08:41","guid":{"rendered":"https:\/\/puzzle3d.co\/product\/bat-m-puzzle-classic-lemn-copy\/"},"modified":"2025-06-11T19:07:19","modified_gmt":"2025-06-11T19:07:19","slug":"mastodon-hlavolam-klasicke-skladacky","status":"publish","type":"product","link":"https:\/\/puzzle3d.co\/sk\/prodotto\/mastodon-puzzle-classic-jigsaw\/","title":{"rendered":"MASTODON 2D dreven\u00e9 puzzle, 180 dielikov"},"content":{"rendered":"<div>\n<p><strong>MASTODON Classic 2D puzzle\/ dreven\u00e1 sklada\u010dka, 180 dielikov<\/strong><\/p>\n<div>Kam sa podel mastodont? To nevedia ani v\u00fdskumn\u00edci.<\/div>\n<\/div>\n<div>\n<div>\n<div><\/div>\n<div>A\u017e pred pribli\u017ene 10 000 rokmi sa zistilo, \u017ee na severoamerickom kontinente \u017eil cicavec s hmotnos\u0165ou 4 a\u017e 10 ton a d\u013a\u017ekou a\u017e 10 metrov.<\/div>\n<div><\/div>\n<div>Stavba kostry bola trochu podobn\u00e1 stavbe slona, ale proporcie boli ve\u013emi odli\u0161n\u00e9.<\/div>\n<div><\/div>\n<div>Predpoklad\u00e1 sa, \u017ee zmizli kv\u00f4li kl\u00edme....<\/div>\n<div>Stavte na originalitu a ozdobte svoj domov alebo kancel\u00e1riu prehistorick\u00fdm cicavcom, ktor\u00e9ho e\u0161te nikto nevidel.<\/div>\n<div><\/div>\n<div>Je to z\u00e1bavn\u00e1 \u010dinnos\u0165, pri ktorej si m\u00f4\u017eete posklada\u0165 puzzle, v ktorom medzi dreven\u00fdmi komponentmi n\u00e1jdete slony, medvede, tigre, nosoro\u017ece a \u010fal\u0161\u00edch odv\u00e1\u017enych kamar\u00e1tov.<\/div>\n<div><\/div>\n<div>Z\u00e1rove\u0148 sa uvo\u013en\u00edte, s\u00fastred\u00edte a poc\u00edtite, ako v\u00e1\u0161 mozog oce\u0148uje t\u00fato v\u00fdzvu.<\/div>\n<div><\/div>\n<div>Pon\u00fakame 3 ve\u013ekosti (S, M, L), z ktor\u00fdch si m\u00f4\u017eete vybra\u0165 t\u00fa spr\u00e1vnu na stenu v\u00e1\u0161ho domova alebo kancel\u00e1rie. Alebo si mo\u017eno chcete toto roztomil\u00e9 puzzle da\u0165 do r\u00e1mu - v\u00fdber je na v\u00e1s.<\/div>\n<div><\/div>\n<div><strong>PODROBNOSTI O V\u00ddROBKU:<\/strong><\/div>\n<div>Rozmery modelu: 286*387*5 mm<\/div>\n<div>Rozmery balenia: 255 x 192 x 42 mm<\/div>\n<div>Po\u010det kusov: 180<\/div>\n<\/div>\n<div><\/div>\n<\/div>","protected":false},"excerpt":{"rendered":"<p>Je to z\u00e1bavn\u00e1 \u010dinnos\u0165, pri ktorej si m\u00f4\u017eete posklada\u0165 puzzle, v ktorom medzi dreven\u00fdmi komponentmi n\u00e1jdete slony, medvede, tigre, nosoro\u017ece a \u010fal\u0161\u00edch odv\u00e1\u017enych kamar\u00e1tov.<\/p>","protected":false},"featured_media":855,"comment_status":"open","ping_status":"closed","template":"","meta":[],"product_brand":[],"product_cat":[80,84,83],"product_tag":[],"woo-feed-brand":[],"class_list":{"0":"post-862","1":"product","2":"type-product","3":"status-publish","4":"has-post-thumbnail","6":"product_cat-puzzle-jigsaw","7":"product_cat-puzzle-jigsaw-in-legno","8":"product_cat-puzzle-jigsaw-bambini","10":"first","11":"instock","12":"shipping-taxable","13":"purchasable","14":"product-type-simple"},"_links":{"self":[{"href":"https:\/\/puzzle3d.co\/sk\/wp-json\/wp\/v2\/product\/862","targetHints":{"allow":["GET"]}}],"collection":[{"href":"https:\/\/puzzle3d.co\/sk\/wp-json\/wp\/v2\/product"}],"about":[{"href":"https:\/\/puzzle3d.co\/sk\/wp-json\/wp\/v2\/types\/product"}],"replies":[{"embeddable":true,"href":"https:\/\/puzzle3d.co\/sk\/wp-json\/wp\/v2\/comments?post=862"}],"wp:featuredmedia":[{"embeddable":true,"href":"https:\/\/puzzle3d.co\/sk\/wp-json\/wp\/v2\/media\/855"}],"wp:attachment":[{"href":"https:\/\/puzzle3d.co\/sk\/wp-json\/wp\/v2\/media?parent=862"}],"wp:term":[{"taxonomy":"product_brand","embeddable":true,"href":"https:\/\/puzzle3d.co\/sk\/wp-json\/wp\/v2\/product_brand?post=862"},{"taxonomy":"product_cat","embeddable":true,"href":"https:\/\/puzzle3d.co\/sk\/wp-json\/wp\/v2\/product_cat?post=862"},{"taxonomy":"product_tag","embeddable":true,"href":"https:\/\/puzzle3d.co\/sk\/wp-json\/wp\/v2\/product_tag?post=862"},{"taxonomy":"woo-feed-brand","embeddable":true,"href":"https:\/\/puzzle3d.co\/sk\/wp-json\/wp\/v2\/woo-feed-brand?post=862"}],"curies":[{"name":"wp","href":"https:\/\/api.w.org\/{rel}","templated":true}]}}