{"id":847,"date":"2023-01-25T21:56:10","date_gmt":"2023-01-25T21:56:10","guid":{"rendered":"https:\/\/puzzle3d.co\/product\/ram-puzzle-classic-copy\/"},"modified":"2025-06-11T19:07:50","modified_gmt":"2025-06-11T19:07:50","slug":"2d-drevene-puzzle-ryby","status":"publish","type":"product","link":"https:\/\/puzzle3d.co\/sk\/prodotto\/pesci-puzzle-2d-in-legno\/","title":{"rendered":"Dreven\u00e9 2D puzzle Ryba - 150 dielikov"},"content":{"rendered":"<div>\n<p><strong>Dreven\u00e9 puzzle Ryba 2D , 150 dielikov<\/strong><\/p>\n<\/div>\n<div>\n<div>\n<div>Pr\u00e1ve sa pozer\u00e1te na roztomil\u00fa a inteligentn\u00fa rybu: Koi. S\u00fa to druhy poch\u00e1dzaj\u00face z \u00c1zie, presnej\u0161ie \u017eij\u00fa v sladk\u00fdch vod\u00e1ch \u010c\u00edny a Japonska.<\/div>\n<div><\/div>\n<div>Na V\u00fdchode s\u00fa symbolom odvahy a vytrvalosti.<\/div>\n<div><\/div>\n<div>Dar\u00ed sa im len v \u010distej, okysli\u010denej vode s teplotou 10 a\u017e 30 stup\u0148ov Celzia a \u017eivia sa vyv\u00e1\u017eenou stravou pozost\u00e1vaj\u00facou z rastlinstva a rias.<\/div>\n<div><\/div>\n<div>Zlo\u017eenie tohto puzzle bude pr\u00edjemnou chv\u00ed\u013eou pokoja a relaxu a jeho n\u00e1sledn\u00e9 obdivovanie v\u00e1m pripomenie rovnov\u00e1hu a harm\u00f3niu.<\/div>\n<div><\/div>\n<div>Je \u00fa\u017easn\u00e9 h\u013eada\u0165 rovnov\u00e1hu a harm\u00f3niu so sebou sam\u00fdm a s \u013eu\u010fmi okolo n\u00e1s!<\/div>\n<div><\/div>\n<div><strong>PODROBNOSTI O V\u00ddROBKU:<\/strong><\/div>\n<div>Rozmery modelu: 282*387*5 mm<\/div>\n<div>Rozmery balenia: 255 x 192 x 42 mm<\/div>\n<div>Po\u010det kusov: 150<\/div>\n<\/div>\n<div><\/div>\n<\/div>","protected":false},"excerpt":{"rendered":"<div>KOI - klasick\u00e9 dreven\u00e9 puzzle\/puzzle<br \/>\nZlo\u017eenie tohto puzzle bude pr\u00edjemnou chv\u00ed\u013eou pokoja a relaxu a jeho n\u00e1sledn\u00e9 obdivovanie v\u00e1m pripomenie rovnov\u00e1hu a harm\u00f3niu.<\/div>\n<p>&nbsp;<\/p>","protected":false},"featured_media":852,"comment_status":"open","ping_status":"closed","template":"","meta":[],"product_brand":[],"product_cat":[80,84,83],"product_tag":[],"woo-feed-brand":[],"class_list":{"0":"post-847","1":"product","2":"type-product","3":"status-publish","4":"has-post-thumbnail","6":"product_cat-puzzle-jigsaw","7":"product_cat-puzzle-jigsaw-in-legno","8":"product_cat-puzzle-jigsaw-bambini","10":"first","11":"instock","12":"shipping-taxable","13":"purchasable","14":"product-type-simple"},"_links":{"self":[{"href":"https:\/\/puzzle3d.co\/sk\/wp-json\/wp\/v2\/product\/847","targetHints":{"allow":["GET"]}}],"collection":[{"href":"https:\/\/puzzle3d.co\/sk\/wp-json\/wp\/v2\/product"}],"about":[{"href":"https:\/\/puzzle3d.co\/sk\/wp-json\/wp\/v2\/types\/product"}],"replies":[{"embeddable":true,"href":"https:\/\/puzzle3d.co\/sk\/wp-json\/wp\/v2\/comments?post=847"}],"wp:featuredmedia":[{"embeddable":true,"href":"https:\/\/puzzle3d.co\/sk\/wp-json\/wp\/v2\/media\/852"}],"wp:attachment":[{"href":"https:\/\/puzzle3d.co\/sk\/wp-json\/wp\/v2\/media?parent=847"}],"wp:term":[{"taxonomy":"product_brand","embeddable":true,"href":"https:\/\/puzzle3d.co\/sk\/wp-json\/wp\/v2\/product_brand?post=847"},{"taxonomy":"product_cat","embeddable":true,"href":"https:\/\/puzzle3d.co\/sk\/wp-json\/wp\/v2\/product_cat?post=847"},{"taxonomy":"product_tag","embeddable":true,"href":"https:\/\/puzzle3d.co\/sk\/wp-json\/wp\/v2\/product_tag?post=847"},{"taxonomy":"woo-feed-brand","embeddable":true,"href":"https:\/\/puzzle3d.co\/sk\/wp-json\/wp\/v2\/woo-feed-brand?post=847"}],"curies":[{"name":"wp","href":"https:\/\/api.w.org\/{rel}","templated":true}]}}