{"id":843,"date":"2023-01-25T21:31:29","date_gmt":"2023-01-25T21:31:29","guid":{"rendered":"https:\/\/puzzle3d.co\/product\/gramophone-puzzle-3d-copy\/"},"modified":"2025-06-11T19:08:06","modified_gmt":"2025-06-11T19:08:06","slug":"baran-2d-drevene-puzzle-130-dielikov","status":"publish","type":"product","link":"https:\/\/puzzle3d.co\/sk\/prodotto\/ariete-puzzle-2d-jigsaw-in-legno-130-pezzi\/","title":{"rendered":"Dreven\u00e9 puzzle ARIETE 2D, 130 dielikov"},"content":{"rendered":"<div>\n<p><strong>Dreven\u00e9 puzzle ARIETE 2D, 130 dielikov<\/strong><\/p>\n<\/div>\n<div>\n<div>\n<div>Nemus\u00edte by\u0165 naroden\u00ed v znamen\u00ed Barana, aby ste si mohli posklada\u0165 t\u00fato n\u00e1dhern\u00fa sklada\u010dku.<\/div>\n<div><\/div>\n<div>Ale zv\u00e1\u017ete nie\u010do zauj\u00edmav\u00e9 o nich:<\/div>\n<div>s\u00fa ambici\u00f3zni a energick\u00ed, prisp\u00f4sobuj\u00fa sa zmen\u00e1m a pova\u017euj\u00fa sa za neboj\u00e1cnych l\u00eddrov.<\/div>\n<div><\/div>\n<div>Elon Musk - zakladate\u013e a gener\u00e1lny riadite\u013e spolo\u010dnost\u00ed SpaceX a Tesla;<\/div>\n<div><\/div>\n<div>Albert Einstein - fyzik, ktor\u00fd sp\u00f4sobil revol\u00faciu vo svete;<\/div>\n<div><\/div>\n<div>Mark Zuckerberg - zakladate\u013e a gener\u00e1lny riadite\u013e spolo\u010dnosti Facebook;<\/div>\n<div><\/div>\n<div>Princ Charles - syn kr\u00e1\u013eovnej Al\u017ebety II;<\/div>\n<div><\/div>\n<div>Nicolae Ceausescu a mnoho \u010fal\u0161\u00edch sl\u00e1vnych \u013eud\u00ed sa nach\u00e1dza v znamen\u00ed Barana.<\/div>\n<div><\/div>\n<div>U\u017e ste presved\u010den\u00ed, \u017ee h\u00e1danka Barana na prv\u00fd poh\u013ead odha\u013euje v\u00fdnimo\u010dn\u00e9 vlastnosti?<\/div>\n<div><\/div>\n<div><strong>PODROBNOSTI O V\u00ddROBKU:<\/strong><\/div>\n<div>Rozmery modelu: 282*387*5 mm<\/div>\n<div>Rozmery balenia: 255 x 192 x 42 mm<\/div>\n<div>Po\u010det kusov: 130<\/div>\n<\/div>\n<div><\/div>\n<\/div>","protected":false},"excerpt":{"rendered":"<p>Na zlo\u017eenie tejto n\u00e1dhernej sklada\u010dky nie je potrebn\u00e9 by\u0165 naroden\u00fd v znamen\u00ed Barana. Zv\u00e1\u017ete v\u0161ak nie\u010do zauj\u00edmav\u00e9 o nich: s\u00fa ambici\u00f3zni a energick\u00ed, prisp\u00f4sobuj\u00fa sa zmen\u00e1m a pova\u017euj\u00fa sa za neboj\u00e1cnych vodcov.<\/p>","protected":false},"featured_media":845,"comment_status":"open","ping_status":"closed","template":"","meta":[],"product_brand":[],"product_cat":[80,84,83],"product_tag":[],"woo-feed-brand":[],"class_list":{"0":"post-843","1":"product","2":"type-product","3":"status-publish","4":"has-post-thumbnail","6":"product_cat-puzzle-jigsaw","7":"product_cat-puzzle-jigsaw-in-legno","8":"product_cat-puzzle-jigsaw-bambini","10":"first","11":"instock","12":"shipping-taxable","13":"purchasable","14":"product-type-simple"},"_links":{"self":[{"href":"https:\/\/puzzle3d.co\/sk\/wp-json\/wp\/v2\/product\/843","targetHints":{"allow":["GET"]}}],"collection":[{"href":"https:\/\/puzzle3d.co\/sk\/wp-json\/wp\/v2\/product"}],"about":[{"href":"https:\/\/puzzle3d.co\/sk\/wp-json\/wp\/v2\/types\/product"}],"replies":[{"embeddable":true,"href":"https:\/\/puzzle3d.co\/sk\/wp-json\/wp\/v2\/comments?post=843"}],"wp:featuredmedia":[{"embeddable":true,"href":"https:\/\/puzzle3d.co\/sk\/wp-json\/wp\/v2\/media\/845"}],"wp:attachment":[{"href":"https:\/\/puzzle3d.co\/sk\/wp-json\/wp\/v2\/media?parent=843"}],"wp:term":[{"taxonomy":"product_brand","embeddable":true,"href":"https:\/\/puzzle3d.co\/sk\/wp-json\/wp\/v2\/product_brand?post=843"},{"taxonomy":"product_cat","embeddable":true,"href":"https:\/\/puzzle3d.co\/sk\/wp-json\/wp\/v2\/product_cat?post=843"},{"taxonomy":"product_tag","embeddable":true,"href":"https:\/\/puzzle3d.co\/sk\/wp-json\/wp\/v2\/product_tag?post=843"},{"taxonomy":"woo-feed-brand","embeddable":true,"href":"https:\/\/puzzle3d.co\/sk\/wp-json\/wp\/v2\/woo-feed-brand?post=843"}],"curies":[{"name":"wp","href":"https:\/\/api.w.org\/{rel}","templated":true}]}}