{"id":834,"date":"2023-01-25T15:04:00","date_gmt":"2023-01-25T15:04:00","guid":{"rendered":"https:\/\/puzzle3d.co\/product\/kinetic-globe-puzzle-3d-copy\/"},"modified":"2025-06-11T19:09:09","modified_gmt":"2025-06-11T19:09:09","slug":"3d-mechanicke-drevene-puzzle-gramofon","status":"publish","type":"product","link":"https:\/\/puzzle3d.co\/sk\/prodotto\/grammofono-puzzle-meccanico-3d-in-legno\/","title":{"rendered":"3D mechanick\u00fd dreven\u00fd kon\u0161truk\u010dn\u00fd model gramof\u00f3nu, 321 kusov"},"content":{"rendered":"<div><strong>Gramof\u00f3n - 3D mechanick\u00e9 dreven\u00e9 puzzle - 321 dielikov<\/strong><\/div>\n<div><\/div>\n<div>Thomas Edison, jedna z najv\u00fdznamnej\u0161\u00edch post\u00e1v v dejin\u00e1ch techniky, vyna\u0161iel v roku 1877 gramof\u00f3n na voskovej ty\u010di. Mal komer\u010dn\u00fd \u00faspech a v Spojen\u00fdch \u0161t\u00e1toch sa r\u00fdchlo stal popul\u00e1rnym.<\/div>\n<div><\/div>\n<div>O 10 rokov nesk\u00f4r vyna\u0161iel americk\u00fd in\u017einier nemeck\u00e9ho p\u00f4vodu Emil Berliner gramof\u00f3n s pou\u017eit\u00edm platn\u00ed.<\/div>\n<div><\/div>\n<div>Oba gramof\u00f3ny mali obrovsk\u00fd pr\u00ednos pre hudobn\u00fd a komunika\u010dn\u00fd priemysel.<\/div>\n<div><\/div>\n<div>Gramof\u00f3n, ktor\u00fd m\u00e1te pred sebou, v\u00e1s ka\u017ed\u00fd de\u0148 pote\u0161\u00ed zvl\u00e1\u0161tnym sp\u00f4sobom.<\/div>\n<div><\/div>\n<div>Bude pr\u00edjemn\u00e9 za\u010da\u0165 de\u0148 s t\u00fdmto gramof\u00f3nom, pri ktorom si m\u00f4\u017eete vychutna\u0165 k\u00e1vu v pr\u00edjemnej atmosf\u00e9re. Potom si z tajnej schr\u00e1nky vyberiete hodinky alebo \u0161perk d\u0148a. Ve\u010der krabi\u010dku op\u00e4\u0165 otvor\u00edte a ulo\u017e\u00edte do nej \u0161perk. Takto va\u0161e ka\u017edodenn\u00e9 ritu\u00e1ly premenia gramof\u00f3n na predmet, ku ktor\u00e9mu budete ma\u0165 bl\u00edzky vz\u0165ah.<\/div>\n<div><\/div>\n<div>Zostavovanie gramof\u00f3nu bude pr\u00edjemn\u00e1 a relaxa\u010dn\u00e1 \u010dinnos\u0165 a na konci sa nebudete pr\u00edli\u0161 r\u00fdchlo pozera\u0165 inam.<\/div>\n<div><\/div>\n<h2><strong>Ide\u00e1lny dar\u010dek pre \u017eeny a milovn\u00edkov hudby<\/strong><\/h2>\n<div><\/div>\n<div>Je to origin\u00e1lny dar\u010dek pre \u017eeny a mu\u017eov s v\u00e1\u0161\u0148ou pre hudbu, kult\u00faru a umenie. Krabi\u010dka prin\u00e1\u0161a dodato\u010dn\u00fa hodnotu a mo\u017eno ju doplni\u0165 hodinkami, \u0161perkami alebo milostn\u00fdmi pozn\u00e1mkami.<\/div>\n<div><\/div>\n<div>Kr\u00e1sna dekor\u00e1cia do ka\u017edej miestnosti vo va\u0161ej dom\u00e1cnosti.<\/div>\n<div><\/div>\n<div>Ke\u010f neviete, ak\u00fd dar\u010dek vybra\u0165 pre bl\u00edzkeho alebo niekoho, koho si v\u00e1\u017eite, vyberte si gramof\u00f3n.<\/div>\n<div><\/div>\n<div><strong>PODROBNOSTI O V\u00ddROBKU:<\/strong><\/div>\n<div>Rozmery modelu: 407*274*312 mm<\/div>\n<div>Rozmery balenia: 377 x 243 x 45 mm<\/div>\n<div>Po\u010det kusov: 321<\/div>","protected":false},"excerpt":{"rendered":"<div>Zostavovanie gramof\u00f3nu bude pr\u00edjemn\u00e1 a relaxa\u010dn\u00e1 \u010dinnos\u0165 a na konci sa nebudete pr\u00edli\u0161 r\u00fdchlo pozera\u0165 inam.<\/div>\n<p>&nbsp;<\/p>","protected":false},"featured_media":839,"comment_status":"open","ping_status":"closed","template":"","meta":[],"product_brand":[],"product_cat":[73,74,76,89,90],"product_tag":[],"woo-feed-brand":[],"class_list":{"0":"post-834","1":"product","2":"type-product","3":"status-publish","4":"has-post-thumbnail","6":"product_cat-puzzle-3d","7":"product_cat-puzzle-3d-in-legno","8":"product_cat-puzzle-3d-per-bambini","9":"product_cat-puzzle-meccanici-3d-in-legno","10":"product_cat-puzzle-meccanici-per-bambini","12":"first","13":"instock","14":"shipping-taxable","15":"purchasable","16":"product-type-simple"},"_links":{"self":[{"href":"https:\/\/puzzle3d.co\/sk\/wp-json\/wp\/v2\/product\/834","targetHints":{"allow":["GET"]}}],"collection":[{"href":"https:\/\/puzzle3d.co\/sk\/wp-json\/wp\/v2\/product"}],"about":[{"href":"https:\/\/puzzle3d.co\/sk\/wp-json\/wp\/v2\/types\/product"}],"replies":[{"embeddable":true,"href":"https:\/\/puzzle3d.co\/sk\/wp-json\/wp\/v2\/comments?post=834"}],"wp:featuredmedia":[{"embeddable":true,"href":"https:\/\/puzzle3d.co\/sk\/wp-json\/wp\/v2\/media\/839"}],"wp:attachment":[{"href":"https:\/\/puzzle3d.co\/sk\/wp-json\/wp\/v2\/media?parent=834"}],"wp:term":[{"taxonomy":"product_brand","embeddable":true,"href":"https:\/\/puzzle3d.co\/sk\/wp-json\/wp\/v2\/product_brand?post=834"},{"taxonomy":"product_cat","embeddable":true,"href":"https:\/\/puzzle3d.co\/sk\/wp-json\/wp\/v2\/product_cat?post=834"},{"taxonomy":"product_tag","embeddable":true,"href":"https:\/\/puzzle3d.co\/sk\/wp-json\/wp\/v2\/product_tag?post=834"},{"taxonomy":"woo-feed-brand","embeddable":true,"href":"https:\/\/puzzle3d.co\/sk\/wp-json\/wp\/v2\/woo-feed-brand?post=834"}],"curies":[{"name":"wp","href":"https:\/\/api.w.org\/{rel}","templated":true}]}}