{"id":826,"date":"2023-01-25T14:32:39","date_gmt":"2023-01-25T14:32:39","guid":{"rendered":"https:\/\/puzzle3d.co\/product\/doll-house-puzzle-3d-copy\/"},"modified":"2025-05-11T08:14:48","modified_gmt":"2025-05-11T08:14:48","slug":"3d-dreveny-mechanicky-globo-cineticky-hlavolam","status":"publish","type":"product","link":"https:\/\/puzzle3d.co\/sk\/prodotto\/globo-cinetico-puzzle-meccanico-3d-legno\/","title":{"rendered":"Kinetick\u00fd gl\u00f3bus - mechanick\u00e9 dreven\u00e9 puzzle, 205 dielikov"},"content":{"rendered":"<div>\n<p><strong>Kinetick\u00fd gl\u00f3bus - mechanick\u00e9 dreven\u00e9 puzzle, 205 dielikov<\/strong><\/p>\n<p><span style=\"color: #333333;\">Objavte kr\u00e1su mechaniky s kinetick\u00fdm gl\u00f3busom! <\/span><span style=\"color: #333333;\">V 17. storo\u010d\u00ed sa kinetick\u00e9 gl\u00f3busy za\u010dali pou\u017e\u00edva\u0165 ako vzdel\u00e1vac\u00ed n\u00e1stroj na ilustr\u00e1ciu fyzik\u00e1lnych princ\u00edpov, ako je rot\u00e1cia a ot\u00e1\u010danie.<\/span><\/p>\n<\/div>\n<div>\n<div>\n<div>O dve storo\u010dia nesk\u00f4r sa za\u010dali pou\u017e\u00edva\u0165 ako dekorat\u00edvne predmety.<\/div>\n<div>Od 20. storo\u010dia sa kinetick\u00e9 gl\u00f3busy stali \u010doraz popul\u00e1rnej\u0161\u00edmi ako predmety s\u00fa\u010dasn\u00e9ho umenia.<\/div>\n<div><\/div>\n<div>V s\u00fa\u010dasnosti sa gl\u00f3busy na\u010falej vyv\u00edjaj\u00fa a vyu\u017e\u00edvaj\u00fa modern\u00e9 technol\u00f3gie a pokro\u010dil\u00e9 materi\u00e1ly na vytv\u00e1ranie p\u00f4sobiv\u00fdch pohybov a vizu\u00e1lnych efektov.<\/div>\n<div><\/div>\n<div>Inteligentn\u00fd dar\u010dek pre ka\u017ed\u00e9ho<\/div>\n<div><\/div>\n<div>Vyberte si \u0161ikovn\u00fd dar\u010dek pre seba alebo priate\u013ea, zostavte ho a potom ho nechajte rozto\u010di\u0165. Sledovanie pohybu ot\u00e1\u010dania a rot\u00e1cie je uvo\u013e\u0148uj\u00face.<\/div>\n<div><\/div>\n<div>M\u00f4\u017eete to robi\u0165, ke\u010f prem\u00fd\u0161\u013eate o projekte alebo si v pokoji vychutn\u00e1vate k\u00e1vu. V\u0161imnete si, ako sa v\u00e1m dob\u00edjaj\u00fa bat\u00e9rie a va\u0161e my\u0161lienky akoby sa usadili na poli\u010dke.<\/div>\n<div><\/div>\n<div><strong>PODROBNOSTI O V\u00ddROBKU:<\/strong><\/div>\n<div>Rozmery modelu: 161*132*251 mm<\/div>\n<div>Rozmery balenia: 245*188*30 mm<\/div>\n<div>Po\u010det kusov: 205<\/div>\n<\/div>\n<div><\/div>\n<\/div>","protected":false},"excerpt":{"rendered":"<p>Objavte kr\u00e1su mechaniky s kinetick\u00fdm gl\u00f3busom! Vyberte si \u0161ikovn\u00fd dar\u010dek pre seba alebo priate\u013ea, zostavte ho a potom ho nechajte rozto\u010di\u0165. Je relaxa\u010dn\u00e9 sledova\u0165 pohyb ot\u00e1\u010dania a rot\u00e1cie.<\/p>","protected":false},"featured_media":830,"comment_status":"open","ping_status":"closed","template":"","meta":[],"product_brand":[],"product_cat":[73,74,76,89,90],"product_tag":[],"woo-feed-brand":[],"class_list":{"0":"post-826","1":"product","2":"type-product","3":"status-publish","4":"has-post-thumbnail","6":"product_cat-puzzle-3d","7":"product_cat-puzzle-3d-in-legno","8":"product_cat-puzzle-3d-per-bambini","9":"product_cat-puzzle-meccanici-3d-in-legno","10":"product_cat-puzzle-meccanici-per-bambini","12":"first","13":"instock","14":"shipping-taxable","15":"purchasable","16":"product-type-simple"},"_links":{"self":[{"href":"https:\/\/puzzle3d.co\/sk\/wp-json\/wp\/v2\/product\/826","targetHints":{"allow":["GET"]}}],"collection":[{"href":"https:\/\/puzzle3d.co\/sk\/wp-json\/wp\/v2\/product"}],"about":[{"href":"https:\/\/puzzle3d.co\/sk\/wp-json\/wp\/v2\/types\/product"}],"replies":[{"embeddable":true,"href":"https:\/\/puzzle3d.co\/sk\/wp-json\/wp\/v2\/comments?post=826"}],"wp:featuredmedia":[{"embeddable":true,"href":"https:\/\/puzzle3d.co\/sk\/wp-json\/wp\/v2\/media\/830"}],"wp:attachment":[{"href":"https:\/\/puzzle3d.co\/sk\/wp-json\/wp\/v2\/media?parent=826"}],"wp:term":[{"taxonomy":"product_brand","embeddable":true,"href":"https:\/\/puzzle3d.co\/sk\/wp-json\/wp\/v2\/product_brand?post=826"},{"taxonomy":"product_cat","embeddable":true,"href":"https:\/\/puzzle3d.co\/sk\/wp-json\/wp\/v2\/product_cat?post=826"},{"taxonomy":"product_tag","embeddable":true,"href":"https:\/\/puzzle3d.co\/sk\/wp-json\/wp\/v2\/product_tag?post=826"},{"taxonomy":"woo-feed-brand","embeddable":true,"href":"https:\/\/puzzle3d.co\/sk\/wp-json\/wp\/v2\/woo-feed-brand?post=826"}],"curies":[{"name":"wp","href":"https:\/\/api.w.org\/{rel}","templated":true}]}}