{"id":818,"date":"2023-01-24T16:19:11","date_gmt":"2023-01-24T16:19:11","guid":{"rendered":"https:\/\/puzzle3d.co\/product\/tank-t-34-85-puzzle-3d-mecanic-copy\/"},"modified":"2025-05-12T06:12:44","modified_gmt":"2025-05-12T06:12:44","slug":"3d-drevene-puzzle-domcek-pre-babiky","status":"publish","type":"product","link":"https:\/\/puzzle3d.co\/sk\/prodotto\/casa-delle-bambole-puzzle-3d-in-legno\/","title":{"rendered":"Dreven\u00fd dom\u010dek pre b\u00e1biky, 131 kusov"},"content":{"rendered":"<div>\n<p><strong>DETSK\u00dd DOM 3D dreven\u00e9 puzzle -131 dielikov<\/strong><\/p>\n<p>Stavba tohto dom\u010deka pre b\u00e1biky bude v\u010faka kvalitn\u00fdm dreven\u00fdm komponentom pote\u0161en\u00edm. Ka\u017ed\u00e1 \u010das\u0165 je vyrezan\u00e1 s laserovou presnos\u0165ou a dokonale zapad\u00e1 do ostatn\u00fdch. Podrobn\u00fd n\u00e1vod v\u00e1s prevedie mont\u00e1\u017eou krok za krokom.<\/p>\n<p>Po dokon\u010den\u00ed m\u00e1 dom\u010dek rozmery 48 x 37 x 54 cm, \u010do je ve\u013ek\u00fd model. N\u00e1jdete tu pln\u00fd priestor pre fant\u00e1ziu a kreativitu pri zaria\u010fovan\u00ed interi\u00e9ru a v\u00fdzdobe exteri\u00e9ru pod\u013ea svojho vkusu, presne ako v skuto\u010dnom dom\u010deku pre b\u00e1biky!<\/p>\n<\/div>\n<p>Pozornos\u0165 venovan\u00e1 detailom je ohromuj\u00faca: zdoben\u00e9 balk\u00f3ny, kompletn\u00fd n\u00e1bytok v izb\u00e1ch a kuchyniach, mal\u00e9 farebn\u00e9 z\u00e1clony, \u0161myk\u013eavka a \u010fal\u0161ie cenn\u00e9 prvky prispievaj\u00fa k vytvoreniu mimoriadne realistick\u00e9ho miniat\u00farneho sveta.<\/p>\n<p class=\"whitespace-pre-wrap\">Nechajte sa o\u010dari\u0165 t\u00fdmto kr\u00e1snym dreven\u00fdm dom\u010dekom pre b\u00e1biky - ide\u00e1lnym dar\u010dekom pre mal\u00fdch aj ve\u013ek\u00fdch!<\/p>\n<p class=\"whitespace-pre-wrap\">Jeden z popredn\u00fdch svetov\u00fdch v\u00fdrobcov dreven\u00fdch puzzle s desiatkami fascinuj\u00facich s\u00e1d na v\u00fdber. Pozornos\u0165 venovan\u00e1 detailom ich modelov je jednoducho neuverite\u013en\u00e1! R\u00f4zne obtia\u017enosti, od s\u00faprav vhodn\u00fdch pre deti a\u017e po v\u00fdzvy pre sk\u00fasenej\u0161\u00edch model\u00e1rov. Spolo\u010dnos\u0165 s dlhou hist\u00f3riou a v\u00e1\u0161\u0148ou pre toto umenie.<\/p>\n<div>\n<div>\n<div>Pred nieko\u013ek\u00fdmi storo\u010diami bol dreven\u00fd dom\u010dek pre b\u00e1biky luxusn\u00fdm tovarom vyhraden\u00fdm len pre bohat\u00e9 rodiny.<\/div>\n<div><\/div>\n<div>Dnes u\u017e nie je luxusom, ale predmetom, ktor\u00fd sa de\u0165om p\u00e1\u010di a ktor\u00fd s\u013eubuje hodiny hry mimo obrazoviek.<\/div>\n<div><\/div>\n<div>Ak teda chcete svoje die\u0165a zabavi\u0165, tento dom\u010dek na hranie je v\u00edtan\u00fd.<\/div>\n<div><\/div>\n<div>M\u00e1 mnoho v\u00fdhod: jeho zostavovanie rozv\u00edja pozornos\u0165 k detailom, motorick\u00e9 zru\u010dnosti, koordin\u00e1ciu ruka-oko a orient\u00e1ciu v priestore.<\/div>\n<div><\/div>\n<h2>Vhodn\u00fd dar\u010dek pre diev\u010dat\u00e1<\/h2>\n<div>M\u00e1 mno\u017estvo miestnost\u00ed a n\u00e1bytku, ktor\u00e9 podporuj\u00fa predstavivos\u0165 a hranie rol\u00ed: ob\u00fdva\u010dka, kuchy\u0148a, sp\u00e1l\u0148a, podkrovie, balk\u00f3n, gar\u00e1\u017e, st\u00f4l, stoli\u010dky, pohovky, sp\u00e1l\u0148a, mechanick\u00fd v\u00fd\u0165ah.<\/div>\n<div><\/div>\n<div>M\u00f4\u017eete ho vyzdobi\u0165 pomocou farby na vodnej b\u00e1ze, prida\u0165 \u010dlenov rodiny, ktor\u00ed bud\u00fa v tomto dome \u017ei\u0165, auto, stromy a \u010doko\u013evek in\u00e9, \u010do v\u00e1m napadne.<\/div>\n<div><\/div>\n<div>Dom\u010dek na hranie sa d\u00e1 zlo\u017ei\u0165 na pohodln\u00fa prepravu na hranie vonku alebo na n\u00e1v\u0161tevu star\u00fdch rodi\u010dov.<\/div>\n<div>Je to atrakt\u00edvna dekor\u00e1cia do ob\u00fdva\u010dky a najm\u00e4 do detskej izby.<\/div>\n<div><\/div>\n<div><strong>PODROBNOSTI O V\u00ddROBKU:<\/strong><\/div>\n<div>Rozmery modelu: 486*376*540 mm<\/div>\n<div>Rozmery balenia: 375 x 243 x 64 mm<\/div>\n<div>Po\u010det kusov: 131<\/div>\n<\/div>\n<\/div>","protected":false},"excerpt":{"rendered":"<div>Dreven\u00fd dom\u010dek pre b\u00e1biky rozv\u00edja zmysel pre detail, motorick\u00e9 zru\u010dnosti, koordin\u00e1ciu ruka-oko a orient\u00e1ciu v priestore.<\/div>\n<p>&nbsp;<\/p>","protected":false},"featured_media":820,"comment_status":"open","ping_status":"closed","template":"","meta":[],"product_brand":[],"product_cat":[73,74,76,89,90],"product_tag":[],"woo-feed-brand":[],"class_list":{"0":"post-818","1":"product","2":"type-product","3":"status-publish","4":"has-post-thumbnail","6":"product_cat-puzzle-3d","7":"product_cat-puzzle-3d-in-legno","8":"product_cat-puzzle-3d-per-bambini","9":"product_cat-puzzle-meccanici-3d-in-legno","10":"product_cat-puzzle-meccanici-per-bambini","12":"first","13":"instock","14":"shipping-taxable","15":"purchasable","16":"product-type-simple"},"_links":{"self":[{"href":"https:\/\/puzzle3d.co\/sk\/wp-json\/wp\/v2\/product\/818","targetHints":{"allow":["GET"]}}],"collection":[{"href":"https:\/\/puzzle3d.co\/sk\/wp-json\/wp\/v2\/product"}],"about":[{"href":"https:\/\/puzzle3d.co\/sk\/wp-json\/wp\/v2\/types\/product"}],"replies":[{"embeddable":true,"href":"https:\/\/puzzle3d.co\/sk\/wp-json\/wp\/v2\/comments?post=818"}],"wp:featuredmedia":[{"embeddable":true,"href":"https:\/\/puzzle3d.co\/sk\/wp-json\/wp\/v2\/media\/820"}],"wp:attachment":[{"href":"https:\/\/puzzle3d.co\/sk\/wp-json\/wp\/v2\/media?parent=818"}],"wp:term":[{"taxonomy":"product_brand","embeddable":true,"href":"https:\/\/puzzle3d.co\/sk\/wp-json\/wp\/v2\/product_brand?post=818"},{"taxonomy":"product_cat","embeddable":true,"href":"https:\/\/puzzle3d.co\/sk\/wp-json\/wp\/v2\/product_cat?post=818"},{"taxonomy":"product_tag","embeddable":true,"href":"https:\/\/puzzle3d.co\/sk\/wp-json\/wp\/v2\/product_tag?post=818"},{"taxonomy":"woo-feed-brand","embeddable":true,"href":"https:\/\/puzzle3d.co\/sk\/wp-json\/wp\/v2\/woo-feed-brand?post=818"}],"curies":[{"name":"wp","href":"https:\/\/api.w.org\/{rel}","templated":true}]}}