{"id":806,"date":"2023-01-24T13:52:59","date_gmt":"2023-01-24T13:52:59","guid":{"rendered":"https:\/\/puzzle3d.co\/product\/mower-lemn-puzzle-3d-mecanic-copy\/"},"modified":"2025-06-11T19:09:39","modified_gmt":"2025-06-11T19:09:39","slug":"mechanicky-model-nadrze-na-drevo","status":"publish","type":"product","link":"https:\/\/puzzle3d.co\/sk\/prodotto\/carro-armato-modello-meccanico-legno\/","title":{"rendered":"Mechanick\u00fd dreven\u00fd model tanku T-34-85 , 965 kusov"},"content":{"rendered":"<div>\n<h2><strong>Tank, mechanick\u00fd dreven\u00fd model tanku T-34-85 - 965 kusov<\/strong><\/h2>\n<\/div>\n<div>\n<div>\n<div>Vedeli ste, \u017ee prv\u00e9 tanky, ktor\u00e9 sa objavili po\u010das prvej svetovej vojny, mali technick\u00e9 probl\u00e9my, napr\u00edklad prehrievanie motorov a probl\u00e9my s man\u00e9vrovate\u013enos\u0165ou.<\/div>\n<div>S takmer 965 dielikmi, ktor\u00e9 s\u00fa v\u0161etky vyroben\u00e9 z dreva a bez jedinej kvapky lepidla, si m\u00f4\u017eete sami postavi\u0165 mobiln\u00fd tank. Je vybaven\u00fd oto\u010dnou ve\u017eou, pohybliv\u00fdmi poklopmi a oto\u010dn\u00fdmi kolesami.<\/div>\n<div>N\u00e1dr\u017e T 34-85 prich\u00e1dza, aby otestovala va\u0161u trpezlivos\u0165 a pozornos\u0165. Je to intelektu\u00e1lna v\u00fdzva, ktor\u00e1 je len dobr\u00e1 pre mozog.<\/div>\n<div>Ak v\u00e1s zauj\u00edma mechanika a stroj\u00e1rstvo alebo vojensk\u00e1 hist\u00f3ria, tento model je pre v\u00e1s.<\/div>\n<h3>Dar\u010dek pre milovn\u00edkov hist\u00f3rie<\/h3>\n<div><strong>PODROBNOSTI O V\u00ddROBKU:<\/strong><\/div>\n<div>Rozmery modelu: 330*128*95 mm<\/div>\n<div>Rozmery balenia: 245*188*50 mm<\/div>\n<div>Po\u010det kusov: 965<\/div>\n<\/div>\n<div><\/div>\n<\/div>\n<p><script type=\"application\/ld+json\" data-app=\"seomaster\">{\n    \"@context\": \"https:\\\/\\\/schema.org\\\/\",\n    \"@type\": \"Product\",\n    \"@id\": \"https:\\\/\\\/puzzle3d.co\\\/prodotto\\\/carro-armato-modello-meccanico-legno\\\/\",\n    \"url\": \"https:\\\/\\\/puzzle3d.co\\\/prodotto\\\/carro-armato-modello-meccanico-legno\\\/\",\n    \"name\": \"Carro Armato T-34-85 modello meccanico in legno del , 965 pezzi\",\n    \"image\": \"https:\\\/\\\/puzzle3d.co\\\/wp-content\\\/uploads\\\/2023\\\/01\\\/tank3.webp\",\n    \"description\": \"Modello Carro Armato Meccanico T-34-85 in legno - 965 pezzi\",\n    \"brand\": {\n        \"@type\": \"Brand\",\n        \"name\": \"Puzzle 3D\"\n    },\n    \"aggregateRating\": {\n        \"@type\": \"aggregateRating\",\n        \"bestRating\": \"5\",\n        \"worstRating\": \"1\",\n        \"ratingCount\": \"140\",\n        \"ratingValue\": \"4.8\"\n    }\n}<\/script><\/p>","protected":false},"excerpt":{"rendered":"<p>Ak v\u00e1s zauj\u00edma mechanika, stroj\u00e1rstvo alebo vojensk\u00e1 hist\u00f3ria, 3D puzzle mechanick\u00e9ho tanku T-34-85 je ur\u010den\u00e9 pr\u00e1ve pre v\u00e1s. S takmer 300 dielikmi, ktor\u00e9 s\u00fa v\u0161etky vyroben\u00e9 z dreva a bez jedinej kvapky lepidla, si m\u00f4\u017eete sami postavi\u0165 mobiln\u00fd tank.<\/p>","protected":false},"featured_media":810,"comment_status":"open","ping_status":"closed","template":"","meta":[],"product_brand":[],"product_cat":[73,88,74,89,90,91],"product_tag":[],"woo-feed-brand":[],"class_list":{"0":"post-806","1":"product","2":"type-product","3":"status-publish","4":"has-post-thumbnail","6":"product_cat-puzzle-3d","7":"product_cat-puzzle-3d-adulti","8":"product_cat-puzzle-3d-in-legno","9":"product_cat-puzzle-meccanici-3d-in-legno","10":"product_cat-puzzle-meccanici-per-bambini","11":"product_cat-puzzle-meccanici-per-adulti","13":"first","14":"instock","15":"shipping-taxable","16":"purchasable","17":"product-type-simple"},"_links":{"self":[{"href":"https:\/\/puzzle3d.co\/sk\/wp-json\/wp\/v2\/product\/806","targetHints":{"allow":["GET"]}}],"collection":[{"href":"https:\/\/puzzle3d.co\/sk\/wp-json\/wp\/v2\/product"}],"about":[{"href":"https:\/\/puzzle3d.co\/sk\/wp-json\/wp\/v2\/types\/product"}],"replies":[{"embeddable":true,"href":"https:\/\/puzzle3d.co\/sk\/wp-json\/wp\/v2\/comments?post=806"}],"wp:featuredmedia":[{"embeddable":true,"href":"https:\/\/puzzle3d.co\/sk\/wp-json\/wp\/v2\/media\/810"}],"wp:attachment":[{"href":"https:\/\/puzzle3d.co\/sk\/wp-json\/wp\/v2\/media?parent=806"}],"wp:term":[{"taxonomy":"product_brand","embeddable":true,"href":"https:\/\/puzzle3d.co\/sk\/wp-json\/wp\/v2\/product_brand?post=806"},{"taxonomy":"product_cat","embeddable":true,"href":"https:\/\/puzzle3d.co\/sk\/wp-json\/wp\/v2\/product_cat?post=806"},{"taxonomy":"product_tag","embeddable":true,"href":"https:\/\/puzzle3d.co\/sk\/wp-json\/wp\/v2\/product_tag?post=806"},{"taxonomy":"woo-feed-brand","embeddable":true,"href":"https:\/\/puzzle3d.co\/sk\/wp-json\/wp\/v2\/woo-feed-brand?post=806"}],"curies":[{"name":"wp","href":"https:\/\/api.w.org\/{rel}","templated":true}]}}