{"id":796,"date":"2023-01-24T12:45:30","date_gmt":"2023-01-24T12:45:30","guid":{"rendered":"https:\/\/puzzle3d.co\/product\/glob-lemn-puzzle-3d-mecanic-copy\/"},"modified":"2025-06-19T03:30:45","modified_gmt":"2025-06-19T03:30:45","slug":"kombinovat-polnohospodarske-3d-mechanicke-drevene-puzzle","status":"publish","type":"product","link":"https:\/\/puzzle3d.co\/sk\/prodotto\/combina-agricola-puzzle-3d-meccanico-in-legno\/","title":{"rendered":"Combina Agricola - mechanick\u00e9 dreven\u00e9 puzzle, 963 dielikov"},"content":{"rendered":"<div>\n<p><strong>Po\u013enohospod\u00e1rsky kombajn - Mechanick\u00fd dreven\u00fd model - 963 kusov<\/strong><\/p>\n<\/div>\n<div>\n<div>\n<div>Dreven\u00e1 sklada\u010dka kombajnu je podobn\u00e1 skuto\u010dn\u00e9mu kombajnu. Jeho \u00fa\u010delom je fungova\u0165 ako jeho skuto\u010dn\u00fd n\u00e1protivok.<\/div>\n<div>Model m\u00e1 motor s gumov\u00fdm p\u00e1som a odn\u00edmate\u013en\u00e9 rezacie zariadenie, ktor\u00e9 sa pohybuje hore a dole. Je skuto\u010dne fascinuj\u00face obdivova\u0165 ho v pokoji aj v pohybe.<\/div>\n<h2>Dar\u010dek ocenen\u00fd mu\u017emi<\/h2>\n<div>Jeho zostavenie je pote\u0161en\u00edm, ale aj v\u00fdzvou. Postupujte pod\u013ea n\u00e1vodu, nie je to tak\u00e9 zlo\u017eit\u00e9, ako si mysl\u00edte.<\/div>\n<div>Po\u010das stavby za\u017eijete zaru\u010den\u00fa d\u00e1vku adrenal\u00ednu, s\u00fastredenie na detaily, ale aj pr\u00edjemn\u00fd stav relax\u00e1cie.<\/div>\n<div><\/div>\n<div>\u00darove\u0148 n\u00e1ro\u010dnosti je 5 z 5.<\/div>\n<div><\/div>\n<div><strong>Vhodn\u00fd vek &gt; 14 rokov<\/strong><\/div>\n<div><\/div>\n<div><strong>PODROBNOSTI O V\u00ddROBKU:<\/strong><\/div>\n<div>Rozmery modelu: 315*261*145 mm<\/div>\n<div>Rozmery balenia: 375 x 183 x 32 mm<\/div>\n<div>Po\u010det kusov: 963<\/div>\n<\/div>\n<div><\/div>\n<\/div>","protected":false},"excerpt":{"rendered":"<p>Dreven\u00e1 sklada\u010dka kombajnu je podobn\u00e1 skuto\u010dn\u00e9mu kombajnu. Jeho \u00fa\u010delom je fungova\u0165 ako jeho skuto\u010dn\u00fd n\u00e1protivok. Model m\u00e1 motor s gumov\u00fdm p\u00e1som a odn\u00edmate\u013en\u00e9 rezacie zariadenie, ktor\u00e9 sa pohybuje hore a dole.<\/p>","protected":false},"featured_media":798,"comment_status":"open","ping_status":"closed","template":"","meta":[],"product_brand":[],"product_cat":[108,73,88,74,89,90,91],"product_tag":[],"woo-feed-brand":[],"class_list":{"0":"post-796","1":"product","2":"type-product","3":"status-publish","4":"has-post-thumbnail","6":"product_cat-modellismo-da-costruire-per-adulti","7":"product_cat-puzzle-3d","8":"product_cat-puzzle-3d-adulti","9":"product_cat-puzzle-3d-in-legno","10":"product_cat-puzzle-meccanici-3d-in-legno","11":"product_cat-puzzle-meccanici-per-bambini","12":"product_cat-puzzle-meccanici-per-adulti","14":"first","15":"instock","16":"shipping-taxable","17":"purchasable","18":"product-type-simple"},"_links":{"self":[{"href":"https:\/\/puzzle3d.co\/sk\/wp-json\/wp\/v2\/product\/796","targetHints":{"allow":["GET"]}}],"collection":[{"href":"https:\/\/puzzle3d.co\/sk\/wp-json\/wp\/v2\/product"}],"about":[{"href":"https:\/\/puzzle3d.co\/sk\/wp-json\/wp\/v2\/types\/product"}],"replies":[{"embeddable":true,"href":"https:\/\/puzzle3d.co\/sk\/wp-json\/wp\/v2\/comments?post=796"}],"wp:featuredmedia":[{"embeddable":true,"href":"https:\/\/puzzle3d.co\/sk\/wp-json\/wp\/v2\/media\/798"}],"wp:attachment":[{"href":"https:\/\/puzzle3d.co\/sk\/wp-json\/wp\/v2\/media?parent=796"}],"wp:term":[{"taxonomy":"product_brand","embeddable":true,"href":"https:\/\/puzzle3d.co\/sk\/wp-json\/wp\/v2\/product_brand?post=796"},{"taxonomy":"product_cat","embeddable":true,"href":"https:\/\/puzzle3d.co\/sk\/wp-json\/wp\/v2\/product_cat?post=796"},{"taxonomy":"product_tag","embeddable":true,"href":"https:\/\/puzzle3d.co\/sk\/wp-json\/wp\/v2\/product_tag?post=796"},{"taxonomy":"woo-feed-brand","embeddable":true,"href":"https:\/\/puzzle3d.co\/sk\/wp-json\/wp\/v2\/woo-feed-brand?post=796"}],"curies":[{"name":"wp","href":"https:\/\/api.w.org\/{rel}","templated":true}]}}