{"id":787,"date":"2023-01-24T12:02:30","date_gmt":"2023-01-24T12:02:30","guid":{"rendered":"https:\/\/puzzle3d.co\/product\/belaz75600-puzzle-3d-mecanic-copy\/"},"modified":"2025-05-11T08:14:31","modified_gmt":"2025-05-11T08:14:31","slug":"3d-mechanicke-drevene-puzzle-s-globusom-393-dielikov","status":"publish","type":"product","link":"https:\/\/puzzle3d.co\/sk\/prodotto\/globo-puzzle-3d-meccanico-legno-393-pezzi\/","title":{"rendered":"GLOBO 3D mechanick\u00e9 dreven\u00e9 puzzle, 393 dielikov"},"content":{"rendered":"<div>\n<p><strong>GLOBO 3D mechanick\u00e9 dreven\u00e9 puzzle - 393 dielikov<\/strong><\/p>\n<\/div>\n<div>\n<div>\n<div>Dreven\u00fd gl\u00f3bus je dekorat\u00edvny a vzdel\u00e1vac\u00ed prvok, ktor\u00fd vzbud\u00ed z\u00e1ujem o spozn\u00e1vanie sveta.<\/div>\n<div>\u010ci u\u017e ste dospel\u00fd alebo die\u0165a, gl\u00f3bus v\u00e1s nem\u00f4\u017ee nefascinova\u0165, najm\u00e4 ak ho zostav\u00edte vlastn\u00fdmi rukami.<\/div>\n<div>Je to dokonal\u00e1 v\u00fdzva pre mozog, ale aj pr\u00edle\u017eitos\u0165 na medit\u00e1ciu a zamyslenie.<\/div>\n<div>Tajn\u00e1 schr\u00e1nka je rovnako u\u017eito\u010dn\u00e1 ako zauj\u00edmav\u00e1. Hodinky, prste\u0148, k\u013e\u00fa\u010d, cukr\u00edk: kto uh\u00e1dne, \u010do sa v nej skr\u00fdva?<\/div>\n<h2>Inteligentn\u00fd dar\u010dek pre ka\u017ed\u00e9ho<\/h2>\n<div>Zhroma\u017edite ho s bl\u00edzkym priate\u013eom a rozpr\u00e1vajte sa s n\u00edm o nie\u010dom z du\u0161e alebo mu povedzte, \u017ee \u017eivot je v jeho ruk\u00e1ch. Povzbudzujte ho, aby spr\u00e1vnymi rozhodnutiami mohlo obsiahnu\u0165 cel\u00fa zem.<\/div>\n<div><\/div>\n<div><strong>PODROBNOSTI O V\u00ddROBKU:<\/strong><\/div>\n<div>Rozmery modelu: 505*320*320 mm<\/div>\n<div>Rozmery balenia: 374 x 242 x 64 mm<\/div>\n<div>Po\u010det kusov: 393<\/div>\n<\/div>\n<\/div>","protected":false},"excerpt":{"rendered":"<p>Dreven\u00fd gl\u00f3bus je dekorat\u00edvny a vzdel\u00e1vac\u00ed prvok, ktor\u00fd vzbud\u00ed z\u00e1ujem o spozn\u00e1vanie sveta.<\/p>","protected":false},"featured_media":789,"comment_status":"open","ping_status":"closed","template":"","meta":[],"product_brand":[],"product_cat":[73,88,74,76,89,90,91],"product_tag":[],"woo-feed-brand":[],"class_list":{"0":"post-787","1":"product","2":"type-product","3":"status-publish","4":"has-post-thumbnail","6":"product_cat-puzzle-3d","7":"product_cat-puzzle-3d-adulti","8":"product_cat-puzzle-3d-in-legno","9":"product_cat-puzzle-3d-per-bambini","10":"product_cat-puzzle-meccanici-3d-in-legno","11":"product_cat-puzzle-meccanici-per-bambini","12":"product_cat-puzzle-meccanici-per-adulti","14":"first","15":"instock","16":"shipping-taxable","17":"purchasable","18":"product-type-simple"},"_links":{"self":[{"href":"https:\/\/puzzle3d.co\/sk\/wp-json\/wp\/v2\/product\/787","targetHints":{"allow":["GET"]}}],"collection":[{"href":"https:\/\/puzzle3d.co\/sk\/wp-json\/wp\/v2\/product"}],"about":[{"href":"https:\/\/puzzle3d.co\/sk\/wp-json\/wp\/v2\/types\/product"}],"replies":[{"embeddable":true,"href":"https:\/\/puzzle3d.co\/sk\/wp-json\/wp\/v2\/comments?post=787"}],"wp:featuredmedia":[{"embeddable":true,"href":"https:\/\/puzzle3d.co\/sk\/wp-json\/wp\/v2\/media\/789"}],"wp:attachment":[{"href":"https:\/\/puzzle3d.co\/sk\/wp-json\/wp\/v2\/media?parent=787"}],"wp:term":[{"taxonomy":"product_brand","embeddable":true,"href":"https:\/\/puzzle3d.co\/sk\/wp-json\/wp\/v2\/product_brand?post=787"},{"taxonomy":"product_cat","embeddable":true,"href":"https:\/\/puzzle3d.co\/sk\/wp-json\/wp\/v2\/product_cat?post=787"},{"taxonomy":"product_tag","embeddable":true,"href":"https:\/\/puzzle3d.co\/sk\/wp-json\/wp\/v2\/product_tag?post=787"},{"taxonomy":"woo-feed-brand","embeddable":true,"href":"https:\/\/puzzle3d.co\/sk\/wp-json\/wp\/v2\/woo-feed-brand?post=787"}],"curies":[{"name":"wp","href":"https:\/\/api.w.org\/{rel}","templated":true}]}}