{"id":775,"date":"2023-01-23T22:33:39","date_gmt":"2023-01-23T22:33:39","guid":{"rendered":"https:\/\/puzzle3d.co\/product\/belaz-puzzle-3d-mecanic-copy\/"},"modified":"2025-06-11T19:11:18","modified_gmt":"2025-06-11T19:11:18","slug":"obrovsky-kamion-belaz-3d-mechanicke-puzzle","status":"publish","type":"product","link":"https:\/\/puzzle3d.co\/sk\/prodotto\/camion-gigantesco-belaz-puzzle-meccanico-3d\/","title":{"rendered":"N\u00e1kladn\u00e9 vozidlo BELAZ Giant Truck 75600. Mechanick\u00fd dreven\u00fd model, 307 kusov"},"content":{"rendered":"<div>\n<div>\n<div><strong>BELAZ Giant Truck 75600 - 3D mechanick\u00e9 dreven\u00e9 puzzle - 307 dielikov<\/strong><\/div>\n<div><\/div>\n<div>Jeden z v\u00fdnimo\u010dn\u00fdch modelov s\u00e9rie Belaz v\u00e1s ohrom\u00ed svojou kon\u0161trukciou.<\/div>\n<div>\u0164a\u017ekoton\u00e1\u017ene n\u00e1kladn\u00e9 vozidlo m\u00e1 motor poh\u00e1\u0148an\u00fd gumov\u00fdm p\u00e1som. S jedn\u00fdm<\/div>\n<div>pohyb, m\u00f4\u017ee sa pohybova\u0165 nieko\u013eko metrov (v z\u00e1vislosti od povrchu vozovky).<\/div>\n<div><\/div>\n<div>Podrobn\u00fd dizajn obsahuje v\u0161etky prvky svojho skuto\u010dn\u00e9ho n\u00e1protivku. Dvere a kapota sa otv\u00e1raj\u00fa a pr\u00edves sa zdv\u00edha.<\/div>\n<h2>Dar\u010dek pre nad\u0161encov n\u00e1kladn\u00fdch vozidiel a stavebn\u00edctva<\/h2>\n<div>Je to model vhodn\u00fd pre ambici\u00f3zneho \u010dloveka alebo nad\u0161enca, ktor\u00fd u\u017e m\u00e1 nejak\u00e9 sk\u00fasenosti s mechanick\u00fdmi sklada\u010dkami.<\/div>\n<div>S trochou trpezlivosti a vytrvalosti zostavte n\u00e1kladn\u00e9 auto, ktor\u00e9 up\u00fata pozornos\u0165 a obdiv t\u00fdch, ktor\u00ed k v\u00e1m pr\u00eddu na n\u00e1v\u0161tevu.<\/div>\n<div><\/div>\n<\/div>\n<div style=\"width: 1020px;\" class=\"wp-video\"><video class=\"wp-video-shortcode\" id=\"video-775-1\" width=\"1020\" height=\"574\" preload=\"metadata\" controls=\"controls\"><source type=\"video\/mp4\" src=\"https:\/\/puzzle3d.co\/wp-content\/uploads\/2023\/01\/BELAZ-75600-IG.mp4?_=1\" \/><a href=\"https:\/\/puzzle3d.co\/wp-content\/uploads\/2023\/01\/BELAZ-75600-IG.mp4\">https:\/\/puzzle3d.co\/wp-content\/uploads\/2023\/01\/BELAZ-75600-IG.mp4<\/a><\/video><\/div>\n<div>\n<p><strong><span style=\"color: #333333;\">PODROBNOSTI O V\u00ddROBKU:<br \/>\n<\/span><\/strong><span style=\"color: #333333;\">Rozmery modelu: 310*200*155 mm<br \/>\n<\/span><span style=\"color: #333333;\">Rozmery balenia: 374*243*40 mm<br \/>\n<\/span><span style=\"color: #333333;\">Po\u010det kusov: 307<\/span><\/p>\n<\/div>\n<\/div>\n<div>\n<div><\/div>\n<\/div>","protected":false},"excerpt":{"rendered":"<div>\u0164a\u017ekoton\u00e1\u017eny n\u00e1kladn\u00fd automobil m\u00e1 motor poh\u00e1\u0148an\u00fd gumov\u00fdm p\u00e1som. Detailn\u00fd dizajn obsahuje v\u0161etky prvky jeho skuto\u010dn\u00e9ho n\u00e1protivku. Dvere a kapota sa otv\u00e1raj\u00fa a pr\u00edves sa zdv\u00edha<\/div>\n<p>&nbsp;<\/p>","protected":false},"featured_media":785,"comment_status":"open","ping_status":"closed","template":"","meta":[],"product_brand":[],"product_cat":[73,88,76,89,90,91],"product_tag":[],"woo-feed-brand":[],"class_list":{"0":"post-775","1":"product","2":"type-product","3":"status-publish","4":"has-post-thumbnail","6":"product_cat-puzzle-3d","7":"product_cat-puzzle-3d-adulti","8":"product_cat-puzzle-3d-per-bambini","9":"product_cat-puzzle-meccanici-3d-in-legno","10":"product_cat-puzzle-meccanici-per-bambini","11":"product_cat-puzzle-meccanici-per-adulti","13":"first","14":"instock","15":"shipping-taxable","16":"purchasable","17":"product-type-simple"},"_links":{"self":[{"href":"https:\/\/puzzle3d.co\/sk\/wp-json\/wp\/v2\/product\/775","targetHints":{"allow":["GET"]}}],"collection":[{"href":"https:\/\/puzzle3d.co\/sk\/wp-json\/wp\/v2\/product"}],"about":[{"href":"https:\/\/puzzle3d.co\/sk\/wp-json\/wp\/v2\/types\/product"}],"replies":[{"embeddable":true,"href":"https:\/\/puzzle3d.co\/sk\/wp-json\/wp\/v2\/comments?post=775"}],"wp:featuredmedia":[{"embeddable":true,"href":"https:\/\/puzzle3d.co\/sk\/wp-json\/wp\/v2\/media\/785"}],"wp:attachment":[{"href":"https:\/\/puzzle3d.co\/sk\/wp-json\/wp\/v2\/media?parent=775"}],"wp:term":[{"taxonomy":"product_brand","embeddable":true,"href":"https:\/\/puzzle3d.co\/sk\/wp-json\/wp\/v2\/product_brand?post=775"},{"taxonomy":"product_cat","embeddable":true,"href":"https:\/\/puzzle3d.co\/sk\/wp-json\/wp\/v2\/product_cat?post=775"},{"taxonomy":"product_tag","embeddable":true,"href":"https:\/\/puzzle3d.co\/sk\/wp-json\/wp\/v2\/product_tag?post=775"},{"taxonomy":"woo-feed-brand","embeddable":true,"href":"https:\/\/puzzle3d.co\/sk\/wp-json\/wp\/v2\/woo-feed-brand?post=775"}],"curies":[{"name":"wp","href":"https:\/\/api.w.org\/{rel}","templated":true}]}}