{"id":766,"date":"2023-01-23T21:53:35","date_gmt":"2023-01-23T21:53:35","guid":{"rendered":"https:\/\/puzzle3d.co\/product\/belaz-puzzle-3d-mecanic-copy\/"},"modified":"2025-06-11T19:11:26","modified_gmt":"2025-06-11T19:11:26","slug":"snehove-auto-3d-mechanicke-drevene-puzzle","status":"publish","type":"product","link":"https:\/\/puzzle3d.co\/sk\/prodotto\/camion-della-neve-puzzle-meccanico-3d-in-legno\/","title":{"rendered":"Sne\u017en\u00e9 auto - mechanick\u00e9 dreven\u00e9 puzzle, 460 dielikov"},"content":{"rendered":"<div>\n<p><strong>Sne\u017en\u00e9 auto - mechanick\u00e9 dreven\u00e9 puzzle - 460 dielikov<\/strong><\/p>\n<div>\u0164a\u017eko poveda\u0165, \u010do sa v\u00e1m na n\u00e1kladnom aute so snehovou radlicou bude p\u00e1\u010di\u0165 najviac: \u010di jeho zostavenie, uvedenie do prev\u00e1dzky alebo len obdivovanie toho, ak\u00e9 je fantastick\u00e9.<\/div>\n<\/div>\n<div>\n<div>\n<div>Toto n\u00e1kladn\u00e9 auto obsahuje 417 dreven\u00fdch dielikov puzzle, ktor\u00e9 si m\u00f4\u017ee posklada\u0165 cel\u00e1 rodina.<\/div>\n<div><\/div>\n<div>\u0160tartovac\u00ed mechanizmus je v\u010faka motoru na gumi\u010dke, dvere sa otv\u00e1raj\u00fa a zatv\u00e1raj\u00fa, interi\u00e9r vyzer\u00e1 dobre a zadn\u00fd schod\u00edk sa zdv\u00edha. Predn\u00e9 a bo\u010dn\u00e9 li\u0161ty sa daj\u00fa zdvihn\u00fa\u0165 alebo dokonca odstr\u00e1ni\u0165.<\/div>\n<div><\/div>\n<div>Je to predmet, ktor\u00fd obohat\u00ed v\u00fdzdobu v\u00e1\u0161ho interi\u00e9ru po\u010das Vianoc aj po\u010das cel\u00e9ho roka.<\/div>\n<div>Nechajte svoju predstavivos\u0165 diktova\u0165, \u010do s \u0148ou budete robi\u0165 alebo ako zapadne do scen\u00e1ra detskej hry.<\/div>\n<div><\/div>\n<div><strong>PODROBNOSTI O V\u00ddROBKU:<\/strong><\/div>\n<div>Rozmery modelu: 400*148*141 mm<\/div>\n<div>Rozmery balenia: 374*242*20 mm<\/div>\n<div>Po\u010det kusov: 460<\/div>\n<\/div>\n<div><\/div>\n<\/div>","protected":false},"excerpt":{"rendered":"<div>Toto n\u00e1kladn\u00e9 auto obsahuje 417 dreven\u00fdch dielikov puzzle, ktor\u00e9 si m\u00f4\u017ee posklada\u0165 cel\u00e1 rodina.<\/div>\n<div><\/div>\n<div>\u0160tartovac\u00ed mechanizmus je v\u010faka motoru na gumi\u010dke, dvere sa otv\u00e1raj\u00fa a zatv\u00e1raj\u00fa, interi\u00e9r vyzer\u00e1 dobre a zadn\u00fd schod\u00edk sa zdv\u00edha. Predn\u00e9 a bo\u010dn\u00e9 li\u0161ty sa daj\u00fa zdvihn\u00fa\u0165 alebo dokonca odstr\u00e1ni\u0165.<\/div>","protected":false},"featured_media":771,"comment_status":"open","ping_status":"closed","template":"","meta":[],"product_brand":[],"product_cat":[108,73,88,74,76,89,90,91],"product_tag":[],"woo-feed-brand":[],"class_list":{"0":"post-766","1":"product","2":"type-product","3":"status-publish","4":"has-post-thumbnail","6":"product_cat-modellismo-da-costruire-per-adulti","7":"product_cat-puzzle-3d","8":"product_cat-puzzle-3d-adulti","9":"product_cat-puzzle-3d-in-legno","10":"product_cat-puzzle-3d-per-bambini","11":"product_cat-puzzle-meccanici-3d-in-legno","12":"product_cat-puzzle-meccanici-per-bambini","13":"product_cat-puzzle-meccanici-per-adulti","15":"first","16":"instock","17":"shipping-taxable","18":"purchasable","19":"product-type-simple"},"_links":{"self":[{"href":"https:\/\/puzzle3d.co\/sk\/wp-json\/wp\/v2\/product\/766","targetHints":{"allow":["GET"]}}],"collection":[{"href":"https:\/\/puzzle3d.co\/sk\/wp-json\/wp\/v2\/product"}],"about":[{"href":"https:\/\/puzzle3d.co\/sk\/wp-json\/wp\/v2\/types\/product"}],"replies":[{"embeddable":true,"href":"https:\/\/puzzle3d.co\/sk\/wp-json\/wp\/v2\/comments?post=766"}],"wp:featuredmedia":[{"embeddable":true,"href":"https:\/\/puzzle3d.co\/sk\/wp-json\/wp\/v2\/media\/771"}],"wp:attachment":[{"href":"https:\/\/puzzle3d.co\/sk\/wp-json\/wp\/v2\/media?parent=766"}],"wp:term":[{"taxonomy":"product_brand","embeddable":true,"href":"https:\/\/puzzle3d.co\/sk\/wp-json\/wp\/v2\/product_brand?post=766"},{"taxonomy":"product_cat","embeddable":true,"href":"https:\/\/puzzle3d.co\/sk\/wp-json\/wp\/v2\/product_cat?post=766"},{"taxonomy":"product_tag","embeddable":true,"href":"https:\/\/puzzle3d.co\/sk\/wp-json\/wp\/v2\/product_tag?post=766"},{"taxonomy":"woo-feed-brand","embeddable":true,"href":"https:\/\/puzzle3d.co\/sk\/wp-json\/wp\/v2\/woo-feed-brand?post=766"}],"curies":[{"name":"wp","href":"https:\/\/api.w.org\/{rel}","templated":true}]}}