{"id":755,"date":"2023-01-23T21:00:33","date_gmt":"2023-01-23T21:00:33","guid":{"rendered":"https:\/\/puzzle3d.co\/product\/spider-puzzle-3d-mecanic-copy\/"},"modified":"2025-06-19T18:24:56","modified_gmt":"2025-06-19T18:24:56","slug":"3d-mechanicka-drevena-skladacka-nakladne-auto","status":"publish","type":"product","link":"https:\/\/puzzle3d.co\/sk\/prodotto\/camion-puzzle-3d-meccanico-legno\/","title":{"rendered":"N\u00e1kladn\u00e9 auto BELAZ 75710 3D mechanick\u00e9 dreven\u00e9 puzzle, 453 dielikov"},"content":{"rendered":"<div>\n<p><strong>Najv\u00e4\u010d\u0161ie n\u00e1kladn\u00e9 auto na svete Belaz 75710 - 3D mechanick\u00fd model<\/strong><\/p>\n<div>M\u00e1te pred sebou najv\u00e4\u010d\u0161\u00ed kami\u00f3n na svete! Teraz si m\u00f4\u017ee\u0161 zo sklada\u010dky postavi\u0165 vlastn\u00fd Belaz. Va\u0161a d\u00e1vka adrenal\u00ednu a dopam\u00ednu je zaru\u010den\u00e1.<\/div>\n<\/div>\n<div>\n<div>\n<div><\/div>\n<div><em>\u010co vlastne znamen\u00e1 Belazova mechanick\u00e1 h\u00e1danka?<\/em><\/div>\n<div><\/div>\n<div>Nazna\u010duje, \u017ee m\u00f4\u017eete prija\u0165 v\u00fdzvu zostavi\u0165 najv\u00e4\u010d\u0161iu skl\u00e1pa\u010dku, ak\u00e1 bola kedy vyroben\u00e1.<\/div>\n<div>Va\u0161a trpezlivos\u0165 a s\u00fastredenie bud\u00fa odmenen\u00e9 spokojnos\u0165ou, ktor\u00fa z\u00edskate po spusten\u00ed mechanizmu. N\u00e1kladn\u00e9 vozidlo sa pohybuje v\u010faka dopravn\u00e9mu p\u00e1su, dvere a kapota sa otv\u00e1raj\u00fa a pr\u00edves sa zdv\u00edha.<\/div>\n<div><\/div>\n<div>Je to model, ktor\u00fd zaujme deti aj dospel\u00fdch. S trochou fant\u00e1zie si ho m\u00f4\u017eete dokonca prisp\u00f4sobi\u0165 vyma\u013eovan\u00edm.<\/div>\n<div>Belaz bude ob\u013e\u00faben\u00fdm n\u00e1kladn\u00fdm autom det\u00ed a m\u00f4\u017ee by\u0165 s\u00fa\u010das\u0165ou r\u00f4znych hier, z\u00e1le\u017e\u00ed len na fant\u00e1zii.<\/div>\n<h2>Dar\u010dek pre nad\u0161encov n\u00e1kladn\u00fdch vozidiel a stavebn\u00edctva<\/h2>\n<div>Dospel\u00ed ho m\u00f4\u017eu pou\u017e\u00edva\u0165 ako dekorat\u00edvny predmet v dom\u00e1cnosti alebo kancel\u00e1rii.<\/div>\n<div>Tento obor m\u00e1 v skuto\u010dnosti pribli\u017en\u00fa ve\u013ekos\u0165 trojposchodov\u00e9ho bytov\u00e9ho domu. Je vybaven\u00fd 8 kolesami a ka\u017ed\u00e1 pneumatika m\u00e1 priemer pribli\u017ene 4 metre.<\/div>\n<div>V meste ho nestretnete. Ke\u010f ho treba odviez\u0165 na miesto, kde bude pracova\u0165, rozober\u00fa ho a prevez\u00fa v 25 vag\u00f3noch.<\/div>\n<div>Do jeho pr\u00edvesu sa zmest\u00ed presne 400 vozidiel Dacia Logan alebo najv\u00e4\u010d\u0161ie osobn\u00e9 lietadlo na svete: Airbus A380.<\/div>\n<div><\/div>\n<div><strong>PODROBNOSTI O V\u00ddROBKU:<\/strong><\/div>\n<div>Rozmery modelu: 435*210*175 mm<\/div>\n<div>Rozmery balenia: 375 x 243 x 62 mm<\/div>\n<div>Po\u010det kusov: 453<\/div>\n<\/div>\n<div><\/div>\n<\/div>","protected":false},"excerpt":{"rendered":"<p>M\u00e1te pred sebou najv\u00e4\u010d\u0161\u00ed kami\u00f3n na svete! Teraz si m\u00f4\u017ee\u0161 zo sklada\u010dky zostavi\u0165 vlastn\u00fd Belaz. Kami\u00f3n sa pohybuje v\u010faka dopravn\u00e9mu p\u00e1su, dvere a kapota sa otv\u00e1raj\u00fa a pr\u00edves sa zdv\u00edha.<\/p>","protected":false},"featured_media":759,"comment_status":"open","ping_status":"closed","template":"","meta":{"slim_seo":{"title":"\ud83d\ude9a 3D mechanick\u00e9 dreven\u00e9 puzzle BELAZ truck, 453 dielikov","description":"Najv\u00e4\u010d\u0161\u00ed kami\u00f3n na svete - m\u00e1te pred sebou najv\u00e4\u010d\u0161\u00ed kami\u00f3n na svete! Teraz si m\u00f4\u017ee\u0161 zo sklada\u010dky zostavi\u0165 vlastn\u00fd Belaz."}},"product_brand":[],"product_cat":[89,91,90,73,88,74,76],"product_tag":[],"woo-feed-brand":[],"class_list":{"0":"post-755","1":"product","2":"type-product","3":"status-publish","4":"has-post-thumbnail","6":"product_cat-puzzle-meccanici-3d-in-legno","7":"product_cat-puzzle-meccanici-per-adulti","8":"product_cat-puzzle-meccanici-per-bambini","9":"product_cat-puzzle-3d","10":"product_cat-puzzle-3d-adulti","11":"product_cat-puzzle-3d-in-legno","12":"product_cat-puzzle-3d-per-bambini","14":"first","15":"instock","16":"shipping-taxable","17":"purchasable","18":"product-type-simple"},"_links":{"self":[{"href":"https:\/\/puzzle3d.co\/sk\/wp-json\/wp\/v2\/product\/755","targetHints":{"allow":["GET"]}}],"collection":[{"href":"https:\/\/puzzle3d.co\/sk\/wp-json\/wp\/v2\/product"}],"about":[{"href":"https:\/\/puzzle3d.co\/sk\/wp-json\/wp\/v2\/types\/product"}],"replies":[{"embeddable":true,"href":"https:\/\/puzzle3d.co\/sk\/wp-json\/wp\/v2\/comments?post=755"}],"wp:featuredmedia":[{"embeddable":true,"href":"https:\/\/puzzle3d.co\/sk\/wp-json\/wp\/v2\/media\/759"}],"wp:attachment":[{"href":"https:\/\/puzzle3d.co\/sk\/wp-json\/wp\/v2\/media?parent=755"}],"wp:term":[{"taxonomy":"product_brand","embeddable":true,"href":"https:\/\/puzzle3d.co\/sk\/wp-json\/wp\/v2\/product_brand?post=755"},{"taxonomy":"product_cat","embeddable":true,"href":"https:\/\/puzzle3d.co\/sk\/wp-json\/wp\/v2\/product_cat?post=755"},{"taxonomy":"product_tag","embeddable":true,"href":"https:\/\/puzzle3d.co\/sk\/wp-json\/wp\/v2\/product_tag?post=755"},{"taxonomy":"woo-feed-brand","embeddable":true,"href":"https:\/\/puzzle3d.co\/sk\/wp-json\/wp\/v2\/woo-feed-brand?post=755"}],"curies":[{"name":"wp","href":"https:\/\/api.w.org\/{rel}","templated":true}]}}