{"id":731,"date":"2023-01-23T17:25:32","date_gmt":"2023-01-23T17:25:32","guid":{"rendered":"https:\/\/puzzle3d.co\/product\/autospeciala-de-pompieri-copy\/"},"modified":"2025-06-19T18:25:58","modified_gmt":"2025-06-19T18:25:58","slug":"3d-mechanicke-puzzle-246-dielikov-steniatko","status":"publish","type":"product","link":"https:\/\/puzzle3d.co\/sk\/prodotto\/cucciolo-puzzle-3d-meccanico-246-pezzi\/","title":{"rendered":"PUPPY puppy - mechanick\u00e9 dreven\u00e9 puzzle, 246 dielikov"},"content":{"rendered":"<div><strong>\u0160te\u0148a \"PUPPY\" - 3D mechanick\u00e9 dreven\u00e9 puzzle\/model na zostavenie - 246 dielikov<\/strong><\/div>\n<div><\/div>\n<div>Toto je 3D mechanick\u00e9 dreven\u00e9 moello v\u00e1\u0161ho vern\u00e9ho priate\u013ea Puppy. Dobrodru\u017estvo, v\u010faka ktor\u00e9mu ho posklad\u00e1te z 246 dielikov, bude nezabudnute\u013en\u00e9.<\/div>\n<div>Postupujte pod\u013ea n\u00e1vodu a postupne zostavte u\u0161i, labky a chvost. Kon\u0161trukt\u00e9ri ve\u013emi starostlivo premysleli, ako ho zostavi\u0165 tak, aby v\u0161etky k\u013aby a pohyby pripom\u00ednali skuto\u010dn\u00e9 psy.<\/div>\n<div><\/div>\n<div>M\u00f4\u017eete ho natrie\u0165 alebo necha\u0165 vo farbe dreva, m\u00f4\u017eete ho nazva\u0165 Puppy alebo mu da\u0165 in\u00e9 meno. M\u00f4\u017eete sa o\u0148 slobodne stara\u0165 a milova\u0165 ho ako skuto\u010dn\u00e9 dom\u00e1ce zvieratko.<\/div>\n<div><\/div>\n<h2>Dar\u010dek pre milovn\u00edkov zvierat<\/h2>\n<div>Je rados\u0165 sklada\u0165 puzzle, z ktor\u00fdch sa stane tak\u00e9 roztomil\u00e9 \u0161teniatko. Tak\u017ee ke\u010f chcete obdarova\u0165 die\u0165a alebo dospel\u00e9ho, ktor\u00fd miluje psov, u\u017e viete, \u010do by bolo vhodn\u00e9.<\/div>\n<div><\/div>\n<div><strong>PODROBNOSTI O V\u00ddROBKU:<\/strong><\/div>\n<div>Rozmery modelu: 285*175*95 mm<\/div>\n<div>Rozmery balenia: 245*188*30 mm<\/div>\n<div>Po\u010det kusov: 246<\/div>","protected":false},"excerpt":{"rendered":"<p>Toto je Puppy, v\u00e1\u0161 vern\u00fd priate\u013e. Kon\u0161trukt\u00e9ri ve\u013emi starostlivo prem\u00fd\u0161\u013eali, ako ho vytvori\u0165 tak, aby sa v\u0161etky k\u013aby a pohyby podobali skuto\u010dn\u00e9mu psovi.<\/p>","protected":false},"featured_media":737,"comment_status":"open","ping_status":"closed","template":"","meta":[],"product_brand":[],"product_cat":[73,88,74,76,89,90,91],"product_tag":[],"woo-feed-brand":[],"class_list":{"0":"post-731","1":"product","2":"type-product","3":"status-publish","4":"has-post-thumbnail","6":"product_cat-puzzle-3d","7":"product_cat-puzzle-3d-adulti","8":"product_cat-puzzle-3d-in-legno","9":"product_cat-puzzle-3d-per-bambini","10":"product_cat-puzzle-meccanici-3d-in-legno","11":"product_cat-puzzle-meccanici-per-bambini","12":"product_cat-puzzle-meccanici-per-adulti","14":"first","15":"instock","16":"shipping-taxable","17":"purchasable","18":"product-type-simple"},"_links":{"self":[{"href":"https:\/\/puzzle3d.co\/sk\/wp-json\/wp\/v2\/product\/731","targetHints":{"allow":["GET"]}}],"collection":[{"href":"https:\/\/puzzle3d.co\/sk\/wp-json\/wp\/v2\/product"}],"about":[{"href":"https:\/\/puzzle3d.co\/sk\/wp-json\/wp\/v2\/types\/product"}],"replies":[{"embeddable":true,"href":"https:\/\/puzzle3d.co\/sk\/wp-json\/wp\/v2\/comments?post=731"}],"wp:featuredmedia":[{"embeddable":true,"href":"https:\/\/puzzle3d.co\/sk\/wp-json\/wp\/v2\/media\/737"}],"wp:attachment":[{"href":"https:\/\/puzzle3d.co\/sk\/wp-json\/wp\/v2\/media?parent=731"}],"wp:term":[{"taxonomy":"product_brand","embeddable":true,"href":"https:\/\/puzzle3d.co\/sk\/wp-json\/wp\/v2\/product_brand?post=731"},{"taxonomy":"product_cat","embeddable":true,"href":"https:\/\/puzzle3d.co\/sk\/wp-json\/wp\/v2\/product_cat?post=731"},{"taxonomy":"product_tag","embeddable":true,"href":"https:\/\/puzzle3d.co\/sk\/wp-json\/wp\/v2\/product_tag?post=731"},{"taxonomy":"woo-feed-brand","embeddable":true,"href":"https:\/\/puzzle3d.co\/sk\/wp-json\/wp\/v2\/woo-feed-brand?post=731"}],"curies":[{"name":"wp","href":"https:\/\/api.w.org\/{rel}","templated":true}]}}