{"id":694,"date":"2023-01-23T14:19:26","date_gmt":"2023-01-23T14:19:26","guid":{"rendered":"https:\/\/puzzle3d.co\/product\/black-cat-copy\/"},"modified":"2025-06-11T19:12:00","modified_gmt":"2025-06-11T19:12:00","slug":"3d-mechanicke-drevene-korytnacie-puzzle","status":"publish","type":"product","link":"https:\/\/puzzle3d.co\/sk\/prodotto\/tartaruga-puzzle-meccanico-3d-in-legno\/","title":{"rendered":"\u017delva - 3D mechanick\u00e9 dreven\u00e9 puzzle, 269 dielikov"},"content":{"rendered":"<div>\n<p><em><strong>\u017delva - 3D mechanick\u00e9 dreven\u00e9 puzzle, 269 dielikov<\/strong><\/em><\/p>\n<\/div>\n<div>\n<div>\n<div>\u010co viete o korytna\u010dke?<\/div>\n<div><\/div>\n<div>Je to jeden z najstar\u0161\u00edch a najprimit\u00edvnej\u0161\u00edch plazov, ktor\u00fd dok\u00e1\u017ee odol\u00e1va\u0165 ak\u00e9muko\u013evek podnebiu. Vyskytuje sa nielen v Antarkt\u00edde. V poslednom \u010dase si ho mnoh\u00ed \u013eudia ob\u013e\u00fabili nato\u013eko, \u017ee si ho adoptovali ako dom\u00e1ce zvieratko.<\/div>\n<div><\/div>\n<div>Po\u010das mont\u00e1\u017ee za\u017eijete stav pokoja a mieru, ktor\u00fd je vhodn\u00fd na na\u010derpanie nov\u00fdch s\u00edl.<\/div>\n<div><\/div>\n<div>Nakoniec spustite mechanizmus a \u017eabka sa za\u010dne h\u00fdba\u0165, ot\u00e1\u010da\u0165 hlavou do\u013eava a doprava a l\u00e1skyplne sa na v\u00e1s pozera\u0165.<\/div>\n<div>Je tak\u00e1 kr\u00e1sna, \u017ee sa budete \u0165a\u017eko rozhodova\u0165, \u010di ju necha\u0165 v odtieni dreva, alebo ju natrie\u0165.<\/div>\n<h2>Dar\u010dek pre milovn\u00edkov zvierat<\/h2>\n<div><strong>PODROBNOSTI O V\u00ddROBKU:<\/strong><\/div>\n<div>Rozmery modelu: 223*165*116 mm<\/div>\n<div>Ve\u013ekos\u0165 balenia: 245*188*30<\/div>\n<div>Po\u010det kusov: 269<\/div>\n<\/div>\n<\/div>","protected":false},"excerpt":{"rendered":"<div>\n<div>\u017delva - 3D mechanick\u00e9 puzzle<\/div>\n<div><\/div>\n<div>Jednoduch\u00e1 mont\u00e1\u017e a z\u00e1bava pri hre! A nakoniec spustite mechanizmus a \u017eabka sa bude h\u00fdba\u0165, ot\u00e1\u010da\u0165 hlavou do\u013eava a doprava a l\u00e1skyplne sa na v\u00e1s pozera\u0165.<\/div>\n<\/div>\n<p>&nbsp;<\/p>","protected":false},"featured_media":687,"comment_status":"open","ping_status":"closed","template":"","meta":{"slim_seo":{"title":"\ud83d\udc22 \u017delva - 3D mechanick\u00e9 dreven\u00e9 puzzle, 269 dielikov","description":"\u017delva - 3D mechanick\u00e9 dreven\u00e9 puzzle. Zapnite mechanizmus a \u017eabka sa bude pohybova\u0165, ot\u00e1\u010da\u0165 hlavou do\u013eava a doprava a l\u00e1skyplne sa na v\u00e1s pozera\u0165."}},"product_brand":[],"product_cat":[89,91,90,73,76],"product_tag":[],"woo-feed-brand":[],"class_list":{"0":"post-694","1":"product","2":"type-product","3":"status-publish","4":"has-post-thumbnail","6":"product_cat-puzzle-meccanici-3d-in-legno","7":"product_cat-puzzle-meccanici-per-adulti","8":"product_cat-puzzle-meccanici-per-bambini","9":"product_cat-puzzle-3d","10":"product_cat-puzzle-3d-per-bambini","12":"first","13":"instock","14":"shipping-taxable","15":"purchasable","16":"product-type-simple"},"_links":{"self":[{"href":"https:\/\/puzzle3d.co\/sk\/wp-json\/wp\/v2\/product\/694","targetHints":{"allow":["GET"]}}],"collection":[{"href":"https:\/\/puzzle3d.co\/sk\/wp-json\/wp\/v2\/product"}],"about":[{"href":"https:\/\/puzzle3d.co\/sk\/wp-json\/wp\/v2\/types\/product"}],"replies":[{"embeddable":true,"href":"https:\/\/puzzle3d.co\/sk\/wp-json\/wp\/v2\/comments?post=694"}],"wp:featuredmedia":[{"embeddable":true,"href":"https:\/\/puzzle3d.co\/sk\/wp-json\/wp\/v2\/media\/687"}],"wp:attachment":[{"href":"https:\/\/puzzle3d.co\/sk\/wp-json\/wp\/v2\/media?parent=694"}],"wp:term":[{"taxonomy":"product_brand","embeddable":true,"href":"https:\/\/puzzle3d.co\/sk\/wp-json\/wp\/v2\/product_brand?post=694"},{"taxonomy":"product_cat","embeddable":true,"href":"https:\/\/puzzle3d.co\/sk\/wp-json\/wp\/v2\/product_cat?post=694"},{"taxonomy":"product_tag","embeddable":true,"href":"https:\/\/puzzle3d.co\/sk\/wp-json\/wp\/v2\/product_tag?post=694"},{"taxonomy":"woo-feed-brand","embeddable":true,"href":"https:\/\/puzzle3d.co\/sk\/wp-json\/wp\/v2\/woo-feed-brand?post=694"}],"curies":[{"name":"wp","href":"https:\/\/api.w.org\/{rel}","templated":true}]}}