{"id":588,"date":"2023-01-18T23:04:09","date_gmt":"2023-01-18T23:04:09","guid":{"rendered":"https:\/\/puzzle3d.co\/?post_type=product&#038;p=588"},"modified":"2025-05-11T08:12:38","modified_gmt":"2025-05-11T08:12:38","slug":"lietadlo-3d-mechanicke-drevene-puzzle","status":"publish","type":"product","link":"https:\/\/puzzle3d.co\/sk\/prodotto\/aereo-puzzle-meccanico-3d-in-legno\/","title":{"rendered":"AIRCRAFT - 3D mechanick\u00e9 dreven\u00e9 puzzle - 346 dielikov"},"content":{"rendered":"<div><strong>AIRCRAFT - 3D mechanick\u00e9 dreven\u00e9 puzzle, 346 dielikov<\/strong><\/div>\n<div><\/div>\n<div>V\u0161etci fan\u00fa\u0161ikovia letectva, technol\u00f3gi\u00ed, r\u00fdchlosti, robotiky bud\u00fa s\u00fahlasi\u0165 s tvrden\u00edm: \"Toto lietadlo je naozaj \u00fa\u017easn\u00e9!\"<\/div>\n<div><\/div>\n<div>M\u00e1te u\u017e zbalen\u00e9 kufre? Zaba\u013ete si poriadnu z\u00e1sobu zrnkovej k\u00e1vy, preto\u017ee cesta je dlh\u00e1. Na palube za\u010d\u00edname s 346 dielikmi sklada\u010dky a v\u0161etky s\u00fa vyroben\u00e9 z dreva. Ak si so sebou vezmete tubu lepidla, budete pokutovan\u00ed. Ale ani t\u00fa nebudete potrebova\u0165. V\u0161etky dieliky s\u00fa toti\u017e tak dokonal\u00e9, \u017ee do seba dokonale zapadaj\u00fa a s\u00fa stabiln\u00e9. Jazdu si u\u017eijete v\u010faka motoru na gumi\u010dku.<\/div>\n<div><\/div>\n<div>Koho poz\u00fdvate so sebou? Neexistuje vekov\u00e1 skupina ani pohlavie, ktor\u00e9 by mohlo ignorova\u0165 stavbu mechanick\u00e9ho puzzle lietadla. Vyvol\u00e1va to to\u013eko adrenal\u00ednu, \u017ee si sadnete a prem\u00fd\u0161\u013eate, \u010do je lep\u0161ie: skuto\u010dnos\u0165, \u017ee v\u00e1s \u010dakaj\u00fa stovky s\u00fa\u010diastok a hodiny pr\u00e1ce, alebo lietadlo v pohybe a jedine\u010dn\u00fd z\u00e1\u017eitok, ktor\u00fd sa za n\u00edm skr\u00fdva.<\/div>\n<div><\/div>\n<div>Pravdepodobne v\u00e1s zauj\u00edma, ko\u013eko hod\u00edn pr\u00e1ce si vy\u017eaduje zostavenie 346 dielov. Najzauj\u00edmavej\u0161ie je, \u017ee to nikto nevie. Z\u00e1vis\u00ed to od mnoh\u00fdch faktorov: od toho, ko\u013eko partnerov m\u00e1te so sebou, od va\u0161ich a ich sk\u00fasenost\u00ed so sklada\u010dkami, najm\u00e4 s mechanikou, od toho, ako \u010dasto si rob\u00edte prest\u00e1vky a ako dlho to trv\u00e1. Jedno v\u0161ak vieme: nepon\u00e1h\u013eajte sa s t\u00fdm \u010do najr\u00fdchlej\u0161ie. Rados\u0165 si \"natiahnite\", preto\u017ee sa e\u0161te dostanete do momentu, ke\u010f na\u0161tartujete motor.<\/div>\n<div><\/div>\n<div>Po\u010das editovania si v\u0161imnete, ak\u00fd je to dobr\u00fd pocit s\u00fastredi\u0165 sa, h\u013eada\u0165 k\u00fasok, ktor\u00fd m\u00e1te pocit, \u017ee u\u017e nem\u00f4\u017eete n\u00e1js\u0165, a to a\u017e tak, \u017ee ho m\u00e1te priamo pod rukou. Nieko\u013eko hod\u00edn dobrej koncentr\u00e1cie prin\u00fati v\u00e1\u0161 mozog pracova\u0165 oboma hemisf\u00e9rami s\u00fa\u010dasne. Vychutn\u00e1te si pocit uvo\u013enenia a bude to dobr\u00e1 pr\u00edle\u017eitos\u0165 na medit\u00e1ciu.<\/div>\n<div><\/div>\n<div>Mechanick\u00e9 lietadlo je rados\u0165ou pre v\u0161etk\u00fdch nad\u0161encov sklada\u010diek, ale aj pre t\u00fdch, ktor\u00ed toto hobby s mnoh\u00fdmi v\u00fdhodami zanedbali. M\u00f4\u017eete pote\u0161i\u0165 die\u0165a, dospel\u00e9ho a dokonca aj star\u00e9ho \u010dloveka, ktor\u00fd bude pred rozkladan\u00edm dielikov netrpezlivo vola\u0165 svoje vn\u00fa\u010dat\u00e1. Je vhodn\u00e1 nielen pre men\u0161ie deti, ale od 4 rokov sa aj ony m\u00f4\u017eu sta\u0165 spo\u013eahliv\u00fdmi partnermi pri skladan\u00ed lietadiel.<\/div>\n<div><\/div>\n<div>A odtia\u013e u\u017e sk\u00fasen\u00e9mu pilotovi nezost\u00e1va ve\u013ea pr\u00e1ce...<\/div>\n<div><\/div>\n<div><strong>PODROBNOSTI O V\u00ddROBKU:<\/strong><\/div>\n<div>Rozmery modelu: 420*287*154 mm<\/div>\n<div>Rozmery balenia: 245*188*38 mm<\/div>\n<div>Po\u010det kusov: 346<\/div>\n<div>Mont\u00e1\u017e bez lepidla.<\/div>","protected":false},"excerpt":{"rendered":"<p>Ste pripraven\u00ed lieta\u0165?<br \/>\nMechanick\u00e9 lietadlo je rados\u0165ou pre v\u0161etk\u00fdch fan\u00fa\u0161ikov lietania, lietadiel a predov\u0161etk\u00fdm h\u00e1daniek. Chcete vlastn\u00e9 lietadlo? Vedzte, \u017ee je to jednoduch\u0161ie, ako ste si predstavovali.<br \/>\nS 346 dielikmi puzzle na palube v\u00e1m uk\u00e1\u017ee, \u017ee s vytrvalos\u0165ou a trpezlivos\u0165ou m\u00f4\u017eete dosiahnu\u0165 v\u00fd\u0161in. Jej skladanie je skuto\u010dnou v\u00fdzvou pre mozog, ktor\u00e1 v\u00e1m syntetizuje dopam\u00edn a spr\u00edjemn\u00ed proces aj kone\u010dn\u00fd produkt.<\/p>","protected":false},"featured_media":592,"comment_status":"open","ping_status":"closed","template":"","meta":[],"product_brand":[],"product_cat":[73,88,74,76,89,91],"product_tag":[],"woo-feed-brand":[],"class_list":{"0":"post-588","1":"product","2":"type-product","3":"status-publish","4":"has-post-thumbnail","6":"product_cat-puzzle-3d","7":"product_cat-puzzle-3d-adulti","8":"product_cat-puzzle-3d-in-legno","9":"product_cat-puzzle-3d-per-bambini","10":"product_cat-puzzle-meccanici-3d-in-legno","11":"product_cat-puzzle-meccanici-per-adulti","13":"first","14":"instock","15":"shipping-taxable","16":"purchasable","17":"product-type-simple"},"_links":{"self":[{"href":"https:\/\/puzzle3d.co\/sk\/wp-json\/wp\/v2\/product\/588","targetHints":{"allow":["GET"]}}],"collection":[{"href":"https:\/\/puzzle3d.co\/sk\/wp-json\/wp\/v2\/product"}],"about":[{"href":"https:\/\/puzzle3d.co\/sk\/wp-json\/wp\/v2\/types\/product"}],"replies":[{"embeddable":true,"href":"https:\/\/puzzle3d.co\/sk\/wp-json\/wp\/v2\/comments?post=588"}],"wp:featuredmedia":[{"embeddable":true,"href":"https:\/\/puzzle3d.co\/sk\/wp-json\/wp\/v2\/media\/592"}],"wp:attachment":[{"href":"https:\/\/puzzle3d.co\/sk\/wp-json\/wp\/v2\/media?parent=588"}],"wp:term":[{"taxonomy":"product_brand","embeddable":true,"href":"https:\/\/puzzle3d.co\/sk\/wp-json\/wp\/v2\/product_brand?post=588"},{"taxonomy":"product_cat","embeddable":true,"href":"https:\/\/puzzle3d.co\/sk\/wp-json\/wp\/v2\/product_cat?post=588"},{"taxonomy":"product_tag","embeddable":true,"href":"https:\/\/puzzle3d.co\/sk\/wp-json\/wp\/v2\/product_tag?post=588"},{"taxonomy":"woo-feed-brand","embeddable":true,"href":"https:\/\/puzzle3d.co\/sk\/wp-json\/wp\/v2\/woo-feed-brand?post=588"}],"curies":[{"name":"wp","href":"https:\/\/api.w.org\/{rel}","templated":true}]}}