{"id":553,"date":"2023-01-18T11:36:30","date_gmt":"2023-01-18T11:36:30","guid":{"rendered":"https:\/\/puzzle3d.co\/?post_type=product&#038;p=553"},"modified":"2025-05-11T08:10:21","modified_gmt":"2025-05-11T08:10:21","slug":"drevena-mapa-sveta-127-dielikov","status":"publish","type":"product","link":"https:\/\/puzzle3d.co\/sk\/prodotto\/puzzle-in-legno-mappa-del-mondo-127-pezzi\/","title":{"rendered":"Dreven\u00e9 n\u00e1stenn\u00e9 planisf\u00e9ry 'Smoky Dreams' 127 kusov, L\/M\/S"},"content":{"rendered":"<div><strong>Dreven\u00e9 n\u00e1stenn\u00e9 planisf\u00e9ry 'Smoky Dreams' 127 kusov<\/strong><\/div>\n<div><\/div>\n<div>Trojvrstvov\u00e1 z\u00e1vesn\u00e1 mapa sveta od spolo\u010dnosti EWA Eco-Wood-Art na mont\u00e1\u017e. Mont\u00e1\u017e sa vykon\u00e1va pomocou lepidla. Mont\u00e1\u017e na stenu mo\u017eno vykona\u0165 pomocou obojstrannej lepiacej p\u00e1sky. Puzzle a n\u00e1vod na mont\u00e1\u017e sa dod\u00e1vaj\u00fa s obojstrannou lepiacou p\u00e1skou a lepidlom. Na po\u017eiadanie je k dispoz\u00edcii v 3 ve\u013ekostiach (S, M, L) a 5 farb\u00e1ch (Modr\u00e1 fant\u00e1zia, Nedotknut\u00fd svet, Smaragdov\u00e1 plan\u00e9ta, Dymov\u00e9 sny, \u010coko svet).<\/div>\n<div><\/div>\n<div><strong>PODROBNOSTI O V\u00ddROBKU:<\/strong><\/div>\n<div>Ve\u013ekos\u0165 modelu L: 1920*1050*12 mm<\/div>\n<div>Rozmery modelu M: 1440*790*12 mm<\/div>\n<div>Rozmery modelu S: 1000*550*12 mm<\/div>\n<div>Rozmery balenia: 500*385*56 mm<\/div>\n<div><strong>Po\u010det kusov: 127<\/strong><\/div>\n<div><\/div>\n<div><\/div>\n<div>Mont\u00e1\u017e pomocou lepidla a obojstrannej p\u00e1sky (dod\u00e1va sa v balen\u00ed).<\/div>","protected":false},"excerpt":{"rendered":"<p>Trojvrstvov\u00e1 z\u00e1vesn\u00e1 dreven\u00e1 n\u00e1stenn\u00e1 planisf\u00e9ra EWA Eco-Wood-Art na mont\u00e1\u017e.<\/p>","protected":false},"featured_media":567,"comment_status":"open","ping_status":"closed","template":"","meta":[],"product_brand":[],"product_cat":[68],"product_tag":[],"woo-feed-brand":[],"class_list":{"0":"post-553","1":"product","2":"type-product","3":"status-publish","4":"has-post-thumbnail","6":"product_cat-mappamondo-da-parete-in-legno","8":"first","9":"instock","10":"shipping-taxable","11":"purchasable","12":"product-type-variable"},"_links":{"self":[{"href":"https:\/\/puzzle3d.co\/sk\/wp-json\/wp\/v2\/product\/553","targetHints":{"allow":["GET"]}}],"collection":[{"href":"https:\/\/puzzle3d.co\/sk\/wp-json\/wp\/v2\/product"}],"about":[{"href":"https:\/\/puzzle3d.co\/sk\/wp-json\/wp\/v2\/types\/product"}],"replies":[{"embeddable":true,"href":"https:\/\/puzzle3d.co\/sk\/wp-json\/wp\/v2\/comments?post=553"}],"wp:featuredmedia":[{"embeddable":true,"href":"https:\/\/puzzle3d.co\/sk\/wp-json\/wp\/v2\/media\/567"}],"wp:attachment":[{"href":"https:\/\/puzzle3d.co\/sk\/wp-json\/wp\/v2\/media?parent=553"}],"wp:term":[{"taxonomy":"product_brand","embeddable":true,"href":"https:\/\/puzzle3d.co\/sk\/wp-json\/wp\/v2\/product_brand?post=553"},{"taxonomy":"product_cat","embeddable":true,"href":"https:\/\/puzzle3d.co\/sk\/wp-json\/wp\/v2\/product_cat?post=553"},{"taxonomy":"product_tag","embeddable":true,"href":"https:\/\/puzzle3d.co\/sk\/wp-json\/wp\/v2\/product_tag?post=553"},{"taxonomy":"woo-feed-brand","embeddable":true,"href":"https:\/\/puzzle3d.co\/sk\/wp-json\/wp\/v2\/woo-feed-brand?post=553"}],"curies":[{"name":"wp","href":"https:\/\/api.w.org\/{rel}","templated":true}]}}