{"id":541,"date":"2023-01-18T09:13:26","date_gmt":"2023-01-18T09:13:26","guid":{"rendered":"https:\/\/puzzle3d.co\/product\/mapa-lumii-choco-world-copy\/"},"modified":"2025-05-11T08:10:37","modified_gmt":"2025-05-11T08:10:37","slug":"nastenna-planisfera","status":"publish","type":"product","link":"https:\/\/puzzle3d.co\/sk\/prodotto\/planisfero-da-parete\/","title":{"rendered":"Smaragdov\u00e1 plan\u00e9ta' n\u00e1stenn\u00e1 planisf\u00e9ra 127 kusov"},"content":{"rendered":"<div><strong>N\u00e1stenn\u00e1 dreven\u00e1 planisf\u00e9ra<\/strong><\/div>\n<div><\/div>\n<div>Trojvrstvov\u00e1 z\u00e1vesn\u00e1 mapa sveta od spolo\u010dnosti EWA Eco-Wood-Art na mont\u00e1\u017e. Mont\u00e1\u017e sa vykon\u00e1va pomocou lepidla. Mont\u00e1\u017e na stenu mo\u017eno vykona\u0165 pomocou obojstrannej lepiacej p\u00e1sky. Puzzle a n\u00e1vod na mont\u00e1\u017e sa dod\u00e1vaj\u00fa s obojstrannou lepiacou p\u00e1skou a lepidlom. Na po\u017eiadanie je k dispoz\u00edcii v 3 ve\u013ekostiach (S, M, L) a 5 farb\u00e1ch (Modr\u00e1 fant\u00e1zia, Nedotknut\u00fd svet, Smaragdov\u00e1 plan\u00e9ta, Dymov\u00e9 sny, \u010coko svet).<\/div>\n<div><\/div>\n<div><strong>PODROBNOSTI O V\u00ddROBKU:<\/strong><\/div>\n<div>Ve\u013ekos\u0165 modelu L: 1920*1050*12 mm<\/div>\n<div>Rozmery modelu M: 1440*790*12 mm<\/div>\n<div>Rozmery modelu S: 1000*550*12 mm<\/div>\n<div>Rozmery balenia: 500*385*56 mm<\/div>\n<div>Po\u010det kusov: 127<\/div>\n<div><\/div>\n<div>Mont\u00e1\u017e pomocou lepidla a obojstrannej p\u00e1sky (dod\u00e1va sa v balen\u00ed).<\/div>\n<p>{<br \/>\n\"@context\": \"https:\/\/schema.org\/\",<br \/>\n\"@type\": \"Product\",<br \/>\n\"@id\": \"https:\/\/puzzle3d.co\/prodotto\/planisfero-da-parete\/\",<br \/>\n\"url\": \"https:\/\/puzzle3d.co\/prodotto\/planisfero-da-parete\/\",<br \/>\n\"n\u00e1zov\": \"Trojvrstvov\u00e1 zavesen\u00e1 dreven\u00e1 n\u00e1stenn\u00e1 planisf\u00e9ra\",<br \/>\n\"image\": \"https:\/\/puzzle3d.co\/wp-content\/uploads\/2023\/01\/Emerald-Planet1w.webp\",<br \/>\n\"description\": \"Trojvrstvov\u00e1 z\u00e1vesn\u00e1 dreven\u00e1 n\u00e1stenn\u00e1 planisf\u00e9ra na mont\u00e1\u017e \"urob si s\u00e1m\". Dreven\u00e1 sklada\u010dka \"Smaragdov\u00e1 plan\u00e9ta\", 127 dielikov, k dispoz\u00edcii vo ve\u013ekej \/ strednej \/ malej ve\u013ekosti.\",<br \/>\n\"zna\u010dka\": {<br \/>\n\"@type\": \"Brand\",<br \/>\n\"name\": \"Puzzle3D.co\".<br \/>\n},<br \/>\n\"aggregateRating\": {<br \/>\n\"@type\": \"AggregateRating\",<br \/>\n\"bestRating\": \"5\",<br \/>\n\"worstRating\": \"1\",<br \/>\n\"ratingCount\": \"278\",<br \/>\n\"ratingValue\": \"4.8\".<br \/>\n}<br \/>\n}<\/p>","protected":false},"excerpt":{"rendered":"<p>Trojvrstvov\u00e1 z\u00e1vesn\u00e1 mapa sveta od spolo\u010dnosti EWA Eco-Wood-Art na zostavenie.<\/p>","protected":false},"featured_media":575,"comment_status":"open","ping_status":"closed","template":"","meta":[],"product_brand":[],"product_cat":[68],"product_tag":[],"woo-feed-brand":[],"class_list":{"0":"post-541","1":"product","2":"type-product","3":"status-publish","4":"has-post-thumbnail","6":"product_cat-mappamondo-da-parete-in-legno","8":"first","9":"instock","10":"shipping-taxable","11":"purchasable","12":"product-type-variable"},"_links":{"self":[{"href":"https:\/\/puzzle3d.co\/sk\/wp-json\/wp\/v2\/product\/541","targetHints":{"allow":["GET"]}}],"collection":[{"href":"https:\/\/puzzle3d.co\/sk\/wp-json\/wp\/v2\/product"}],"about":[{"href":"https:\/\/puzzle3d.co\/sk\/wp-json\/wp\/v2\/types\/product"}],"replies":[{"embeddable":true,"href":"https:\/\/puzzle3d.co\/sk\/wp-json\/wp\/v2\/comments?post=541"}],"wp:featuredmedia":[{"embeddable":true,"href":"https:\/\/puzzle3d.co\/sk\/wp-json\/wp\/v2\/media\/575"}],"wp:attachment":[{"href":"https:\/\/puzzle3d.co\/sk\/wp-json\/wp\/v2\/media?parent=541"}],"wp:term":[{"taxonomy":"product_brand","embeddable":true,"href":"https:\/\/puzzle3d.co\/sk\/wp-json\/wp\/v2\/product_brand?post=541"},{"taxonomy":"product_cat","embeddable":true,"href":"https:\/\/puzzle3d.co\/sk\/wp-json\/wp\/v2\/product_cat?post=541"},{"taxonomy":"product_tag","embeddable":true,"href":"https:\/\/puzzle3d.co\/sk\/wp-json\/wp\/v2\/product_tag?post=541"},{"taxonomy":"woo-feed-brand","embeddable":true,"href":"https:\/\/puzzle3d.co\/sk\/wp-json\/wp\/v2\/woo-feed-brand?post=541"}],"curies":[{"name":"wp","href":"https:\/\/api.w.org\/{rel}","templated":true}]}}