{"id":171,"date":"2014-07-06T10:43:57","date_gmt":"2014-07-06T10:43:57","guid":{"rendered":"http:\/\/flatsome.dev\/?post_type=product&#038;p=8263"},"modified":"2025-06-11T18:51:53","modified_gmt":"2025-06-11T18:51:53","slug":"dreveny-nastenny-globus-2","status":"publish","type":"product","link":"https:\/\/puzzle3d.co\/sk\/prodotto\/mappamondo-legno-parete-in-legno\/","title":{"rendered":"3D mapa sveta z hned\u00e9ho dreva"},"content":{"rendered":"<div><strong>Mapa sveta - hned\u00e9 dreven\u00e9 3D puzzle 'Choco World' 127 dielikov<\/strong><\/div>\n<div><\/div>\n<div>Trojvrstvov\u00fd dreven\u00fd z\u00e1vesn\u00fd gl\u00f3bus EWA Eco-Wood-Art na mont\u00e1\u017e. Mont\u00e1\u017e sa vykon\u00e1va pomocou lepidla. Mont\u00e1\u017e na stenu mo\u017eno vykona\u0165 pomocou obojstrannej lepiacej p\u00e1sky. Puzzle a n\u00e1vod na mont\u00e1\u017e s\u00fa dod\u00e1van\u00e9 s obojstrannou lepiacou p\u00e1skou a lepidlom. Na po\u017eiadanie je k dispoz\u00edcii v 3 ve\u013ekostiach (S, M, L) a 5 farb\u00e1ch (Modr\u00e1 fant\u00e1zia, Nedotknut\u00fd svet, Smaragdov\u00e1 plan\u00e9ta, Dymov\u00e9 sny, \u010coko svet).<\/div>\n<div><\/div>\n<div>Mont\u00e1\u017e pomocou lepidla a obojstrannej p\u00e1sky (dod\u00e1va sa v balen\u00ed).<\/div>","protected":false},"excerpt":{"rendered":"<div>Trojvrstvov\u00e1 zavesen\u00e1 mapa sveta na zostavenie.<\/div>\n<p>&nbsp;<\/p>","protected":false},"featured_media":579,"comment_status":"open","ping_status":"closed","template":"","meta":[],"product_brand":[],"product_cat":[68],"product_tag":[],"woo-feed-brand":[],"class_list":{"0":"post-171","1":"product","2":"type-product","3":"status-publish","4":"has-post-thumbnail","6":"product_cat-mappamondo-da-parete-in-legno","8":"first","9":"outofstock","10":"shipping-taxable","11":"purchasable","12":"product-type-variable"},"_links":{"self":[{"href":"https:\/\/puzzle3d.co\/sk\/wp-json\/wp\/v2\/product\/171","targetHints":{"allow":["GET"]}}],"collection":[{"href":"https:\/\/puzzle3d.co\/sk\/wp-json\/wp\/v2\/product"}],"about":[{"href":"https:\/\/puzzle3d.co\/sk\/wp-json\/wp\/v2\/types\/product"}],"replies":[{"embeddable":true,"href":"https:\/\/puzzle3d.co\/sk\/wp-json\/wp\/v2\/comments?post=171"}],"wp:featuredmedia":[{"embeddable":true,"href":"https:\/\/puzzle3d.co\/sk\/wp-json\/wp\/v2\/media\/579"}],"wp:attachment":[{"href":"https:\/\/puzzle3d.co\/sk\/wp-json\/wp\/v2\/media?parent=171"}],"wp:term":[{"taxonomy":"product_brand","embeddable":true,"href":"https:\/\/puzzle3d.co\/sk\/wp-json\/wp\/v2\/product_brand?post=171"},{"taxonomy":"product_cat","embeddable":true,"href":"https:\/\/puzzle3d.co\/sk\/wp-json\/wp\/v2\/product_cat?post=171"},{"taxonomy":"product_tag","embeddable":true,"href":"https:\/\/puzzle3d.co\/sk\/wp-json\/wp\/v2\/product_tag?post=171"},{"taxonomy":"woo-feed-brand","embeddable":true,"href":"https:\/\/puzzle3d.co\/sk\/wp-json\/wp\/v2\/woo-feed-brand?post=171"}],"curies":[{"name":"wp","href":"https:\/\/api.w.org\/{rel}","templated":true}]}}