{"id":1466,"date":"2023-03-08T12:47:30","date_gmt":"2023-03-08T12:47:30","guid":{"rendered":"https:\/\/puzzle3d.co\/product\/tractor-puzzle-mecanic-din-lemn-358-piese-copy\/"},"modified":"2026-01-19T10:27:03","modified_gmt":"2026-01-19T10:27:03","slug":"mechanicke-drevene-puzzle-s-traktorom-342-dielikov","status":"publish","type":"product","link":"https:\/\/puzzle3d.co\/sk\/prodotto\/trattore-puzzle-meccanico-legno-342-pezzi\/","title":{"rendered":"Dreven\u00fd mekanick\u00fd model traktora na zostavenie - 342 dielikov"},"content":{"rendered":"<div>\n<p><strong>Traktor \u2013  Model mechanick\u00e9ho dreven\u00e9ho traktora na zostavenie \u2013 342 dielov<\/strong><\/p>\n<div>\n<div>Je nespr\u00e1vne myslie\u0165 si, \u017ee traktory s\u00fa len pre chlapcov a mu\u017eov.<\/div>\n<div><\/div>\n<div>Po zostaven\u00ed tohto modelu ho budete vn\u00edma\u0165 ako skuto\u010dn\u00e9 umeleck\u00e9 dielo. A materi\u00e1l, z ktor\u00e9ho s\u00fa dieliky sklada\u010dky vyroben\u00e9, drevo, v\u00e1m uk\u00e1\u017ee svoju skuto\u010dn\u00fa hodnotu.<\/div>\n<div><\/div>\n<div>Motor s gumov\u00fdm p\u00e1som umo\u017e\u0148uje jeho pohyb, otv\u00e1ranie dver\u00ed a kapoty. Traktor vyzer\u00e1 e\u0161te lep\u0161ie ved\u013ea pr\u00edvesu, ktor\u00fd je k dispoz\u00edcii ako samostatn\u00fd model.<\/div>\n<div><\/div>\n<div>\u013dahko sa pripevn\u00ed k traktoru pomocou h\u00e1ku a pomocou p\u00e1ky sa otv\u00e1ra presne ako skuto\u010dn\u00fd pr\u00edves.<\/div>\n<div><\/div>\n<div>Je to univerz\u00e1lny dar\u010dek, ktor\u00fd ocen\u00ed die\u0165a aj dospel\u00fd. Tento model zaujme v\u0161etk\u00fdch milovn\u00edkov sklada\u010diek a remesiel.<\/div>\n<div><\/div>\n<div>S\u00faprava je estetick\u00e1 a m\u00f4\u017ee by\u0165 origin\u00e1lnym dekorat\u00edvnym predmetom. Napl\u0148te pr\u00edves tr\u00e1vou, vetvi\u010dkami, k\u00e1vov\u00fdmi zrnami alebo \u010d\u00edmko\u013evek, \u010do v\u00e1s napadne.<\/div>\n<div><\/div>\n<div>Deti si zamiluj\u00fa traktor a pr\u00edves z ob\u013e\u00fabenej hry Farma, ale vymyslia aj nov\u00e9 hry.<\/div>\n<div>Potom zostavte, hrajte sa, obdivujte a vytv\u00e1rajte spomienky okolo traktora a pr\u00edvesu.<\/div>\n<div><\/div>\n<div><\/div>\n<div><strong>PODROBNOSTI O V\u00ddROBKU:<\/strong><\/div>\n<div>Rozmery modelu: 282*136*175 mm<\/div>\n<div>Rozmery balenia: 375 x 243 x 30 mm<\/div>\n<div>Po\u010det kusov: 342<\/div>\n<\/div>\n<\/div>","protected":false},"excerpt":{"rendered":"<p>Motor s gumov\u00fdm p\u00e1som umo\u017e\u0148uje pohyb, otv\u00e1ranie dver\u00ed a kapoty.<\/p>","protected":false},"featured_media":1469,"comment_status":"open","ping_status":"closed","template":"","meta":{"slim_seo":{"title":"\ud83d\ude9c Dreven\u00fd mekanick\u00fd model traktora na stavbu","description":"Mekanick\u00fd model traktora - motor s gumi\u010dkou umo\u017e\u0148uje pohyb, otv\u00e1ranie dver\u00ed a kapoty. Traktor vyzer\u00e1 e\u0161te lep\u0161ie ved\u013ea pr\u00edvesu, ktor\u00fd je k dispoz\u00edcii ako samostatn\u00fd model."}},"product_brand":[],"product_cat":[108,89,91,90,73,88,74,76],"product_tag":[],"woo-feed-brand":[],"class_list":{"0":"post-1466","1":"product","2":"type-product","3":"status-publish","4":"has-post-thumbnail","6":"product_cat-modellismo-da-costruire-per-adulti","7":"product_cat-puzzle-meccanici-3d-in-legno","8":"product_cat-puzzle-meccanici-per-adulti","9":"product_cat-puzzle-meccanici-per-bambini","10":"product_cat-puzzle-3d","11":"product_cat-puzzle-3d-adulti","12":"product_cat-puzzle-3d-in-legno","13":"product_cat-puzzle-3d-per-bambini","15":"first","16":"instock","17":"shipping-taxable","18":"purchasable","19":"product-type-simple"},"_links":{"self":[{"href":"https:\/\/puzzle3d.co\/sk\/wp-json\/wp\/v2\/product\/1466","targetHints":{"allow":["GET"]}}],"collection":[{"href":"https:\/\/puzzle3d.co\/sk\/wp-json\/wp\/v2\/product"}],"about":[{"href":"https:\/\/puzzle3d.co\/sk\/wp-json\/wp\/v2\/types\/product"}],"replies":[{"embeddable":true,"href":"https:\/\/puzzle3d.co\/sk\/wp-json\/wp\/v2\/comments?post=1466"}],"wp:featuredmedia":[{"embeddable":true,"href":"https:\/\/puzzle3d.co\/sk\/wp-json\/wp\/v2\/media\/1469"}],"wp:attachment":[{"href":"https:\/\/puzzle3d.co\/sk\/wp-json\/wp\/v2\/media?parent=1466"}],"wp:term":[{"taxonomy":"product_brand","embeddable":true,"href":"https:\/\/puzzle3d.co\/sk\/wp-json\/wp\/v2\/product_brand?post=1466"},{"taxonomy":"product_cat","embeddable":true,"href":"https:\/\/puzzle3d.co\/sk\/wp-json\/wp\/v2\/product_cat?post=1466"},{"taxonomy":"product_tag","embeddable":true,"href":"https:\/\/puzzle3d.co\/sk\/wp-json\/wp\/v2\/product_tag?post=1466"},{"taxonomy":"woo-feed-brand","embeddable":true,"href":"https:\/\/puzzle3d.co\/sk\/wp-json\/wp\/v2\/woo-feed-brand?post=1466"}],"curies":[{"name":"wp","href":"https:\/\/api.w.org\/{rel}","templated":true}]}}