{"id":1454,"date":"2023-03-08T11:51:26","date_gmt":"2023-03-08T11:51:26","guid":{"rendered":"https:\/\/puzzle3d.co\/product\/angrenajul-planetar-puzzle-mecanic-din-lemn-153-piese-copy\/"},"modified":"2026-01-02T05:29:01","modified_gmt":"2026-01-02T05:29:01","slug":"mechanicke-drevene-puzzle-s-traktorom-358-dielikov","status":"publish","type":"product","link":"https:\/\/puzzle3d.co\/sk\/prodotto\/trattore-puzzle-meccanico-in-legno-358-pezzi\/","title":{"rendered":"Traktor - Mechanick\u00e9 dreven\u00e9 puzzle, 358 dielikov"},"content":{"rendered":"<div>\n<p><strong>Model traktora - Mechanick\u00e9 dreven\u00e9 puzzle, 358 dielikov<\/strong><\/p>\n<div><\/div>\n<\/div>\n<div>\n<div>\n<div>Skoro r\u00e1no, e\u0161te pred svitan\u00edm, farm\u00e1r na\u0161tartuje traktor.<\/div>\n<div><\/div>\n<div>Vie, \u017ee traktor je nevyhnutn\u00fd na jeho pr\u00e1cu a na to, aby mohol u\u017eivi\u0165 svoju farmu a rodinu. Jeho hlasn\u00fd zvuk prebud\u00ed deti, ktor\u00e9 e\u0161te st\u00e1le sn\u00edvaj\u00fa o zaja\u010dikoch, ale \u010doskoro op\u00e4\u0165 zaspia.<\/div>\n<div><\/div>\n<div>Ke\u010f traktor odch\u00e1dza smerom k farme, z domu je st\u00e1le po\u010du\u0165 hlasn\u00fd zvuk motora a kolies zmie\u0161an\u00fd s pachom nafty.<\/div>\n<div><\/div>\n<div>Na okraji \u010derstvo zasiateho p\u0161eni\u010dn\u00e9ho po\u013ea o\u017e\u00edva farma. Hluk traktora sa tu u\u017e mie\u0161a so \u0161tebotom vt\u00e1kov a posolstvom dobr\u00e9ho r\u00e1na od milovan\u00fdch zvierat a vytv\u00e1ra zvl\u00e1\u0161tnu harm\u00f3niu.<\/div>\n<div><\/div>\n<div>Po nak\u0155men\u00ed zvierat sa farm\u00e1r pohne s traktorom a vr\u00e1ti sa na po\u013en\u00fa cestu. Teraz jazd\u00ed na \u010fal\u0161ie pole, ktor\u00e9 s ve\u013ekou l\u00e1skou zasial. Na tomto poli bude r\u00e1s\u0165 kukurica. Farm\u00e1r je svojmu traktoru v\u010fa\u010dn\u00fd, preto\u017ee m\u00f4\u017ee nak\u0155mi\u0165 svoju rodinu a hospod\u00e1rske zvierat\u00e1.<\/div>\n<div><\/div>\n<div>Traktor tak mo\u017eno pova\u017eova\u0165 za prvok modernej technol\u00f3gie, ktor\u00fd priate\u013esky spolupracuje s pr\u00edrodou a prisp\u00f4sobuje sa potreb\u00e1m \u010dloveka a zvierat.<\/div>\n<div><\/div>\n<div>Tento n\u00e1dhern\u00fd traktor pozost\u00e1vaj\u00faci z 358 dreven\u00fdch dielikov puzzle pote\u0161\u00ed v\u0161etk\u00fdch milovn\u00edkov vozidiel, puzzle a fan\u00fa\u0161ikov vidieckeho \u017eivota.<\/div>\n<div><\/div>\n<div>Deti ho s rados\u0165ou za\u010dlenia do svojich stavebn\u00fdch alebo po\u013enohospod\u00e1rskych hier.<\/div>\n<div><\/div>\n<div>Je to ako skuto\u010dn\u00fd miniat\u00farny traktor. E\u0161te kraj\u0161\u00ed je, ak sa odvol\u00e1me na drevo, z ktor\u00e9ho je vyroben\u00fd. Traktor sa pohybuje dopredu a dozadu a koles\u00e1 sa m\u00f4\u017eu ot\u00e1\u010da\u0165 sprava do\u013eava. Kapota sa otv\u00e1ra a vidno \u0161tyri valce, ktor\u00e9 premie\u0148aj\u00fa tepeln\u00fa energiu na mechanick\u00fa. Otv\u00e1raj\u00fa sa aj dvere a nastupovanie do traktora u\u013eah\u010duj\u00fa schody. Sal\u00f3n je in\u0161pirovan\u00fd skuto\u010dn\u00fdmi modelmi, tak\u017ee nie je mo\u017en\u00e9 si tento model nezamilova\u0165. Vrcholom bude na\u0161tartovanie traktora pomocou gumov\u00e9ho motora. Do sal\u00f3nu vlo\u017ete gurm\u00e1nsku \u010dokol\u00e1du a po\u0161lite ju milovanej osobe prostredn\u00edctvom vozidla.<\/div>\n<div><\/div>\n<div>Je to kr\u00e1sny dekorat\u00edvny predmet do detskej izby, ale aj do ob\u00fdva\u010dky alebo kancel\u00e1rie. Bude p\u00fata\u0165 pozornos\u0165 a bez osvetlenia dlho nevydr\u017e\u00ed.<\/div>\n<div><\/div>\n<div>Zostavte ho spolu s die\u0165a\u0165om, rodinou alebo priate\u013emi a za\u017eite e\u0161te lep\u0161\u00ed z\u00e1\u017eitok!<\/div>\n<div><\/div>\n<div><strong>PODROBNOSTI O V\u00ddROBKU:<\/strong><\/div>\n<div>Rozmery modelu: 315*173*207 mm<\/div>\n<div>Rozmery balenia: 375 x 243 x 43 mm<\/div>\n<div><strong>Po\u010det kusov: 358<\/strong><\/div>\n<\/div>\n<div><\/div>\n<\/div>","protected":false},"excerpt":{"rendered":"<p>Je to ako skuto\u010dn\u00fd miniat\u00farny traktor. E\u0161te kraj\u0161\u00ed je, ak sa odvol\u00e1me na drevo, z ktor\u00e9ho je vyroben\u00fd.<\/p>","protected":false},"featured_media":1457,"comment_status":"open","ping_status":"closed","template":"","meta":[],"product_brand":[],"product_cat":[73,88,74,76,89,90,91],"product_tag":[],"woo-feed-brand":[],"class_list":{"0":"post-1454","1":"product","2":"type-product","3":"status-publish","4":"has-post-thumbnail","6":"product_cat-puzzle-3d","7":"product_cat-puzzle-3d-adulti","8":"product_cat-puzzle-3d-in-legno","9":"product_cat-puzzle-3d-per-bambini","10":"product_cat-puzzle-meccanici-3d-in-legno","11":"product_cat-puzzle-meccanici-per-bambini","12":"product_cat-puzzle-meccanici-per-adulti","14":"first","15":"instock","16":"shipping-taxable","17":"purchasable","18":"product-type-simple"},"_links":{"self":[{"href":"https:\/\/puzzle3d.co\/sk\/wp-json\/wp\/v2\/product\/1454","targetHints":{"allow":["GET"]}}],"collection":[{"href":"https:\/\/puzzle3d.co\/sk\/wp-json\/wp\/v2\/product"}],"about":[{"href":"https:\/\/puzzle3d.co\/sk\/wp-json\/wp\/v2\/types\/product"}],"replies":[{"embeddable":true,"href":"https:\/\/puzzle3d.co\/sk\/wp-json\/wp\/v2\/comments?post=1454"}],"wp:featuredmedia":[{"embeddable":true,"href":"https:\/\/puzzle3d.co\/sk\/wp-json\/wp\/v2\/media\/1457"}],"wp:attachment":[{"href":"https:\/\/puzzle3d.co\/sk\/wp-json\/wp\/v2\/media?parent=1454"}],"wp:term":[{"taxonomy":"product_brand","embeddable":true,"href":"https:\/\/puzzle3d.co\/sk\/wp-json\/wp\/v2\/product_brand?post=1454"},{"taxonomy":"product_cat","embeddable":true,"href":"https:\/\/puzzle3d.co\/sk\/wp-json\/wp\/v2\/product_cat?post=1454"},{"taxonomy":"product_tag","embeddable":true,"href":"https:\/\/puzzle3d.co\/sk\/wp-json\/wp\/v2\/product_tag?post=1454"},{"taxonomy":"woo-feed-brand","embeddable":true,"href":"https:\/\/puzzle3d.co\/sk\/wp-json\/wp\/v2\/woo-feed-brand?post=1454"}],"curies":[{"name":"wp","href":"https:\/\/api.w.org\/{rel}","templated":true}]}}