{"id":1441,"date":"2023-03-08T11:10:44","date_gmt":"2023-03-08T11:10:44","guid":{"rendered":"https:\/\/puzzle3d.co\/product\/triceratops-puzzle-mecanic-din-lemn-283-piese-copy\/"},"modified":"2026-01-19T16:26:02","modified_gmt":"2026-01-19T16:26:02","slug":"mechanicke-puzzle-s-planetovym-prevodom-drevo-153-dielikov","status":"publish","type":"product","link":"https:\/\/puzzle3d.co\/sk\/prodotto\/ingranaggio-planetario-puzzle-meccanico-legno-153-pezzi\/","title":{"rendered":"Mechanick\u00e9 dreven\u00e9 puzzle s planet\u00e1rnym prevodom, 153 dielikov"},"content":{"rendered":"<div>\n<p>Mechanick\u00e9 dreven\u00e9 puzzle s planet\u00e1rnym prevodom, 153 dielikov<\/p>\n<div>\n<div>Ako \u013eah\u0161ie pochopi\u0165 n\u00e1ro\u010dn\u00e9 aspekty geometrie a fyziky?<\/div>\n<div><\/div>\n<div>A \u010do priestorov\u00fd vz\u0165ah medzi objektmi?<\/div>\n<div><\/div>\n<div>Viem, \u017ee to znie zlo\u017eito, ale s planetov\u00fdm prevodom je to jednoduch\u00e9 a z\u00e1bavn\u00e9.<\/div>\n<div><\/div>\n<div>Zariadenie sa dod\u00e1va s jasn\u00fdm n\u00e1vodom a 153 dreven\u00fdmi dielikmi r\u00f4znych tvarov a ve\u013ekost\u00ed. Jeho zostavovanie bude fascinuj\u00face a ke\u010f model \"o\u017eije\", budete sa te\u0161i\u0165 na okamih, ke\u010f budete m\u00f4c\u0165 na\u0161tartova\u0165 gumov\u00fd motor.<\/div>\n<div><\/div>\n<div>Okrem toho sa pomocou ozuben\u00fdch kolies m\u00f4\u017eete dozvedie\u0165 o strojoch a mechanick\u00fdch zariadeniach, ktor\u00e9 funguj\u00fa na z\u00e1klade s\u00e9rie ozuben\u00fdch kolies ot\u00e1\u010daj\u00facich sa okolo ve\u013ek\u00e9ho centr\u00e1lneho kolesa.<\/div>\n<div><\/div>\n<div>Ani si nedok\u00e1\u017eete predstavi\u0165, ako \u010dasto prich\u00e1dzate do styku s prevodovkou v ka\u017edodennom \u017eivote:<\/div>\n<div><\/div>\n<ul>\n<li>Prevodovka rad\u00ed pod\u013ea prevodov\u00e9ho stup\u0148a;<\/li>\n<li>Na jeho z\u00e1klade sa pri jazde na bicykli pren\u00e1\u0161a sila z ped\u00e1lov na koles\u00e1;<\/li>\n<li>T\u00fdmto mechanizmom sa sp\u00fa\u0161\u0165aj\u00fa motory, \u010derpadl\u00e1 a kompresory v mnoh\u00fdch priemyseln\u00fdch strojoch;<\/li>\n<li>Po\u013enohospod\u00e1rske a stavebn\u00e9 stroje, ako s\u00fa buldoz\u00e9ry, r\u00fdpadl\u00e1, kombajny, traktory a seja\u010dky, by nemohli fungova\u0165 bez n\u00e1radia.<\/li>\n<\/ul>\n<div><\/div>\n<div>Zauj\u00edmav\u00e9 je, \u017ee dreven\u00e9 ozuben\u00e9 koles\u00e1, ktor\u00e9 sa pou\u017e\u00edvaj\u00fa na prenos energie vo vodn\u00fdch \u010derpadl\u00e1ch a pri spracovan\u00ed kovov, poch\u00e1dzaj\u00fa z obdobia 3000 rokov pred na\u0161\u00edm letopo\u010dtom.<\/div>\n<div><\/div>\n<div>Jedn\u00fdm z prv\u00fdch vedcov, ktor\u00ed za\u010dali sk\u00fama\u0165 a ch\u00e1pa\u0165 fungovanie ozuben\u00fdch kolies, bol Leonardo da Vinci v 15. storo\u010d\u00ed. Vyvinul r\u00f4zne typy ozuben\u00fdch kolies a v\u0161imol si, \u017ee pracuj\u00fa ove\u013ea efekt\u00edvnej\u0161ie, ke\u010f sa skladaj\u00fa z viacer\u00fdch zubov.<\/div>\n<div><\/div>\n<div>Puzzle 3Dv\u0161ak poznamenal, \u017ee v t\u00edmoch s bl\u00edzkymi sa zariadenie zostavuje efekt\u00edvnej\u0161ie a zauj\u00edmavo: kde je ich ve\u013ea, tam sa zvy\u0161uje v\u00fdkon!<\/div>\n<div><\/div>\n<div>Je to ide\u00e1lny dar\u010dek pre \u0161kol\u00e1kov, ale aj pre dospel\u00fdch, najm\u00e4 u\u010dite\u013eov. Najm\u00e4 ak je obdarovan\u00fd v\u00e1\u0161niv\u00fdm z\u00e1ujemcom o techniku, fyziku, matematiku alebo jednoducho o hlavolamy.<\/div>\n<div><\/div>\n<div>Po mont\u00e1\u017ei sa m\u00f4\u017eete te\u0161i\u0165 z kr\u00e1sneho dekora\u010dn\u00e9ho k\u00fasku pre v\u00e1\u0161 domov alebo kancel\u00e1riu, ktor\u00fd bude p\u00fata\u0165 pozornos\u0165.<\/div>\n<div><\/div>\n<div><\/div>\n<div>PODROBNOSTI O V\u00ddROBKU:<\/div>\n<div>Rozmery modelu: 247*118*204 mm<\/div>\n<div>Rozmery balenia: 245*188*30 mm<\/div>\n<div>Po\u010det kusov: 153<\/div>\n<\/div>\n<\/div>\n<div>\n<div><\/div>\n<\/div>","protected":false},"excerpt":{"rendered":"<div>Zariadenie sa dod\u00e1va s jasn\u00fdm n\u00e1vodom a 153 dreven\u00fdmi dielikmi r\u00f4znych tvarov a ve\u013ekost\u00ed. Jeho zostavovanie bude fascinuj\u00face a ke\u010f model \"o\u017eije\", budete sa te\u0161i\u0165 na okamih, ke\u010f budete m\u00f4c\u0165 na\u0161tartova\u0165 gumov\u00fd motor.<\/div>\n<p>&nbsp;<\/p>","protected":false},"featured_media":1447,"comment_status":"open","ping_status":"closed","template":"","meta":{"slim_seo":{"title":"Mechanick\u00e9 dreven\u00e9 plan\u00e9tov\u00e9 ozuben\u00e9 koleso, 153 kusov","description":"Planetov\u00fd prevod. Mont\u00e1\u017e bude fascinuj\u00faca a ke\u010f model \"o\u017eije\", budete sa te\u0161i\u0165 na okamih, ke\u010f budete m\u00f4c\u0165 na\u0161tartova\u0165 gumov\u00fd motor."}},"product_brand":[],"product_cat":[89,91,90,73,88,74,76],"product_tag":[],"woo-feed-brand":[],"class_list":{"0":"post-1441","1":"product","2":"type-product","3":"status-publish","4":"has-post-thumbnail","6":"product_cat-puzzle-meccanici-3d-in-legno","7":"product_cat-puzzle-meccanici-per-adulti","8":"product_cat-puzzle-meccanici-per-bambini","9":"product_cat-puzzle-3d","10":"product_cat-puzzle-3d-adulti","11":"product_cat-puzzle-3d-in-legno","12":"product_cat-puzzle-3d-per-bambini","14":"first","15":"instock","16":"shipping-taxable","17":"purchasable","18":"product-type-simple"},"_links":{"self":[{"href":"https:\/\/puzzle3d.co\/sk\/wp-json\/wp\/v2\/product\/1441","targetHints":{"allow":["GET"]}}],"collection":[{"href":"https:\/\/puzzle3d.co\/sk\/wp-json\/wp\/v2\/product"}],"about":[{"href":"https:\/\/puzzle3d.co\/sk\/wp-json\/wp\/v2\/types\/product"}],"replies":[{"embeddable":true,"href":"https:\/\/puzzle3d.co\/sk\/wp-json\/wp\/v2\/comments?post=1441"}],"wp:featuredmedia":[{"embeddable":true,"href":"https:\/\/puzzle3d.co\/sk\/wp-json\/wp\/v2\/media\/1447"}],"wp:attachment":[{"href":"https:\/\/puzzle3d.co\/sk\/wp-json\/wp\/v2\/media?parent=1441"}],"wp:term":[{"taxonomy":"product_brand","embeddable":true,"href":"https:\/\/puzzle3d.co\/sk\/wp-json\/wp\/v2\/product_brand?post=1441"},{"taxonomy":"product_cat","embeddable":true,"href":"https:\/\/puzzle3d.co\/sk\/wp-json\/wp\/v2\/product_cat?post=1441"},{"taxonomy":"product_tag","embeddable":true,"href":"https:\/\/puzzle3d.co\/sk\/wp-json\/wp\/v2\/product_tag?post=1441"},{"taxonomy":"woo-feed-brand","embeddable":true,"href":"https:\/\/puzzle3d.co\/sk\/wp-json\/wp\/v2\/woo-feed-brand?post=1441"}],"curies":[{"name":"wp","href":"https:\/\/api.w.org\/{rel}","templated":true}]}}