{"id":1431,"date":"2023-03-08T10:39:32","date_gmt":"2023-03-08T10:39:32","guid":{"rendered":"https:\/\/puzzle3d.co\/product\/pasare-puzzle-3d-mecanic-copy\/"},"modified":"2026-01-02T05:29:01","modified_gmt":"2026-01-02T05:29:01","slug":"drevene-mechanicke-puzzle-triceratops","status":"publish","type":"product","link":"https:\/\/puzzle3d.co\/sk\/prodotto\/triceratopo-puzzle-meccanico-in-legno\/","title":{"rendered":"Dreven\u00fd mechanick\u00fd model dinosaura Triceratops - 283 kusov"},"content":{"rendered":"<div>\n<p><strong>Dreven\u00fd mechanick\u00fd model dinosaura Triceratops<\/strong> \u2013 <strong>283 kusov<\/strong><\/p>\n<div><\/div>\n<\/div>\n<div>\n<div>\n<div>Pribli\u017ene pred 65-68 mili\u00f3nmi rokov \u017eil na severoamerickom kontinente e\u0161te druh bylino\u017erav\u00e9ho dinosaura s tromi rohmi na tv\u00e1ri - triceratops.<\/div>\n<div><\/div>\n<div>Pr\u00ed\u010dina vyhynutia dinosaurov sa sk\u00fama u\u017e viac ako 100 rokov. Existuj\u00fa len hypot\u00e9zy, ako napr\u00edklad infekcie kost\u00ed, genetick\u00e9 probl\u00e9my, asteroid, ktor\u00fd dopadol na Zem pred 65 mili\u00f3nmi rokov, alebo mohutn\u00e1 sope\u010dn\u00e1 erupcia.<\/div>\n<div><\/div>\n<div>Dinosaury dodnes zauj\u00edmaj\u00fa deti aj dospel\u00fdch.<\/div>\n<div>Teraz m\u00e1te mo\u017enos\u0165 zostavi\u0165 si ho sami a spusti\u0165 ho.<\/div>\n<div><\/div>\n<div>V\u00e1\u0161 prehistorick\u00fd priate\u013e m\u00f4\u017ee h\u00fdba\u0165 hlavou, chvostom a nohami.<\/div>\n<div><\/div>\n<div>Kon\u0161trukt\u00e9ri starostlivo pre\u0161tudovali anat\u00f3miu a dbali na to, aby sa v\u0161etky k\u013aby a pohyby podobali skuto\u010dn\u00e9mu triceratopsovi.<\/div>\n<div><\/div>\n<div><\/div>\n<div><strong>PODROBNOSTI O V\u00ddROBKU:<\/strong><\/div>\n<div>Rozmery modelu: 320*160*105 mm<\/div>\n<div>Rozmery balenia: 245*188*33 mm<\/div>\n<div>Po\u010det kusov: 283<\/div>\n<\/div>\n<div><\/div>\n<\/div>","protected":false},"excerpt":{"rendered":"<div>Dinosaury dodnes zauj\u00edmaj\u00fa deti aj dospel\u00fdch.<br \/>\nTeraz m\u00e1te mo\u017enos\u0165 zostavi\u0165 si ho sami a spusti\u0165 ho.<\/div>\n<p>&nbsp;<\/p>","protected":false},"featured_media":1437,"comment_status":"open","ping_status":"closed","template":"","meta":[],"product_brand":[],"product_cat":[73,88,74,76,89,90,91],"product_tag":[],"woo-feed-brand":[],"class_list":{"0":"post-1431","1":"product","2":"type-product","3":"status-publish","4":"has-post-thumbnail","6":"product_cat-puzzle-3d","7":"product_cat-puzzle-3d-adulti","8":"product_cat-puzzle-3d-in-legno","9":"product_cat-puzzle-3d-per-bambini","10":"product_cat-puzzle-meccanici-3d-in-legno","11":"product_cat-puzzle-meccanici-per-bambini","12":"product_cat-puzzle-meccanici-per-adulti","14":"first","15":"outofstock","16":"shipping-taxable","17":"purchasable","18":"product-type-simple"},"_links":{"self":[{"href":"https:\/\/puzzle3d.co\/sk\/wp-json\/wp\/v2\/product\/1431","targetHints":{"allow":["GET"]}}],"collection":[{"href":"https:\/\/puzzle3d.co\/sk\/wp-json\/wp\/v2\/product"}],"about":[{"href":"https:\/\/puzzle3d.co\/sk\/wp-json\/wp\/v2\/types\/product"}],"replies":[{"embeddable":true,"href":"https:\/\/puzzle3d.co\/sk\/wp-json\/wp\/v2\/comments?post=1431"}],"wp:featuredmedia":[{"embeddable":true,"href":"https:\/\/puzzle3d.co\/sk\/wp-json\/wp\/v2\/media\/1437"}],"wp:attachment":[{"href":"https:\/\/puzzle3d.co\/sk\/wp-json\/wp\/v2\/media?parent=1431"}],"wp:term":[{"taxonomy":"product_brand","embeddable":true,"href":"https:\/\/puzzle3d.co\/sk\/wp-json\/wp\/v2\/product_brand?post=1431"},{"taxonomy":"product_cat","embeddable":true,"href":"https:\/\/puzzle3d.co\/sk\/wp-json\/wp\/v2\/product_cat?post=1431"},{"taxonomy":"product_tag","embeddable":true,"href":"https:\/\/puzzle3d.co\/sk\/wp-json\/wp\/v2\/product_tag?post=1431"},{"taxonomy":"woo-feed-brand","embeddable":true,"href":"https:\/\/puzzle3d.co\/sk\/wp-json\/wp\/v2\/woo-feed-brand?post=1431"}],"curies":[{"name":"wp","href":"https:\/\/api.w.org\/{rel}","templated":true}]}}