{"id":1423,"date":"2023-03-08T09:40:19","date_gmt":"2023-03-08T09:40:19","guid":{"rendered":"https:\/\/puzzle3d.co\/product\/retro-car-puzzle-3d-mecanic-copy\/"},"modified":"2026-01-02T05:29:01","modified_gmt":"2026-01-02T05:29:01","slug":"mechanicke-drevene-puzzle-s-vtakmi","status":"publish","type":"product","link":"https:\/\/puzzle3d.co\/sk\/prodotto\/uccello-puzzle-meccanico-in-legno\/","title":{"rendered":"Vt\u00e1\u010dia dreven\u00e1 krabi\u010dka na \u0161p\u00e1radl\u00e1 - 37 kusov"},"content":{"rendered":"<p><strong>Vt\u00e1k - dreven\u00e1 krabi\u010dka na \u0161p\u00e1radl\u00e1 - 37 kusov<\/strong><\/p>\n<div>\n<div>Mal\u00e9 detaily maj\u00fa ve\u013ek\u00fd v\u00fdznam!<\/div>\n<div><\/div>\n<div>Pre\u010do si radi vyber\u00e1me tie najkraj\u0161ie n\u00e1doby na \u010daj a k\u00e1vu?<\/div>\n<div>Preto\u017ee pote\u0161\u00ed na\u0161e o\u010di a du\u0161u. Vyberte si originalitu v kuchyni a na stole so \u0161peci\u00e1lnou krabi\u010dkou na \u0161p\u00e1radl\u00e1 zdobenou vt\u00e1\u010dikom. M\u00f4\u017eete do nej ulo\u017ei\u0165 aj in\u00e9 drobn\u00e9 predmety, napr\u00edklad prstene, mince alebo milostn\u00e9 odkazy.<\/div>\n<div><\/div>\n<div>M\u00f4\u017eete ho necha\u0165 vo farbe dreva alebo ho natrie\u0165 tak, aby ladil s interi\u00e9rom v\u00e1\u0161ho domu. Na jar ho m\u00f4\u017eete umiestni\u0165 na terasu.<\/div>\n<div>\u00c1no, s jedn\u00fdm vt\u00e1\u010dikom jar nevytvor\u00edte, ale s touto n\u00e1dhernou sklada\u010dkou si m\u00f4\u017eete vytvori\u0165 kr\u00e1sny objekt, ktor\u00fd v\u00e1m navod\u00ed jarn\u00fa atmosf\u00e9ru v\u017edy, ke\u010f ho budete obdivova\u0165. Asi najvhodnej\u0161\u00ed dar\u010dek pre v\u0161etky mami\u010dky a babi\u010dky, ktor\u00fdch deti u\u017e vyr\u00e1stli a vyleteli z hniezda...<\/div>\n<div><\/div>\n<div><strong>PODROBNOSTI O V\u00ddROBKU:<\/strong><\/div>\n<div>Rozmery modelu: 125*80*140 mm<\/div>\n<div>Rozmery balenia: 190 x 123 x 19 mm<\/div>\n<div>Po\u010det kusov: 38<\/div>\n<\/div>","protected":false},"excerpt":{"rendered":"<div>Vyberte si originalitu v kuchyni a na stole so \u0161peci\u00e1lnou krabi\u010dkou na \u0161p\u00e1radl\u00e1 zdobenou vt\u00e1\u010dikom.<\/div>\n<p>&nbsp;<\/p>","protected":false},"featured_media":1427,"comment_status":"open","ping_status":"closed","template":"","meta":{"slim_seo":{"title":"\ud83d\udc26Dreven\u00e1 krabi\u010dka na \u0161p\u00e1radl\u00e1 - 37 kusov","description":"Vyberte si originalitu v kuchyni a na stole so \u0161peci\u00e1lnou krabi\u010dkou na \u0161p\u00e1radl\u00e1 zdobenou vt\u00e1\u010dikom."}},"product_brand":[],"product_cat":[89,91,90,73,88,74,76],"product_tag":[],"woo-feed-brand":[],"class_list":{"0":"post-1423","1":"product","2":"type-product","3":"status-publish","4":"has-post-thumbnail","6":"product_cat-puzzle-meccanici-3d-in-legno","7":"product_cat-puzzle-meccanici-per-adulti","8":"product_cat-puzzle-meccanici-per-bambini","9":"product_cat-puzzle-3d","10":"product_cat-puzzle-3d-adulti","11":"product_cat-puzzle-3d-in-legno","12":"product_cat-puzzle-3d-per-bambini","14":"first","15":"instock","16":"shipping-taxable","17":"purchasable","18":"product-type-simple"},"_links":{"self":[{"href":"https:\/\/puzzle3d.co\/sk\/wp-json\/wp\/v2\/product\/1423","targetHints":{"allow":["GET"]}}],"collection":[{"href":"https:\/\/puzzle3d.co\/sk\/wp-json\/wp\/v2\/product"}],"about":[{"href":"https:\/\/puzzle3d.co\/sk\/wp-json\/wp\/v2\/types\/product"}],"replies":[{"embeddable":true,"href":"https:\/\/puzzle3d.co\/sk\/wp-json\/wp\/v2\/comments?post=1423"}],"wp:featuredmedia":[{"embeddable":true,"href":"https:\/\/puzzle3d.co\/sk\/wp-json\/wp\/v2\/media\/1427"}],"wp:attachment":[{"href":"https:\/\/puzzle3d.co\/sk\/wp-json\/wp\/v2\/media?parent=1423"}],"wp:term":[{"taxonomy":"product_brand","embeddable":true,"href":"https:\/\/puzzle3d.co\/sk\/wp-json\/wp\/v2\/product_brand?post=1423"},{"taxonomy":"product_cat","embeddable":true,"href":"https:\/\/puzzle3d.co\/sk\/wp-json\/wp\/v2\/product_cat?post=1423"},{"taxonomy":"product_tag","embeddable":true,"href":"https:\/\/puzzle3d.co\/sk\/wp-json\/wp\/v2\/product_tag?post=1423"},{"taxonomy":"woo-feed-brand","embeddable":true,"href":"https:\/\/puzzle3d.co\/sk\/wp-json\/wp\/v2\/woo-feed-brand?post=1423"}],"curies":[{"name":"wp","href":"https:\/\/api.w.org\/{rel}","templated":true}]}}