{"id":1184,"date":"2023-02-06T10:42:01","date_gmt":"2023-02-06T10:42:01","guid":{"rendered":"https:\/\/puzzle3d.co\/product\/locomotiva-puzzle-3d-mecanic-copy\/"},"modified":"2026-03-27T20:03:28","modified_gmt":"2026-03-27T20:03:28","slug":"retro-mechanicke-modelovanie-aut","status":"publish","type":"product","link":"https:\/\/puzzle3d.co\/sk\/prodotto\/modellismo-auto-retro-meccanico\/","title":{"rendered":"Retro mechanick\u00fd dreven\u00fd model auta, 315 kusov"},"content":{"rendered":"<div>\n<p><strong>Retro mechanick\u00fd dreven\u00fd model auta, 315 kusov<\/strong><\/p>\n<div>Hoci \u017eijeme v dobe r\u00fdchlosti, ke\u010f s\u00fa v\u00fdkonn\u00e9 aut\u00e1 \u010doraz \u017eiadanej\u0161ie, nikto by ur\u010dite neodmietol v\u00fdlet v retro aute.<\/div>\n<\/div>\n<div>\n<div>\n<div><\/div>\n<div>Na \u010do upozorn\u00edte, ke\u010f m\u00e1te mo\u017enos\u0165 obdivova\u0165 v\u00fdstavu retro automobilov?<\/div>\n<div><\/div>\n<div>Prepracovan\u00e9 detaily, elegantn\u00fd doplnok, prvky, ktor\u00e9 v dne\u0161n\u00fdch modeloch nen\u00e1jdete, to v\u0161etko v\u00e1s prin\u00fati pozera\u0165 sa na klasick\u00e9 auto o nie\u010do dlh\u0161ie.<\/div>\n<div><\/div>\n<div>Retro auto, ktor\u00e9 obdivuj\u00fa deti, dospel\u00ed aj star\u0161\u00ed \u013eudia, zost\u00e1va univerz\u00e1lnym symbolom automobilovej hist\u00f3rie a kr\u00e1sy, presahuje gener\u00e1cie a st\u00e1va sa \u010doraz popul\u00e1rnej\u0161\u00edm.<\/div>\n<div><\/div>\n<div>Poz\u00fdvame v\u00e1s na cestu do minulosti s \u00faplne \u00fa\u017easn\u00fdm historick\u00fdm modelom.<\/div>\n<div><\/div>\n<div>Ani neviem, \u010do v\u00e1s nadchne viac: \u010di skladanie viac ako 300 dielikov puzzle, ktor\u00e9 v\u00e1m zaberie takmer 8 hod\u00edn, alebo kone\u010dn\u00fd produkt, ktor\u00fd v\u00e1s \"o\u010dar\u00ed\" ako dobr\u00e9 v\u00edno. Bude to nezabudnute\u013en\u00fd z\u00e1\u017eitok!<\/div>\n<div><\/div>\n<div>\u0160tartovac\u00ed mechanizmus je z\u00e1hadne ukryt\u00fd v bo\u010dnom rezervnom kolese. Otvorte dvere dokor\u00e1n a pohodlne sa usa\u010fte. Oto\u010dte volantom doprava a koles\u00e1 sa bud\u00fa ot\u00e1\u010da\u0165 rovnak\u00fdm smerom. Ved\u013ea v\u00e1s je e\u0161te vo\u013en\u00e9 miesto, kto v\u00e1s bude sprev\u00e1dza\u0165 na historickej ceste?<\/div>\n<div><\/div>\n<div><\/div>\n<div>Retro auto je skvel\u00fd dar\u010dek pre v\u0161etk\u00fdch fan\u00fa\u0161ikov \u00e1ut, hist\u00f3rie, cestovania, zberate\u013eov a najlep\u0161\u00edch priate\u013eov bez oh\u013eadu na vek.<\/div>\n<div><\/div>\n<div>Drevo, z ktor\u00e9ho je auto vyroben\u00e9, mu dod\u00e1va n\u00e1dych luxusu a odolnosti. M\u00f4\u017eeme \u00faprimne poveda\u0165, \u017ee je to invest\u00edcia do predmetu, ktor\u00fd je drah\u00fd du\u0161i.<\/div>\n<div><\/div>\n<div>K\u00fapte si teraz osobn\u00e9 klasick\u00e9 auto, zostavte ho vlastn\u00fdmi rukami a \u010dasom bude ma\u0165 \u010doraz v\u00e4\u010d\u0161iu hodnotu.<\/div>\n<div><\/div>\n<div><\/div>\n<div><strong>PODROBNOSTI O V\u00ddROBKU:<\/strong><\/div>\n<div>Rozmery modelu: 300*170*155 mm<\/div>\n<div>Rozmery balenia: 374*243*28 mm<\/div>\n<div>Po\u010det kusov: 315<\/div>\n<\/div>\n<div><\/div>\n<\/div>","protected":false},"excerpt":{"rendered":"<div>Retro auto, ktor\u00e9 obdivuj\u00fa deti, dospel\u00ed aj star\u0161\u00ed \u013eudia, zost\u00e1va univerz\u00e1lnym symbolom automobilovej hist\u00f3rie a kr\u00e1sy, presahuje gener\u00e1cie a st\u00e1va sa \u010doraz popul\u00e1rnej\u0161\u00edm.<\/div>","protected":false},"featured_media":1187,"comment_status":"open","ping_status":"closed","template":"","meta":[],"product_brand":[],"product_cat":[73,88,74,76,89,90,91],"product_tag":[],"woo-feed-brand":[],"class_list":{"0":"post-1184","1":"product","2":"type-product","3":"status-publish","4":"has-post-thumbnail","6":"product_cat-puzzle-3d","7":"product_cat-puzzle-3d-adulti","8":"product_cat-puzzle-3d-in-legno","9":"product_cat-puzzle-3d-per-bambini","10":"product_cat-puzzle-meccanici-3d-in-legno","11":"product_cat-puzzle-meccanici-per-bambini","12":"product_cat-puzzle-meccanici-per-adulti","14":"first","15":"instock","16":"shipping-taxable","17":"purchasable","18":"product-type-simple"},"_links":{"self":[{"href":"https:\/\/puzzle3d.co\/sk\/wp-json\/wp\/v2\/product\/1184","targetHints":{"allow":["GET"]}}],"collection":[{"href":"https:\/\/puzzle3d.co\/sk\/wp-json\/wp\/v2\/product"}],"about":[{"href":"https:\/\/puzzle3d.co\/sk\/wp-json\/wp\/v2\/types\/product"}],"replies":[{"embeddable":true,"href":"https:\/\/puzzle3d.co\/sk\/wp-json\/wp\/v2\/comments?post=1184"}],"wp:featuredmedia":[{"embeddable":true,"href":"https:\/\/puzzle3d.co\/sk\/wp-json\/wp\/v2\/media\/1187"}],"wp:attachment":[{"href":"https:\/\/puzzle3d.co\/sk\/wp-json\/wp\/v2\/media?parent=1184"}],"wp:term":[{"taxonomy":"product_brand","embeddable":true,"href":"https:\/\/puzzle3d.co\/sk\/wp-json\/wp\/v2\/product_brand?post=1184"},{"taxonomy":"product_cat","embeddable":true,"href":"https:\/\/puzzle3d.co\/sk\/wp-json\/wp\/v2\/product_cat?post=1184"},{"taxonomy":"product_tag","embeddable":true,"href":"https:\/\/puzzle3d.co\/sk\/wp-json\/wp\/v2\/product_tag?post=1184"},{"taxonomy":"woo-feed-brand","embeddable":true,"href":"https:\/\/puzzle3d.co\/sk\/wp-json\/wp\/v2\/woo-feed-brand?post=1184"}],"curies":[{"name":"wp","href":"https:\/\/api.w.org\/{rel}","templated":true}]}}