{"id":1177,"date":"2023-02-06T10:20:19","date_gmt":"2023-02-06T10:20:19","guid":{"rendered":"https:\/\/puzzle3d.co\/product\/gramophone-puzzle-3d-copy\/"},"modified":"2026-01-02T05:29:01","modified_gmt":"2026-01-02T05:29:01","slug":"mechanicke-puzzle-parnej-lokomotivy","status":"publish","type":"product","link":"https:\/\/puzzle3d.co\/sk\/prodotto\/locomotiva-a-vapore-puzzle-meccanico\/","title":{"rendered":"Dreven\u00fd mechanick\u00fd model vlaku, 325 kusov"},"content":{"rendered":"<div>\n<p><strong>Dreven\u00fd mechanick\u00fd model vlaku, 325 kusov - Parn\u00e1 lokomot\u00edva<\/strong><\/p>\n<div>Prv\u00fa lokomot\u00edvu na svete vyna\u0161iel George Stephenson a jeho syn Robert v roku 1804 v Anglicku.<\/div>\n<\/div>\n<div>\n<div>\n<div><\/div>\n<div>Po\u010det obyvate\u013eov Anglicka r\u00e1stol, prib\u00fadalo tov\u00e1rn\u00ed a bolo potrebn\u00e9 zabezpe\u010di\u0165 prepravu \u013eud\u00ed a tovaru na ve\u013ek\u00e9 vzdialenosti.<\/div>\n<div><\/div>\n<div>Naz\u00fdvala sa \"parn\u00e1 lokomot\u00edva\" a jej maxim\u00e1lna r\u00fdchlos\u0165 bola 16 km\/h.<\/div>\n<div><\/div>\n<div>Je zauj\u00edmav\u00e9, \u017ee im v tom br\u00e1nili nepriate\u013esky naladen\u00ed po\u013enohospod\u00e1ri, ktor\u00ed pou\u017e\u00edvali na pohon kone a boli nespokojn\u00ed s t\u00fdm, \u017ee \u017eelezni\u010dn\u00fd priemysel sp\u00f4sobil kolaps trhu s ovsom.<\/div>\n<div><\/div>\n<div>Zauj\u00edmav\u00e9, v\u0161ak?<\/div>\n<div><\/div>\n<div>Teraz m\u00f4\u017eete zostavi\u0165 prv\u00fa lokomot\u00edvu s gumov\u00fdm motorom bez jedinej kvapky lepidla. Pr\u00edrodn\u00e9 dreven\u00e9 diely jej dod\u00e1vaj\u00fa vintage n\u00e1dych a sofistikovan\u00fd vzh\u013ead.<\/div>\n<div><\/div>\n<div>Dar\u010dek pre cel\u00fa rodinu<\/div>\n<div><\/div>\n<div>Zostavte mechanick\u00fa lokomot\u00edvu spolu s milovanou osobou tak, ako sa na cestu patr\u00ed. Potom nasa\u010fte vozidlo na seba a m\u00f4\u017eeme vyrazi\u0165!<\/div>\n<div>\u010co by ste chceli da\u0165 do voz\u0148a? Je tam dos\u0165 miesta... (na prste\u0148, l\u00edstok alebo k\u013e\u00fa\u010d).<\/div>\n<div><\/div>\n<div>Na konci cesty umiestnite t\u00fato n\u00e1dhern\u00fa lokomot\u00edvu na vidite\u013en\u00e9 miesto vo svojom dome.<\/div>\n<div><\/div>\n<div>Je to ide\u00e1lny dar\u010dek pre v\u0161etk\u00fdch milovn\u00edkov cestovania, mechanick\u00fdch nad\u0161encov a deti do 99 rokov.<\/div>\n<div><\/div>\n<div>Teraz, ke\u010f m\u00e1te svoju osobn\u00fa lokomot\u00edvu, u\u017e\u00edvajte si romantick\u00e9 cesty \u010do naj\u010dastej\u0161ie!<\/div>\n<div><\/div>\n<div><\/div>\n<div><\/div>\n<div><strong>PODROBNOSTI O V\u00ddROBKU:<\/strong><\/div>\n<div>Rozmery modelu: 400*103*178 mm<\/div>\n<div>Rozmery balenia: 245*188*30 mm<\/div>\n<div><strong>Po\u010det kusov: 325<\/strong><\/div>\n<\/div>\n<div><\/div>\n<\/div>","protected":false},"excerpt":{"rendered":"<div>Je to ide\u00e1lny dar\u010dek pre v\u0161etk\u00fdch milovn\u00edkov cestovania, mechanick\u00fdch nad\u0161encov a deti do 99 rokov.<\/div>\n<p>&nbsp;<\/p>","protected":false},"featured_media":1180,"comment_status":"open","ping_status":"closed","template":"","meta":[],"product_brand":[],"product_cat":[73,108,88,74,76,89,90,91],"product_tag":[],"woo-feed-brand":[],"class_list":{"0":"post-1177","1":"product","2":"type-product","3":"status-publish","4":"has-post-thumbnail","6":"product_cat-puzzle-3d","7":"product_cat-modellismo-da-costruire-per-adulti","8":"product_cat-puzzle-3d-adulti","9":"product_cat-puzzle-3d-in-legno","10":"product_cat-puzzle-3d-per-bambini","11":"product_cat-puzzle-meccanici-3d-in-legno","12":"product_cat-puzzle-meccanici-per-bambini","13":"product_cat-puzzle-meccanici-per-adulti","15":"first","16":"instock","17":"shipping-taxable","18":"purchasable","19":"product-type-simple"},"_links":{"self":[{"href":"https:\/\/puzzle3d.co\/sk\/wp-json\/wp\/v2\/product\/1177","targetHints":{"allow":["GET"]}}],"collection":[{"href":"https:\/\/puzzle3d.co\/sk\/wp-json\/wp\/v2\/product"}],"about":[{"href":"https:\/\/puzzle3d.co\/sk\/wp-json\/wp\/v2\/types\/product"}],"replies":[{"embeddable":true,"href":"https:\/\/puzzle3d.co\/sk\/wp-json\/wp\/v2\/comments?post=1177"}],"wp:featuredmedia":[{"embeddable":true,"href":"https:\/\/puzzle3d.co\/sk\/wp-json\/wp\/v2\/media\/1180"}],"wp:attachment":[{"href":"https:\/\/puzzle3d.co\/sk\/wp-json\/wp\/v2\/media?parent=1177"}],"wp:term":[{"taxonomy":"product_brand","embeddable":true,"href":"https:\/\/puzzle3d.co\/sk\/wp-json\/wp\/v2\/product_brand?post=1177"},{"taxonomy":"product_cat","embeddable":true,"href":"https:\/\/puzzle3d.co\/sk\/wp-json\/wp\/v2\/product_cat?post=1177"},{"taxonomy":"product_tag","embeddable":true,"href":"https:\/\/puzzle3d.co\/sk\/wp-json\/wp\/v2\/product_tag?post=1177"},{"taxonomy":"woo-feed-brand","embeddable":true,"href":"https:\/\/puzzle3d.co\/sk\/wp-json\/wp\/v2\/woo-feed-brand?post=1177"}],"curies":[{"name":"wp","href":"https:\/\/api.w.org\/{rel}","templated":true}]}}