{"id":1139,"date":"2023-02-03T13:44:29","date_gmt":"2023-02-03T13:44:29","guid":{"rendered":"https:\/\/puzzle3d.co\/product\/moara-de-vant-puzzle-3d-mecanic-copy\/"},"modified":"2026-01-02T05:29:02","modified_gmt":"2026-01-02T05:29:02","slug":"cierny-dreveny-domcek-pre-macky","status":"publish","type":"product","link":"https:\/\/puzzle3d.co\/sk\/prodotto\/casetta-per-gatti-in-legno-nero\/","title":{"rendered":"152-dielny dreven\u00fd dom\u010dek pre ma\u010dky"},"content":{"rendered":"<p><strong>152-dielny dreven\u00fd dom\u010dek pre ma\u010dky v r\u00f4znych farb\u00e1ch<\/strong><\/p>\n<div>\n<div>Ke\u010f ma\u010dky sn\u00edvaj\u00fa, tras\u00fa nohami, vr\u010dia a usmievaj\u00fa sa. Po pr\u00edjemnom sne maj\u00fa v\u00fdnimo\u010dn\u00fa n\u00e1ladu: svojmu majite\u013eovi pon\u00fakaj\u00fa ve\u013ea l\u00e1sky a pohladenia.<\/div>\n<div><\/div>\n<div>Vieme, ako ve\u013emi v\u00e1m z\u00e1le\u017e\u00ed na va\u0161om milovanom zvieratku. Preto s\u00fa k\u00fasky pr\u00edrodn\u00e9ho dreva vyrezan\u00e9 a zostaven\u00e9 tak ide\u00e1lne, \u017ee nie je potrebn\u00e1 ani kvapka lepidla. Sta\u010d\u00ed m\u00e4kk\u00e1 prikr\u00fdvka.<\/div>\n<div><\/div>\n<div>Dreven\u00fd dom\u010dek na hranie je ako vyznanie l\u00e1sky ma\u010dke. Milujte ju tak, ako ona miluje v\u00e1s.<\/div>\n<div><\/div>\n<div>Dreven\u00fd dom\u010dek pre ma\u010dky s ko\u017eu\u0161inou. Dod\u00e1va sa v 4 farebn\u00fdch variantoch:<\/div>\n<\/div>\n<ul>\n<li>mal\u00fd \u010dierny dom\u010dek s bielou ko\u017eu\u0161inou<\/li>\n<li>biely dom s \u010diernou ko\u017eu\u0161inou<\/li>\n<li>biely dom s ru\u017eovou ko\u017eu\u0161inou<\/li>\n<li>dreven\u00fd dom\u010dek s bielou ko\u017eu\u0161inou.<\/li>\n<\/ul>\n<div>\n<div><\/div>\n<div><strong>PODROBNOSTI O V\u00ddROBKU:<\/strong><\/div>\n<div><\/div>\n<div>Rozmery modelu: 480*362*456 mm<\/div>\n<div>Rozmery balenia: 580*380*40 mm<\/div>\n<div>Po\u010det kusov: 152<\/div>\n<\/div>\n<div><\/div>","protected":false},"excerpt":{"rendered":"<div><\/div>\n<p>&nbsp;<\/p>","protected":false},"featured_media":2672,"comment_status":"open","ping_status":"closed","template":"","meta":{"slim_seo":{"title":"\ud83c\udfda\ufe0f Dreven\u00fd dom\u010dek pre ma\u010dky \u010dierno-biely ko\u017e\u00fa\u0161ok \ud83d\udc08\u200d\u2b1b","description":"Dreven\u00fd dom\u010dek pre ma\u010dky s ko\u017eu\u0161inou. Dod\u00e1va sa v 4 farebn\u00fdch variantoch. Origin\u00e1lny dar\u010dek pre milovn\u00edkov ma\u010diek. Dekora\u010dn\u00fd prvok"}},"product_brand":[],"product_cat":[99],"product_tag":[],"woo-feed-brand":[],"class_list":{"0":"post-1139","1":"product","2":"type-product","3":"status-publish","4":"has-post-thumbnail","6":"product_cat-casette-per-gatti-da-interno","8":"first","9":"instock","10":"shipping-taxable","11":"purchasable","12":"product-type-variable"},"_links":{"self":[{"href":"https:\/\/puzzle3d.co\/sk\/wp-json\/wp\/v2\/product\/1139","targetHints":{"allow":["GET"]}}],"collection":[{"href":"https:\/\/puzzle3d.co\/sk\/wp-json\/wp\/v2\/product"}],"about":[{"href":"https:\/\/puzzle3d.co\/sk\/wp-json\/wp\/v2\/types\/product"}],"replies":[{"embeddable":true,"href":"https:\/\/puzzle3d.co\/sk\/wp-json\/wp\/v2\/comments?post=1139"}],"wp:featuredmedia":[{"embeddable":true,"href":"https:\/\/puzzle3d.co\/sk\/wp-json\/wp\/v2\/media\/2672"}],"wp:attachment":[{"href":"https:\/\/puzzle3d.co\/sk\/wp-json\/wp\/v2\/media?parent=1139"}],"wp:term":[{"taxonomy":"product_brand","embeddable":true,"href":"https:\/\/puzzle3d.co\/sk\/wp-json\/wp\/v2\/product_brand?post=1139"},{"taxonomy":"product_cat","embeddable":true,"href":"https:\/\/puzzle3d.co\/sk\/wp-json\/wp\/v2\/product_cat?post=1139"},{"taxonomy":"product_tag","embeddable":true,"href":"https:\/\/puzzle3d.co\/sk\/wp-json\/wp\/v2\/product_tag?post=1139"},{"taxonomy":"woo-feed-brand","embeddable":true,"href":"https:\/\/puzzle3d.co\/sk\/wp-json\/wp\/v2\/woo-feed-brand?post=1139"}],"curies":[{"name":"wp","href":"https:\/\/api.w.org\/{rel}","templated":true}]}}