{"id":457,"date":"2023-01-12T16:12:45","date_gmt":"2023-01-12T16:12:45","guid":{"rendered":"https:\/\/puzzle3d.co\/?page_id=457"},"modified":"2025-02-16T07:17:23","modified_gmt":"2025-02-16T07:17:23","slug":"kto-sme","status":"publish","type":"page","link":"https:\/\/puzzle3d.co\/sk\/chi-siamo\/","title":{"rendered":"O n\u00e1s"},"content":{"rendered":"<section class=\"section\" id=\"section_1948870369\">\n\t\t<div class=\"section-bg fill\" >\n\t\t\t\t\t\t\t\t\t\n\t\t\t\n\n\t\t<\/div>\n\n\t\t\n\n\t\t<div class=\"section-content relative\">\n\t\t\t\n<div class=\"row row-collapse row-full-width align-middle\"  id=\"row-1685439868\">\n\n\t<div id=\"col-87855778\" class=\"col medium-12 small-12 large-6\"  >\n\t\t\t\t<div class=\"col-inner\"  >\n\t\t\t\n\t\t\t\n\t<div id=\"gap-1851131705\" class=\"gap-element clearfix\" style=\"display:block; height:auto;\">\n\t\t\n<style>\n#gap-1851131705 {\n  padding-top: 50px;\n}\n<\/style>\n\t<\/div>\n\t\n<div class=\"row align-center\"  id=\"row-762030599\">\n\n\t<div id=\"col-1750288274\" class=\"col small-12 large-12\"  >\n\t\t\t\t<div class=\"col-inner text-center\"  >\n\t\t\t\n\t\t\t\n\t<div id=\"text-4079175011\" class=\"text\">\n\t\t\n<h1 class=\"uppercase\">O n\u00e1s<\/h1>\n\t\t\n<style>\n#text-4079175011 {\n  font-size: 1.75rem;\n}\n@media (min-width:550px) {\n  #text-4079175011 {\n    font-size: 2rem;\n  }\n}\n<\/style>\n\t<\/div>\n\t\n<div>Sme ofici\u00e1lnymi distrib\u00fatormi zna\u010dky Ewa Eco Wood Art Italia. Mechanick\u00e9 modely vo forme stavebnice, ktor\u00e9 si m\u00f4\u017eete zostavi\u0165 sami (bez lepidla a \u0161peci\u00e1lnych n\u00e1strojov), puzzle, hra\u010dky, suven\u00edry a firemn\u00e9 dar\u010deky z pr\u00edrodn\u00fdch materi\u00e1lov.<\/div>\n<div><\/div>\n<div>V \u010doraz upon\u00e1h\u013eanej\u0161om svete sme sa rozhodli spoji\u0165 rodinu a priate\u013eov a str\u00e1vi\u0165 spolu \u010das zostaven\u00edm <a class=\"wpil_keyword_link\" title=\"sklada\u010dka\" href=\"https:\/\/puzzle3d.co\/collection\/puzzle-3d\/\" data-wpil-keyword-link=\"linked\">sklada\u010dka<\/a>.<\/div>\n<div><\/div>\n<div>Na\u0161e hodnoty s\u00fa rodina, zdravie a pr\u00edroda.<\/div>\n<div>Ak sa v ka\u017edej rodine vytvor\u00ed kult\u00fara spolo\u010dn\u00e9ho rie\u0161enia h\u00e1danky na pozad\u00ed hlbokej a autentickej komunik\u00e1cie, bude to znamena\u0165, \u017ee na\u0161e poslanie bude splnen\u00e9.<\/div>\n<div><\/div>\n<div>V\u00fdskum neurochirurgov a profesorov psychol\u00f3gie preuk\u00e1zal priazniv\u00e9 \u00fa\u010dinky h\u00e1daniek na zdravie mozgu a spr\u00e1vanie \u010dloveka.<\/div>\n<div><\/div>\n<div>Jedn\u00fdm z na\u0161ich z\u00e1ujmov je udr\u017eate\u013en\u00fd materi\u00e1l a starostlivos\u0165 o pr\u00edrodu. Kusy s\u00fa vyroben\u00e9 z dreva a s\u00fa zostaven\u00e9 bez jedinej kvapky lepidla.<\/div>\n<div><\/div>\n<div>\u010coraz viac dospel\u00fdch si uvedomuje tieto v\u00fdhody a rozhoduje sa, \u017ee sa puzzle stan\u00fa dostupn\u00fdm a zauj\u00edmav\u00fdm kon\u00ed\u010dkom. A to n\u00e1s te\u0161\u00ed!<\/div>\n<div>Pand\u00e9mia n\u00e1s nau\u010dila, ak\u00fa hodnotu m\u00e1 komunik\u00e1cia a stret\u00e1vanie sa s bl\u00edzkymi. Tak nev\u00e1hajte: vyberte si svoju ob\u013e\u00faben\u00fa sklada\u010dku a \u017eite kr\u00e1sne!<\/div>\n<div><\/div>\n<div>Ver\u00edme, \u017ee \"Kr\u00e1sa zachr\u00e1ni svet!\" A v dobe technol\u00f3gi\u00ed a robotiky je vytvori\u0165 nie\u010do kr\u00e1sne vlastn\u00fdmi rukami ako letie\u0165 po oblohe na vlastn\u00fdch kr\u00eddlach.<\/div>\n\t<div id=\"gap-764204328\" class=\"gap-element clearfix\" style=\"display:block; height:auto;\">\n\t\t\n<style>\n#gap-764204328 {\n  padding-top: 20px;\n}\n@media (min-width:550px) {\n  #gap-764204328 {\n    padding-top: 0px;\n  }\n}\n<\/style>\n\t<\/div>\n\t\n<a href=\"https:\/\/puzzle3d.co\/\" class=\"button secondary is-underline\" >\n\t\t<span>objavte<\/span>\n\t<\/a>\n\n\t\t<\/div>\n\t\t\t\t\n<style>\n#col-1750288274 > .col-inner {\n  padding: 30px 5% 30px 5%;\n}\n@media (min-width:550px) {\n  #col-1750288274 > .col-inner {\n    padding: 50px 10% 50px 10%;\n  }\n}\n@media (min-width:850px) {\n  #col-1750288274 > .col-inner {\n    padding: 0px 5% 0px 5%;\n  }\n}\n<\/style>\n\t<\/div>\n\n\t\n<\/div>\n\t\t<\/div>\n\t\t\t\t\t<\/div>\n\n\t\n\n\t<div id=\"col-655695715\" class=\"col medium-12 small-12 large-6\"  >\n\t\t\t\t<div class=\"col-inner\" style=\"background-color:rgb(255, 255, 255);\" >\n\t\t\t\n\t\t\t\n<div class=\"slider-wrapper relative\" id=\"slider-745189150\" >\n    <div class=\"slider slider-nav-circle slider-nav-large slider-nav-light slider-style-container\"\n        data-flickity-options='{            \"cellAlign\": \"center\",            \"imagesLoaded\": true,            \"lazyLoad\": 1,            \"freeScroll\": true,            \"wrapAround\": true,            \"autoPlay\": 100,            \"pauseAutoPlayOnHover\" : false,            \"prevNextButtons\": false,            \"contain\" : true,            \"adaptiveHeight\" : true,            \"dragThreshold\" : 10,            \"percentPosition\": true,            \"pageDots\": true,            \"rightToLeft\": false,            \"draggable\": true,            \"selectedAttraction\": 0.1,            \"parallax\" : 0,            \"friction\": 0.6        }'\n        >\n        \n\n  <div class=\"banner has-hover\" id=\"banner-337948905\">\n          <div class=\"banner-inner fill\">\n        <div class=\"banner-bg fill\" >\n            <img loading=\"lazy\" decoding=\"async\" width=\"1000\" height=\"650\" src=\"https:\/\/puzzle3d.co\/wp-content\/uploads\/2013\/12\/tren-abur2.jpg\" class=\"bg attachment-large size-large\" alt=\"\" \/>                                    \n                    <\/div>\n\t\t\n        <div class=\"banner-layers container\">\n            <div class=\"fill banner-link\"><\/div>            \n   <div id=\"text-box-797397187\" class=\"text-box banner-layer x50 md-x50 lg-x50 y50 md-y50 lg-y50 res-text\">\n                                <div class=\"text-box-content text dark\">\n              \n              <div class=\"text-inner text-center\">\n                  \n              <\/div>\n           <\/div>\n                            \n<style>\n#text-box-797397187 {\n  width: 60%;\n}\n#text-box-797397187 .text-box-content {\n  font-size: 100%;\n}\n<\/style>\n    <\/div>\n \n        <\/div>\n      <\/div>\n\n            \n<style>\n#banner-337948905 {\n  padding-top: 300px;\n  background-color: rgba(255, 255, 255, 0);\n}\n#banner-337948905 .banner-bg img {\n  object-position: 28% 50%;\n}\n@media (min-width:550px) {\n  #banner-337948905 {\n    padding-top: 450px;\n  }\n}\n@media (min-width:850px) {\n  #banner-337948905 {\n    padding-top: 750px;\n  }\n}\n<\/style>\n  <\/div>\n\n\n\n  <div class=\"banner has-hover\" id=\"banner-1269682218\">\n          <div class=\"banner-inner fill\">\n        <div class=\"banner-bg fill\" >\n            <img loading=\"lazy\" decoding=\"async\" width=\"1000\" height=\"650\" src=\"https:\/\/puzzle3d.co\/wp-content\/uploads\/2023\/01\/caine.jpg\" class=\"bg attachment-large size-large\" alt=\"\" \/>                                    \n                    <\/div>\n\t\t\n        <div class=\"banner-layers container\">\n            <div class=\"fill banner-link\"><\/div>            \n   <div id=\"text-box-1380755155\" class=\"text-box banner-layer x50 md-x50 lg-x50 y50 md-y50 lg-y50 res-text\">\n                                <div class=\"text-box-content text dark\">\n              \n              <div class=\"text-inner text-center\">\n                  \n              <\/div>\n           <\/div>\n                            \n<style>\n#text-box-1380755155 {\n  width: 60%;\n}\n#text-box-1380755155 .text-box-content {\n  font-size: 100%;\n}\n<\/style>\n    <\/div>\n \n        <\/div>\n      <\/div>\n\n            \n<style>\n#banner-1269682218 {\n  padding-top: 300px;\n  background-color: rgba(255, 255, 255, 0);\n}\n#banner-1269682218 .banner-bg img {\n  object-position: 41% 8%;\n}\n@media (min-width:550px) {\n  #banner-1269682218 {\n    padding-top: 450px;\n  }\n}\n@media (min-width:850px) {\n  #banner-1269682218 {\n    padding-top: 750px;\n  }\n}\n<\/style>\n  <\/div>\n\n\n\n  <div class=\"banner has-hover\" id=\"banner-2056196238\">\n          <div class=\"banner-inner fill\">\n        <div class=\"banner-bg fill\" >\n            <img loading=\"lazy\" decoding=\"async\" width=\"1000\" height=\"650\" src=\"https:\/\/puzzle3d.co\/wp-content\/uploads\/2023\/01\/lion.jpg\" class=\"bg attachment-large size-large\" alt=\"\" \/>                                    \n                    <\/div>\n\t\t\n        <div class=\"banner-layers container\">\n            <div class=\"fill banner-link\"><\/div>            \n   <div id=\"text-box-452723973\" class=\"text-box banner-layer x50 md-x50 lg-x50 y50 md-y50 lg-y50 res-text\">\n                                <div class=\"text-box-content text dark\">\n              \n              <div class=\"text-inner text-center\">\n                  \n              <\/div>\n           <\/div>\n                            \n<style>\n#text-box-452723973 {\n  width: 60%;\n}\n#text-box-452723973 .text-box-content {\n  font-size: 100%;\n}\n<\/style>\n    <\/div>\n \n        <\/div>\n      <\/div>\n\n            \n<style>\n#banner-2056196238 {\n  padding-top: 300px;\n  background-color: rgba(255, 255, 255, 0);\n}\n#banner-2056196238 .banner-bg img {\n  object-position: 42% 48%;\n}\n@media (min-width:550px) {\n  #banner-2056196238 {\n    padding-top: 450px;\n  }\n}\n@media (min-width:850px) {\n  #banner-2056196238 {\n    padding-top: 750px;\n  }\n}\n<\/style>\n  <\/div>\n\n\n     <\/div>\n\n     <div class=\"loading-spin dark large centered\"><\/div>\n\n\t<\/div>\n\n\n\t<div id=\"gap-1937353037\" class=\"gap-element clearfix\" style=\"display:block; height:auto;\">\n\t\t\n<style>\n#gap-1937353037 {\n  padding-top: 30px;\n}\n<\/style>\n\t<\/div>\n\t\n<div class=\"row\"  id=\"row-208627814\">\n\n\t<div id=\"col-367124979\" class=\"col small-12 large-12\"  >\n\t\t\t\t<div class=\"col-inner\"  >\n\t\t\t\n\t\t\t\n<div class=\"row row-solid\"  id=\"row-809942385\">\n\n\t<div id=\"col-1878078659\" class=\"col medium-4 small-12 large-4\"  >\n\t\t\t\t<div class=\"col-inner text-center\"  >\n\t\t\t\n\t\t\t\n\t<div id=\"gap-1488076472\" class=\"gap-element clearfix\" style=\"display:block; height:auto;\">\n\t\t\n<style>\n#gap-1488076472 {\n  padding-top: 5px;\n}\n<\/style>\n\t<\/div>\n\t\n\t<div id=\"text-3212421398\" class=\"text\">\n\t\t\n<h4>Bez koly<\/h4>\n\t\t\n<style>\n#text-3212421398 {\n  line-height: 0.75;\n}\n<\/style>\n\t<\/div>\n\t\n\t\t<\/div>\n\t\t\t\t\t<\/div>\n\n\t\n\n\t<div id=\"col-2011887855\" class=\"col medium-4 small-12 large-4\"  >\n\t\t\t\t<div class=\"col-inner text-center\"  >\n\t\t\t\n\t\t\t\n\t<div id=\"gap-775714472\" class=\"gap-element clearfix\" style=\"display:block; height:auto;\">\n\t\t\n<style>\n#gap-775714472 {\n  padding-top: 5px;\n}\n<\/style>\n\t<\/div>\n\t\n\t<div id=\"text-3934280038\" class=\"text\">\n\t\t\n<h4>Udr\u017eate\u013en\u00fd<\/h4>\n\t\t\n<style>\n#text-3934280038 {\n  line-height: 0.75;\n}\n<\/style>\n\t<\/div>\n\t\n\t\t<\/div>\n\t\t\t\t\t<\/div>\n\n\t\n\n\t<div id=\"col-799267502\" class=\"col medium-4 small-12 large-4\"  >\n\t\t\t\t<div class=\"col-inner text-center\"  >\n\t\t\t\n\t\t\t\n\t<div id=\"gap-645260500\" class=\"gap-element clearfix\" style=\"display:block; height:auto;\">\n\t\t\n<style>\n#gap-645260500 {\n  padding-top: 5px;\n}\n<\/style>\n\t<\/div>\n\t\n\t<div id=\"text-2720761978\" class=\"text\">\n\t\t\n<h4>Kreat\u00edvny<\/h4>\n\t\t\n<style>\n#text-2720761978 {\n  line-height: 0.75;\n}\n<\/style>\n\t<\/div>\n\t\n\t\t<\/div>\n\t\t\t\t\t<\/div>\n\n\t\n<\/div>\n\t\t<\/div>\n\t\t\t\t\n<style>\n#col-367124979 > .col-inner {\n  padding: 0px 5% 0px 5%;\n  margin: 0px 0px 0px 0px;\n}\n@media (min-width:850px) {\n  #col-367124979 > .col-inner {\n    padding: 0px 10% 0px 10%;\n    margin: 0px 0px -15px 0px;\n  }\n}\n<\/style>\n\t<\/div>\n\n\t\n<\/div>\n\t\t<\/div>\n\t\t\t\t\t<\/div>\n\n\t\n<\/div>\n\t\t<\/div>\n\n\t\t\n<style>\n#section_1948870369 {\n  padding-top: 50px;\n  padding-bottom: 50px;\n  background-color: rgb(237, 236, 232);\n}\n<\/style>\n\t<\/section>","protected":false},"excerpt":{"rendered":"","protected":false},"author":10,"featured_media":0,"parent":0,"menu_order":0,"comment_status":"closed","ping_status":"closed","template":"","meta":{"slim_seo":{"title":"O n\u00e1s - 3D puzzle","description":"O n\u00e1s Sme ofici\u00e1lnymi distrib\u00fatormi zna\u010dky Ewa Eco Wood Art Italia. Mechanick\u00e9 modely v stavebnicovej forme, ktor\u00e9 si m\u00f4\u017eete zostavi\u0165 sami (bez lepidla a st"},"footnotes":""},"class_list":["post-457","page","type-page","status-publish","hentry"],"_links":{"self":[{"href":"https:\/\/puzzle3d.co\/sk\/wp-json\/wp\/v2\/pages\/457","targetHints":{"allow":["GET"]}}],"collection":[{"href":"https:\/\/puzzle3d.co\/sk\/wp-json\/wp\/v2\/pages"}],"about":[{"href":"https:\/\/puzzle3d.co\/sk\/wp-json\/wp\/v2\/types\/page"}],"author":[{"embeddable":true,"href":"https:\/\/puzzle3d.co\/sk\/wp-json\/wp\/v2\/users\/10"}],"replies":[{"embeddable":true,"href":"https:\/\/puzzle3d.co\/sk\/wp-json\/wp\/v2\/comments?post=457"}],"version-history":[{"count":0,"href":"https:\/\/puzzle3d.co\/sk\/wp-json\/wp\/v2\/pages\/457\/revisions"}],"wp:attachment":[{"href":"https:\/\/puzzle3d.co\/sk\/wp-json\/wp\/v2\/media?parent=457"}],"curies":[{"name":"wp","href":"https:\/\/api.w.org\/{rel}","templated":true}]}}