{"id":3037,"date":"2023-11-15T18:15:18","date_gmt":"2023-11-15T18:15:18","guid":{"rendered":"https:\/\/puzzle3d.co\/?page_id=3037"},"modified":"2025-02-16T07:14:26","modified_gmt":"2025-02-16T07:14:26","slug":"vyhlasenie-o-ochrane-osobnych-udajov-v-eu","status":"publish","type":"page","link":"https:\/\/puzzle3d.co\/sk\/dichiarazione-sulla-privacy-ue\/","title":{"rendered":"Vyhl\u00e1senie o ochrane osobn\u00fdch \u00fadajov (E\u00da)"},"content":{"rendered":"<h1><span id=\"Dichiarazione_sulla_Privacy_UE\"><strong>Vyhl\u00e1senie o ochrane osobn\u00fdch \u00fadajov (E\u00da)<\/strong><\/span><\/h1>\n<p><em>Toto vyhl\u00e1senie o ochrane osobn\u00fdch \u00fadajov bolo naposledy aktualizovan\u00e9 21. okt\u00f3bra 2022 a vz\u0165ahuje sa na ob\u010danov a osoby s leg\u00e1lnym trval\u00fdm pobytom v Eur\u00f3pskom hospod\u00e1rskom priestore a \u0160vaj\u010diarsku.<\/em><\/p>\n<p>V tomto vyhl\u00e1sen\u00ed o ochrane osobn\u00fdch \u00fadajov vysvet\u013eujeme, \u010do rob\u00edme s \u00fadajmi, ktor\u00e9 od v\u00e1s z\u00edskavame prostredn\u00edctvom str\u00e1nky https:\/\/puzzle3d.co. Odpor\u00fa\u010dame v\u00e1m, aby ste si toto vyhl\u00e1senie pozorne pre\u010d\u00edtali. Pri sprac\u00favan\u00ed \u00fadajov dodr\u017eiavame po\u017eiadavky pr\u00e1vnych predpisov o ochrane osobn\u00fdch \u00fadajov. To okrem in\u00e9ho znamen\u00e1, \u017ee:<\/p>\n<ul>\n<li>jasne informujeme o d\u00f4vode, pre\u010do sprac\u00favame osobn\u00e9 \u00fadaje. Rob\u00edme to prostredn\u00edctvom tohto vyhl\u00e1senia o ochrane osobn\u00fdch \u00fadajov;<\/li>\n<li>Na\u0161\u00edm cie\u013eom je obmedzi\u0165 zhroma\u017e\u010fovanie osobn\u00fdch \u00fadajov len na tie, ktor\u00e9 s\u00fa potrebn\u00e9 na legit\u00edmne \u00fa\u010dely;<\/li>\n<li>najprv v\u00e1s po\u017eiadame o v\u00fdslovn\u00fd s\u00fahlas so spracovan\u00edm va\u0161ich osobn\u00fdch \u00fadajov v pr\u00edpadoch, ktor\u00e9 si vy\u017eaduj\u00fa v\u00e1\u0161 s\u00fahlas;<\/li>\n<li>Prij\u00edmame primeran\u00e9 bezpe\u010dnostn\u00e9 opatrenia na ochranu va\u0161ich osobn\u00fdch \u00fadajov a vy\u017eadujeme to aj od str\u00e1n, ktor\u00e9 sprac\u00favaj\u00fa osobn\u00e9 \u00fadaje v na\u0161om mene;<\/li>\n<li>re\u0161pektujeme va\u0161e pr\u00e1vo na pr\u00edstup k va\u0161im osobn\u00fdm \u00fadajom alebo na ich opravu \u010di vymazanie na va\u0161u \u017eiados\u0165.<\/li>\n<\/ul>\n<p>Ak m\u00e1te ak\u00e9ko\u013evek ot\u00e1zky alebo chcete presne vedie\u0165, ak\u00e9 \u00fadaje uklad\u00e1me, kontaktujte n\u00e1s.<\/p>\n<ol>\n<li><strong>\u00da\u010del, \u00fadaje a doba uchov\u00e1vania<\/strong><\/li>\n<\/ol>\n<p>Osobn\u00e9 \u00fadaje m\u00f4\u017eeme zhroma\u017e\u010fova\u0165 alebo prij\u00edma\u0165 na r\u00f4zne \u00fa\u010dely s\u00favisiace s na\u0161ou obchodnou \u010dinnos\u0165ou, ktor\u00e9 m\u00f4\u017eu zah\u0155\u0148a\u0165: (kliknite na tla\u010didlo pre roz\u0161\u00edrenie)<\/p>\n<h3><span id=\"11_Contatto_8211_Tramite_telefono_posta_email_eo_moduli_web\">1.1 Kontakt - telefonicky, po\u0161tou, e-mailom a\/alebo prostredn\u00edctvom webov\u00fdch formul\u00e1rov<\/span><\/h3>\n<p><strong>Na tento \u00fa\u010del pou\u017e\u00edvame tieto \u00fadaje:<\/strong><\/p>\n<ul>\n<li>Meno a priezvisko<\/li>\n<li>N\u00e1zov \u00fa\u010dtu alebo prez\u00fdvka<\/li>\n<li>Dom alebo in\u00e1 fyzick\u00e1 adresa vr\u00e1tane n\u00e1zvu ulice a mesta<\/li>\n<li>E-mailov\u00e1 adresa<\/li>\n<li>Telef\u00f3nne \u010d\u00edslo<\/li>\n<li>IP adresa<\/li>\n<li>inform\u00e1cie o aktivit\u00e1ch na internete, okrem in\u00e9ho vr\u00e1tane hist\u00f3rie prehliadania, hist\u00f3rie vyh\u013ead\u00e1vania a inform\u00e1ci\u00ed t\u00fdkaj\u00facich sa interakcie pou\u017e\u00edvate\u013ea s internetovou str\u00e1nkou, aplik\u00e1ciou alebo reklamou<\/li>\n<li>Geoloka\u010dn\u00e9 \u00fadaje<\/li>\n<\/ul>\n<p><strong>Z\u00e1kladom, na z\u00e1klade ktor\u00e9ho sprac\u00favame \u00fadaje, je:<\/strong><\/p>\n<p><a href=\"https:\/\/cookiedatabase.org\/legal-bases\/#consent\" target=\"_blank\" rel=\"noopener\">Na z\u00e1klade s\u00fahlasu.<\/a><\/p>\n<p><strong>Doba skladovania<\/strong><\/p>\n<p>Po ukon\u010den\u00ed slu\u017eby uchov\u00e1vame tieto \u00fadaje po\u010das nasleduj\u00faceho obdobia: 24 mesiacov.<\/p>\n<h3><span id=\"12_Pagamenti\">1.2 Platby<\/span><\/h3>\n<p><strong>Na tento \u00fa\u010del pou\u017e\u00edvame tieto \u00fadaje:<\/strong><\/p>\n<ul>\n<li>Meno a priezvisko<\/li>\n<li>N\u00e1zov \u00fa\u010dtu alebo prez\u00fdvka<\/li>\n<li>Dom alebo in\u00e1 fyzick\u00e1 adresa vr\u00e1tane n\u00e1zvu ulice a mesta<\/li>\n<li>E-mailov\u00e1 adresa<\/li>\n<li>Telef\u00f3nne \u010d\u00edslo<\/li>\n<li>IP adresa<\/li>\n<li>inform\u00e1cie o aktivit\u00e1ch na internete, okrem in\u00e9ho vr\u00e1tane hist\u00f3rie prehliadania, hist\u00f3rie vyh\u013ead\u00e1vania a inform\u00e1ci\u00ed t\u00fdkaj\u00facich sa interakcie pou\u017e\u00edvate\u013ea s internetovou str\u00e1nkou, aplik\u00e1ciou alebo reklamou<\/li>\n<\/ul>\n<p><strong>Z\u00e1kladom, na z\u00e1klade ktor\u00e9ho sprac\u00favame \u00fadaje, je:<\/strong><\/p>\n<p><a href=\"https:\/\/cookiedatabase.org\/legal-bases\/#consent\" target=\"_blank\" rel=\"noopener\">Na z\u00e1klade s\u00fahlasu.<\/a><\/p>\n<p><strong>Doba skladovania<\/strong><\/p>\n<p>Po ukon\u010den\u00ed slu\u017eby uchov\u00e1vame tieto \u00fadaje po\u010das nasleduj\u00faceho obdobia: 24 mesiacov.<\/p>\n<h3><span id=\"13_Registrazione_account\">1.3 Registr\u00e1cia \u00fa\u010dtu<\/span><\/h3>\n<p><strong>Na tento \u00fa\u010del pou\u017e\u00edvame tieto \u00fadaje:<\/strong><\/p>\n<ul>\n<li>Meno a priezvisko<\/li>\n<li>N\u00e1zov \u00fa\u010dtu alebo prez\u00fdvka<\/li>\n<li>Dom alebo in\u00e1 fyzick\u00e1 adresa vr\u00e1tane n\u00e1zvu ulice a mesta<\/li>\n<li>E-mailov\u00e1 adresa<\/li>\n<li>Telef\u00f3nne \u010d\u00edslo<\/li>\n<li>IP adresa<\/li>\n<li>inform\u00e1cie o aktivit\u00e1ch na internete, okrem in\u00e9ho vr\u00e1tane hist\u00f3rie prehliadania, hist\u00f3rie vyh\u013ead\u00e1vania a inform\u00e1ci\u00ed t\u00fdkaj\u00facich sa interakcie pou\u017e\u00edvate\u013ea s internetovou str\u00e1nkou, aplik\u00e1ciou alebo reklamou<\/li>\n<\/ul>\n<p><strong>Z\u00e1kladom, na z\u00e1klade ktor\u00e9ho sprac\u00favame \u00fadaje, je:<\/strong><\/p>\n<p><a href=\"https:\/\/cookiedatabase.org\/legal-bases\/#consent\" target=\"_blank\" rel=\"noopener\">Na z\u00e1klade s\u00fahlasu.<\/a><\/p>\n<p><strong>Doba skladovania<\/strong><\/p>\n<p>Po ukon\u010den\u00ed slu\u017eby uchov\u00e1vame tieto \u00fadaje po\u010das nasleduj\u00faceho obdobia: 24 mesiacov.<\/p>\n<h3><span id=\"14_Newsletter\">1.4 Newsletter<\/span><\/h3>\n<p><strong>Na tento \u00fa\u010del pou\u017e\u00edvame tieto \u00fadaje:<\/strong><\/p>\n<ul>\n<li>Meno a priezvisko<\/li>\n<li>N\u00e1zov \u00fa\u010dtu alebo prez\u00fdvka<\/li>\n<li>Dom alebo in\u00e1 fyzick\u00e1 adresa vr\u00e1tane n\u00e1zvu ulice a mesta<\/li>\n<li>E-mailov\u00e1 adresa<\/li>\n<li>Telef\u00f3nne \u010d\u00edslo<\/li>\n<li>IP adresa<\/li>\n<li>inform\u00e1cie o aktivit\u00e1ch na internete, okrem in\u00e9ho vr\u00e1tane hist\u00f3rie prehliadania, hist\u00f3rie vyh\u013ead\u00e1vania a inform\u00e1ci\u00ed t\u00fdkaj\u00facich sa interakcie pou\u017e\u00edvate\u013ea s internetovou str\u00e1nkou, aplik\u00e1ciou alebo reklamou<\/li>\n<\/ul>\n<p><strong>Z\u00e1kladom, na z\u00e1klade ktor\u00e9ho sprac\u00favame \u00fadaje, je:<\/strong><\/p>\n<p><a href=\"https:\/\/cookiedatabase.org\/legal-bases\/#consent\" target=\"_blank\" rel=\"noopener\">Na z\u00e1klade s\u00fahlasu.<\/a><\/p>\n<p><strong>Doba skladovania<\/strong><\/p>\n<p>Po ukon\u010den\u00ed slu\u017eby uchov\u00e1vame tieto \u00fadaje po\u010das nasleduj\u00faceho obdobia: 24 mesiacov.<\/p>\n<h3><span id=\"15_Per_supportare_servizi_o_prodotti_che_un_cliente_vogliono_o_hanno_comprato\">1.5 Podpora slu\u017eieb alebo produktov, ktor\u00e9 si z\u00e1kazn\u00edk \u017eel\u00e1 alebo zak\u00fapil<\/span><\/h3>\n<p><strong>Na tento \u00fa\u010del pou\u017e\u00edvame tieto \u00fadaje:<\/strong><\/p>\n<ul>\n<li>Meno a priezvisko<\/li>\n<li>N\u00e1zov \u00fa\u010dtu alebo prez\u00fdvka<\/li>\n<li>Dom alebo in\u00e1 fyzick\u00e1 adresa vr\u00e1tane n\u00e1zvu ulice a mesta<\/li>\n<li>E-mailov\u00e1 adresa<\/li>\n<li>Telef\u00f3nne \u010d\u00edslo<\/li>\n<li>IP adresa<\/li>\n<li>inform\u00e1cie o aktivit\u00e1ch na internete, okrem in\u00e9ho vr\u00e1tane hist\u00f3rie prehliadania, hist\u00f3rie vyh\u013ead\u00e1vania a inform\u00e1ci\u00ed t\u00fdkaj\u00facich sa interakcie pou\u017e\u00edvate\u013ea s internetovou str\u00e1nkou, aplik\u00e1ciou alebo reklamou<\/li>\n<li>Geoloka\u010dn\u00e9 \u00fadaje<\/li>\n<\/ul>\n<p><strong>Z\u00e1kladom, na z\u00e1klade ktor\u00e9ho sprac\u00favame \u00fadaje, je:<\/strong><\/p>\n<p><a href=\"https:\/\/cookiedatabase.org\/legal-bases\/#consent\" target=\"_blank\" rel=\"noopener\">Na z\u00e1klade s\u00fahlasu.<\/a><\/p>\n<p><strong>Doba skladovania<\/strong><\/p>\n<p>Po ukon\u010den\u00ed slu\u017eby uchov\u00e1vame tieto \u00fadaje po\u010das nasleduj\u00faceho obdobia: 24 mesiacov.<\/p>\n<h3><span id=\"16_Per_essere_in_grado_di_rispettare_gli_obblighi_legali\">1.6 Aby sme mohli plni\u0165 z\u00e1konn\u00e9 povinnosti<\/span><\/h3>\n<p><strong>Na tento \u00fa\u010del pou\u017e\u00edvame tieto \u00fadaje:<\/strong><\/p>\n<ul>\n<li>Meno a priezvisko<\/li>\n<li>N\u00e1zov \u00fa\u010dtu alebo prez\u00fdvka<\/li>\n<li>Dom alebo in\u00e1 fyzick\u00e1 adresa vr\u00e1tane n\u00e1zvu ulice a mesta<\/li>\n<li>E-mailov\u00e1 adresa<\/li>\n<li>Telef\u00f3nne \u010d\u00edslo<\/li>\n<li>IP adresa<\/li>\n<li>inform\u00e1cie o aktivit\u00e1ch na internete, okrem in\u00e9ho vr\u00e1tane hist\u00f3rie prehliadania, hist\u00f3rie vyh\u013ead\u00e1vania a inform\u00e1ci\u00ed t\u00fdkaj\u00facich sa interakcie pou\u017e\u00edvate\u013ea s internetovou str\u00e1nkou, aplik\u00e1ciou alebo reklamou<\/li>\n<\/ul>\n<p><strong>Z\u00e1kladom, na z\u00e1klade ktor\u00e9ho sprac\u00favame \u00fadaje, je:<\/strong><\/p>\n<p><a href=\"https:\/\/cookiedatabase.org\/legal-bases\/#consent\" target=\"_blank\" rel=\"noopener\">Na z\u00e1klade s\u00fahlasu.<\/a><\/p>\n<p><strong>Doba skladovania<\/strong><\/p>\n<p>Po ukon\u010den\u00ed slu\u017eby uchov\u00e1vame tieto \u00fadaje po\u010das nasleduj\u00faceho obdobia: 24 mesiacov.<\/p>\n<h3><span id=\"17_Compilazione_ed_analisi_di_statistiche_per_migliore_il_sito\">1.7 Zostavovanie a anal\u00fdza \u0161tatist\u00edk na zlep\u0161enie str\u00e1nky.<\/span><\/h3>\n<p><strong>Na tento \u00fa\u010del pou\u017e\u00edvame tieto \u00fadaje:<\/strong><\/p>\n<ul>\n<li>Meno a priezvisko<\/li>\n<li>N\u00e1zov \u00fa\u010dtu alebo prez\u00fdvka<\/li>\n<li>Dom alebo in\u00e1 fyzick\u00e1 adresa vr\u00e1tane n\u00e1zvu ulice a mesta<\/li>\n<li>E-mailov\u00e1 adresa<\/li>\n<li>Telef\u00f3nne \u010d\u00edslo<\/li>\n<li>IP adresa<\/li>\n<li>inform\u00e1cie o aktivit\u00e1ch na internete, okrem in\u00e9ho vr\u00e1tane hist\u00f3rie prehliadania, hist\u00f3rie vyh\u013ead\u00e1vania a inform\u00e1ci\u00ed t\u00fdkaj\u00facich sa interakcie pou\u017e\u00edvate\u013ea s internetovou str\u00e1nkou, aplik\u00e1ciou alebo reklamou<\/li>\n<li>Geoloka\u010dn\u00e9 \u00fadaje<\/li>\n<\/ul>\n<p><strong>Z\u00e1kladom, na z\u00e1klade ktor\u00e9ho sprac\u00favame \u00fadaje, je:<\/strong><\/p>\n<p><a href=\"https:\/\/cookiedatabase.org\/legal-bases\/#consent\" target=\"_blank\" rel=\"noopener\">Na z\u00e1klade s\u00fahlasu.<\/a><\/p>\n<p><strong>Doba skladovania<\/strong><\/p>\n<p>Po ukon\u010den\u00ed slu\u017eby uchov\u00e1vame tieto \u00fadaje po\u010das nasleduj\u00faceho obdobia: 24 mesiacov.<\/p>\n<h3><span id=\"18_Per_poter_offrire_prodotti_e_servizi_personalizzati\">1.8 Mo\u017enos\u0165 pon\u00faka\u0165 produkty a slu\u017eby na mieru<\/span><\/h3>\n<p><strong>Na tento \u00fa\u010del pou\u017e\u00edvame tieto \u00fadaje:<\/strong><\/p>\n<ul>\n<li>Meno a priezvisko<\/li>\n<li>N\u00e1zov \u00fa\u010dtu alebo prez\u00fdvka<\/li>\n<li>Dom alebo in\u00e1 fyzick\u00e1 adresa vr\u00e1tane n\u00e1zvu ulice a mesta<\/li>\n<li>E-mailov\u00e1 adresa<\/li>\n<li>Telef\u00f3nne \u010d\u00edslo<\/li>\n<li>IP adresa<\/li>\n<li>inform\u00e1cie o aktivit\u00e1ch na internete, okrem in\u00e9ho vr\u00e1tane hist\u00f3rie prehliadania, hist\u00f3rie vyh\u013ead\u00e1vania a inform\u00e1ci\u00ed t\u00fdkaj\u00facich sa interakcie pou\u017e\u00edvate\u013ea s internetovou str\u00e1nkou, aplik\u00e1ciou alebo reklamou<\/li>\n<li>Geoloka\u010dn\u00e9 \u00fadaje<\/li>\n<\/ul>\n<p><strong>Z\u00e1kladom, na z\u00e1klade ktor\u00e9ho sprac\u00favame \u00fadaje, je:<\/strong><\/p>\n<p><a href=\"https:\/\/cookiedatabase.org\/legal-bases\/#consent\" target=\"_blank\" rel=\"noopener\">Na z\u00e1klade s\u00fahlasu.<\/a><\/p>\n<p><strong>Doba skladovania<\/strong><\/p>\n<p>Po ukon\u010den\u00ed slu\u017eby uchov\u00e1vame tieto \u00fadaje po\u010das nasleduj\u00faceho obdobia: 24 mesiacov.<\/p>\n<ol start=\"2\">\n<li><strong>Cookies<\/strong><\/li>\n<\/ol>\n<p>Na\u0161a webov\u00e1 str\u00e1nka pou\u017e\u00edva s\u00fabory cookie. Viac inform\u00e1ci\u00ed o s\u00faboroch cookie n\u00e1jdete v na\u0161ich Z\u00e1sad\u00e1ch pou\u017e\u00edvania s\u00faborov cookie.<\/p>\n<p>So spolo\u010dnos\u0165ou Google sme uzavreli zmluvu o spracovan\u00ed \u00fadajov.<\/p>\n<p>Spolo\u010dnos\u0165 Google nem\u00f4\u017ee tieto \u00fadaje pou\u017ei\u0165 pre in\u00e9 slu\u017eby spolo\u010dnosti Google.<\/p>\n<ol start=\"3\">\n<li><strong>Zabezpe\u010denie<\/strong><\/li>\n<\/ol>\n<p>Zav\u00e4zujeme sa k bezpe\u010dnosti osobn\u00fdch \u00fadajov. Prij\u00edmame primeran\u00e9 bezpe\u010dnostn\u00e9 opatrenia na obmedzenie zneu\u017eitia a neopr\u00e1vnen\u00e9ho pr\u00edstupu k osobn\u00fdm \u00fadajom. T\u00fdm zabezpe\u010dujeme, aby k va\u0161im \u00fadajom mali pr\u00edstup len potrebn\u00e9 osoby, aby bol pr\u00edstup k \u00fadajom chr\u00e1nen\u00fd a aby boli na\u0161e bezpe\u010dnostn\u00e9 opatrenia pravidelne kontrolovan\u00e9.<\/p>\n<ol start=\"4\">\n<li><strong>Webov\u00e9 str\u00e1nky tret\u00edch str\u00e1n<\/strong><\/li>\n<\/ol>\n<p>Toto vyhl\u00e1senie o ochrane osobn\u00fdch \u00fadajov sa nevz\u0165ahuje na webov\u00e9 str\u00e1nky tret\u00edch str\u00e1n, ktor\u00e9 s\u00fa prepojen\u00e9 s na\u0161ou webovou str\u00e1nkou. Nem\u00f4\u017eeme zaru\u010di\u0165, \u017ee tieto tretie strany sprac\u00favaj\u00fa va\u0161e osobn\u00e9 \u00fadaje spo\u013eahlivo a bezpe\u010dne. Odpor\u00fa\u010dame v\u00e1m, aby ste si pred pou\u017eit\u00edm t\u00fdchto webov\u00fdch str\u00e1nok pre\u010d\u00edtali ich vyhl\u00e1senia o ochrane osobn\u00fdch \u00fadajov.<\/p>\n<ol start=\"5\">\n<li><strong>Pokuty za toto vyhl\u00e1senie o ochrane osobn\u00fdch \u00fadajov.<\/strong><\/li>\n<\/ol>\n<p>Vyhradzujeme si pr\u00e1vo na zmeny tohto vyhl\u00e1senia o ochrane osobn\u00fdch \u00fadajov. Odpor\u00fa\u010dame v\u00e1m, aby ste si toto vyhl\u00e1senie o ochrane osobn\u00fdch \u00fadajov pravidelne prezerali, aby ste boli informovan\u00ed o v\u0161etk\u00fdch zmen\u00e1ch. Okrem toho v\u00e1s budeme akt\u00edvne informova\u0165 v\u0161ade, kde to bude mo\u017en\u00e9.<\/p>\n<ol start=\"6\">\n<li><strong>Pr\u00edstup k \u00fadajom a ich \u00faprava<\/strong><\/li>\n<\/ol>\n<p>Ak m\u00e1te ak\u00e9ko\u013evek ot\u00e1zky alebo chcete presne vedie\u0165, ak\u00e9 osobn\u00e9 \u00fadaje o v\u00e1s m\u00e1me, kontaktujte n\u00e1s.<\/p>\n<ul>\n<li>M\u00e1te pr\u00e1vo vedie\u0165, kedy s\u00fa va\u0161e osobn\u00e9 \u00fadaje potrebn\u00e9, \u010do sa s nimi deje a ako dlho sa bud\u00fa uchov\u00e1va\u0165.<\/li>\n<li>Pr\u00e1vo na pr\u00edstup: m\u00e1te pr\u00e1vo na pr\u00edstup k va\u0161im osobn\u00fdm \u00fadajom, ktor\u00e9 s\u00fa n\u00e1m zn\u00e1me.<\/li>\n<li>Pr\u00e1vo na opravu: m\u00e1te pr\u00e1vo doplni\u0165, opravi\u0165, vymaza\u0165 alebo zablokova\u0165 svoje osobn\u00e9 \u00fadaje, kedyko\u013evek si to \u017eel\u00e1te.<\/li>\n<li>Ak m\u00e1te ak\u00e9ko\u013evek ot\u00e1zky alebo probl\u00e9my s pr\u00edstupnos\u0165ou webovej str\u00e1nky, nev\u00e1hajte n\u00e1s kontaktova\u0165.<\/li>\n<li>Pr\u00e1vo na prenos va\u0161ich \u00fadajov: m\u00e1te pr\u00e1vo vy\u017eiada\u0165 si v\u0161etky svoje \u00fadaje od prev\u00e1dzkovate\u013ea a prenies\u0165 ich v\u0161etky k in\u00e9mu prev\u00e1dzkovate\u013eovi.<\/li>\n<li>Pr\u00e1vo namieta\u0165: m\u00e1te pr\u00e1vo namieta\u0165 proti spracovaniu va\u0161ich \u00fadajov. T\u00fato vo\u013ebu budeme re\u0161pektova\u0165, pokia\u013e neexistuje platn\u00fd d\u00f4vod na spracovanie.<\/li>\n<\/ul>\n<p>V\u017edy jasne uve\u010fte, kto ste, aby ste mali istotu, \u017ee nevyma\u017eete alebo nezmen\u00edte \u00fadaje nespr\u00e1vnej osoby.<\/p>\n<ol start=\"7\">\n<li><strong>Odoslanie s\u0165a\u017enosti<\/strong><\/li>\n<\/ol>\n<p>Ak nie ste spokojn\u00ed s t\u00fdm, ako sprac\u00favame va\u0161e osobn\u00e9 \u00fadaje (s\u0165a\u017enos\u0165), m\u00e1te pr\u00e1vo posla\u0165 s\u0165a\u017enos\u0165 na \u00darad na ochranu osobn\u00fdch \u00fadajov.<\/p>\n<ol start=\"8\">\n<li><strong>Kontaktn\u00e9 \u00fadaje<\/strong><\/li>\n<\/ol>\n<p><strong>PUZZLE3D.CO<\/strong><br \/>\n<span style=\"font-size: 75%;\">(MEDDYS SNC)<\/span><\/p>\n<p>Via Bologna 10<br \/>\nBovezzo (BS) 25073<br \/>\nTaliansko<\/p>\n<p>Webov\u00e1 str\u00e1nka: https:\/\/puzzle3d.co<br \/>\nE-mail: support@puzzle3d.co<br \/>\nTelef\u00f3nne \u010d\u00edslo: 371 5394 647<\/p>","protected":false},"excerpt":{"rendered":"<p>Dichiarazione sulla Privacy (UE) Questa dichiarazione sulla privacy \u00e8 stata aggiornata l\u2019ultima volta il Ottobre 21, 2022 e si applica ai cittadini e ai residenti permanenti legali dello Spazio Economico Europeo e della Svizzera In questa dichiarazione sulla privacy, spieghiamo cosa facciamo con i dati che otteniamo da te attraverso\u00a0https:\/\/puzzle3d.co\u00a0Ti consigliamo di leggere attentamente la [&#8230;]\n","protected":false},"author":10,"featured_media":0,"parent":0,"menu_order":0,"comment_status":"closed","ping_status":"closed","template":"","meta":{"footnotes":""},"class_list":["post-3037","page","type-page","status-publish","hentry"],"_links":{"self":[{"href":"https:\/\/puzzle3d.co\/sk\/wp-json\/wp\/v2\/pages\/3037","targetHints":{"allow":["GET"]}}],"collection":[{"href":"https:\/\/puzzle3d.co\/sk\/wp-json\/wp\/v2\/pages"}],"about":[{"href":"https:\/\/puzzle3d.co\/sk\/wp-json\/wp\/v2\/types\/page"}],"author":[{"embeddable":true,"href":"https:\/\/puzzle3d.co\/sk\/wp-json\/wp\/v2\/users\/10"}],"replies":[{"embeddable":true,"href":"https:\/\/puzzle3d.co\/sk\/wp-json\/wp\/v2\/comments?post=3037"}],"version-history":[{"count":0,"href":"https:\/\/puzzle3d.co\/sk\/wp-json\/wp\/v2\/pages\/3037\/revisions"}],"wp:attachment":[{"href":"https:\/\/puzzle3d.co\/sk\/wp-json\/wp\/v2\/media?parent=3037"}],"curies":[{"name":"wp","href":"https:\/\/api.w.org\/{rel}","templated":true}]}}