{"id":1249,"date":"2023-02-09T10:27:01","date_gmt":"2023-02-09T10:27:01","guid":{"rendered":"https:\/\/puzzle3d.co\/politica-de-confidentialitate-ro-copy\/"},"modified":"2025-02-16T07:14:42","modified_gmt":"2025-02-16T07:14:42","slug":"pravo-na-odstupenie-od-zmluvy","status":"publish","type":"page","link":"https:\/\/puzzle3d.co\/sk\/diritto-di-recesso\/","title":{"rendered":"Pr\u00e1vo na odst\u00fapenie od zmluvy"},"content":{"rendered":"<header class=\"entry-header ast-no-thumbnail ast-no-meta\">\n<h1 class=\"h3-classico-pag\"><span id=\"Diritto_di_recessodirettiva_201183UE_ratificata_in_Italia_con_il_D_LGS_21_febbraio_2014_N_21\"><strong>Pr\u00e1vo na odst\u00fapenie od zmluvy<\/strong><\/span><\/h1>\n<div><strong>DODANIE<\/strong><\/div>\n<div>\u00a0<\/div>\n<div>V\u00fdrobky sa dod\u00e1vaj\u00fa r\u00fdchlou kuri\u00e9rskou slu\u017ebou. Maxim\u00e1lna hodnota z\u00e1v\u00e4zkov spolo\u010dnosti Puzzle 3D vo\u010di ak\u00e9muko\u013evek z\u00e1kazn\u00edkovi v pr\u00edpade nedodania alebo nespr\u00e1vneho dodania zak\u00fapen\u00fdch v\u00fdrobkov je suma, ktor\u00fa na\u0161a spolo\u010dnos\u0165 inkasuje od pr\u00edslu\u0161n\u00e9ho z\u00e1kazn\u00edka. V pr\u00edpade, \u017ee sa ceny alebo in\u00e9 \u00fadaje o produkte zobrazia nespr\u00e1vne, a to aj z d\u00f4vodu ich nespr\u00e1vneho zadania do datab\u00e1zy, spolo\u010dnos\u0165 Puzzle3D.co si vyhradzuje pr\u00e1vo zru\u0161i\u0165 dod\u00e1vku pr\u00edslu\u0161n\u00e9ho produktu a \u010do najsk\u00f4r informova\u0165 z\u00e1kazn\u00edka o vzniknutej chybe.<\/div>\n<div>\u00a0<\/div>\n<div><strong>Objedn\u00e1vky na dobierku, ktor\u00e9 nebud\u00fa potvrden\u00e9 telefonicky, bud\u00fa zru\u0161en\u00e9.<\/strong><\/div>\n<div>\u00a0<\/div>\n<div>Poplatok za doru\u010denie je 3,95 eura pri objedn\u00e1vkach do 80 lei, bez oh\u013eadu na hmotnos\u0165 alebo adresu doru\u010denia.<\/div>\n<div>Objedn\u00e1vky v hodnote nad 80 eur maj\u00fa doru\u010denie zdarma.<\/div>\n<div>Objedn\u00e1vky na dobierku, ktor\u00e9 nebud\u00fa potvrden\u00e9 telefonicky, bud\u00fa zru\u0161en\u00e9.<\/div>\n<div>V\u00fdrobky objednan\u00e9 na tejto str\u00e1nke sa doru\u010dia hne\u010f po telefonickom potvrden\u00ed objedn\u00e1vky niektor\u00e9mu z na\u0161ich oper\u00e1torov.<\/div>\n<div>Od okamihu potvrdenia objedn\u00e1vky v\u00e1s budeme kontaktova\u0165 e-mailom alebo telefonicky a n\u00e1sledne dostanete \u010d\u00edslo AWB a budete m\u00f4c\u0165 sledova\u0165, kde sa va\u0161a z\u00e1sielka nach\u00e1dza priamo na webovej str\u00e1nke kuri\u00e9ra.<\/div>\n<div>\u00a0<\/div>\n<div>Doba dodania v\u00fdrobkov z\u00e1vis\u00ed od ich skladov\u00fdch z\u00e1sob. Zvy\u010dajne do 24-48 hod\u00edn po potvrden\u00ed objedn\u00e1vky dostanete v\u00fdrobok domov, ak je pr\u00edslu\u0161n\u00fd v\u00fdrobok na na\u0161om sklade. Ak v niektor\u00fdch pr\u00edpadoch v\u00fdrobok nie je na sklade, oper\u00e1tor v\u00e1s bude telefonicky alebo e-mailom informova\u0165 o \u010dase dodania objednan\u00fdch v\u00fdrobkov.<\/div>\n<h3 class=\"h3-classico-pag\"><span id=\"Diritto_di_recessodirettiva_201183UE_ratificata_in_Italia_con_il_D_LGS_21_febbraio_2014_N_21\">(smernica 2011\/83\/E\u00da, ratifikovan\u00e1 v Taliansku legislat\u00edvnym dekr\u00e9tom \u010d. 21 z 21. febru\u00e1ra 2014)<\/span><\/h3>\n<p class=\"p-classico-pag\">Spotrebite\u013e (t. j. fyzick\u00e1 osoba, ktor\u00e1 nakupuje tovar na \u00fa\u010dely, ktor\u00e9 nes\u00favisia s jej profesion\u00e1lnou \u010dinnos\u0165ou, t. j. ktor\u00e1 n\u00e1kup neuskuto\u010d\u0148uje uveden\u00edm I\u010c DPH v objedn\u00e1vkovom formul\u00e1ri) m\u00e1 pr\u00e1vo odst\u00fapi\u0165 od k\u00fapnej zmluvy uzavretej na dia\u013eku bez uvedenia d\u00f4vodu a bez sankcie.<\/p>\n<p class=\"p-classico-pag\">Pri prevzat\u00ed tovaru m\u00e1 spotrebite\u013e <strong>14 dn\u00ed<\/strong> ozn\u00e1mi\u0165 svoje \u017eelanie uplatni\u0165 odst\u00fapenie od zmluvy. Ozn\u00e1menie sa m\u00f4\u017ee uskuto\u010dni\u0165 napr\u00edklad prostredn\u00edctvom slu\u017eobn\u00e9ho l\u00edstka, doporu\u010den\u00e9ho listu alebo e-mailu. Tak\u00e9to ozn\u00e1menie mus\u00ed obsahova\u0165 meno a priezvisko kupuj\u00faceho, \u010d\u00edslo objedn\u00e1vky, \u010d\u00edslo fakt\u00fary a d\u00e1tum n\u00e1kupu.<\/p>\n<p class=\"p-classico-pag\">Spotrebite\u013e je povinn\u00fd vr\u00e1ti\u0165 v\u00fdrobky v rovnakom stave, v akom ich dostal, s p\u00f4vodn\u00fdm obalom (neporu\u0161en\u00fdm a kompletn\u00fdm vo v\u0161etk\u00fdch jeho \u010dastiach, preto\u017ee sa pova\u017euj\u00fa za neoddelite\u013en\u00fa s\u00fa\u010das\u0165 tovaru), n\u00e1vodmi, pr\u00edslu\u0161enstvom, komponentmi, k\u013e\u00fa\u010dmi a v\u0161etk\u00fdm ostatn\u00fdm, \u010do bolo dodan\u00e9, bez ak\u00e9hoko\u013evek nedostatku.<\/p>\n<p class=\"p-classico-pag\">Spotrebite\u013e zodpoved\u00e1 len za ak\u00e9ko\u013evek zn\u00ed\u017eenie hodnoty tovaru v d\u00f4sledku zaobch\u00e1dzania s n\u00edm, ktor\u00e9 nie je nevyhnutn\u00e9 na zistenie povahy, vlastnost\u00ed a funk\u010dnosti tovaru.<br \/>V pr\u00edpade, \u017ee je tovar zjavne pou\u017eit\u00fd a\/alebo mu ch\u00fdba obal alebo je neporu\u0161en\u00fd, n\u00e1sledn\u00e9 obchodn\u00e9 znehodnotenie pri op\u00e4tovnom uveden\u00ed na trh ako \"pou\u017eit\u00fd v\u00fdrobok\" povedie k zn\u00ed\u017eeniu hodnoty.<\/p>\n<p class=\"p-classico-pag\">Ak je to mo\u017en\u00e9, odpor\u00fa\u010dame v z\u00e1ujme obmedzenia po\u0161kodenia p\u00f4vodn\u00e9ho obalu umiestni\u0165 ho do druhej \u0161katule a v ka\u017edom pr\u00edpade sa vyhn\u00fa\u0165 lepeniu \u0161t\u00edtkov alebo lepiacej p\u00e1sky priamo na p\u00f4vodn\u00fd obal v\u00fdrobku.<\/p>\n<p class=\"p-classico-pag\">Spotrebite\u013e je povinn\u00fd do 14 dn\u00ed od ozn\u00e1menia o odst\u00fapen\u00ed od zmluvy zabezpe\u010di\u0165 vr\u00e1tenie v\u00fdrobku na adresu Puzzle 3D (MEDDYS SNC ) - Via Bologna 10, 25073 Bovezzo (BS), Taliansko, a to prostredn\u00edctvom vlastn\u00e9ho prepravcu. N\u00e1klady na vr\u00e1tenie zn\u00e1\u0161a spotrebite\u013e.<br \/>A\u017e do potvrdenia prijatia na vy\u0161\u0161ie uvedenej adrese cestuje tovar na zodpovednos\u0165 spotrebite\u013ea; preto sa odpor\u00fa\u010da poisti\u0165 spiato\u010dn\u00fa z\u00e1sielku proti kr\u00e1de\u017ei, strate alebo po\u0161kodeniu po\u010das prepravy, za ktor\u00e9 AgriEuro nenesie \u017eiadnu zodpovednos\u0165.<\/p>\n<p class=\"p-classico-pag\">Do 14 dn\u00ed od prijatia tovaru vr\u00e1time z\u00e1kazn\u00edkovi cel\u00fa sumu transakcie (s v\u00fdhradou vy\u0161\u0161ie uveden\u00fdch obmedzen\u00ed), pri\u010dom pou\u017eijeme rovnak\u00fd sp\u00f4sob platby, ak\u00fd bol pou\u017eit\u00fd pri p\u00f4vodnom n\u00e1kupe. Vr\u00e1tenie pe\u0148az\u00ed m\u00f4\u017ee by\u0165 pozastaven\u00e9, k\u00fdm spotrebite\u013e nepreuk\u00e1\u017ee, \u017ee tovar skuto\u010dne poslal sp\u00e4\u0165.<\/p>\n<h3 class=\"h3-classico-pag\"><span id=\"Recesso_del_Fornitore\"><strong>Odst\u00fapenie dod\u00e1vate\u013ea<\/strong><\/span><\/h3>\n<p class=\"p-classico-pag\">MEDDYS SNC, m\u00e1 pr\u00e1vo odst\u00fapi\u0165 od k\u00fapnej zmluvy jednoduch\u00fdm od\u00f4vodnen\u00fdm ozn\u00e1men\u00edm z\u00e1kazn\u00edkovi v pr\u00edpade vy\u0161\u0161ej moci alebo mimoriadnej nemo\u017enosti, ktor\u00fa nemo\u017eno prip\u00edsa\u0165 internetov\u00e9mu obchodu alebo dopravcovi. V tak\u00fdchto pr\u00edpadoch m\u00e1 z\u00e1kazn\u00edk n\u00e1rok len na vr\u00e1tenie u\u017e zaplatenej sumy.<\/p>\n<div><strong>\u00a0<\/strong><\/div>\n<div><strong>AKO VR\u00c1TI\u0164 V\u00ddROBOK?<\/strong><\/div>\n<div>\u00a0<\/div>\n<div>Pod\u013ea platn\u00fdch predpisov GEO 34\/2014 m\u00f4\u017eete produkty zak\u00fapen\u00e9 na str\u00e1nke Puzzle3D.co vr\u00e1ti\u0165 do 14 dn\u00ed od ich zak\u00fapenia.<\/div>\n<div>\u00a0<\/div>\n<div>V\u00fdrobok je mo\u017en\u00e9 vr\u00e1ti\u0165 za t\u00fdchto podmienok:<\/div>\n<div>\u00a0<\/div>\n<div>bez zn\u00e1mok mont\u00e1\u017ee, \u0161krabancov, n\u00e1razov<\/div>\n<div>neporu\u0161en\u00e9 obaly, etikety a pr\u00edslu\u0161enstvo<\/div>\n<div>nevykazova\u0165 \u017eiadne zn\u00e1mky pou\u017e\u00edvania<\/div>\n<div>V\u00fdrobok je mo\u017en\u00e9 vr\u00e1ti\u0165, len ak je v bezchybnom stave (vr\u00e1tane obalu) a nevykazuje zn\u00e1mky opotrebovania. V pr\u00edpade odmietnutia v\u00fdrobku n\u00e1s do 24 hod\u00edn od jeho prevzatia kontaktujte telefonicky alebo e-mailom, aby sme zistili podrobnosti o vr\u00e1ten\u00ed.<\/div>\n<div>\u00a0<\/div>\n<div>N\u00e1klady na vr\u00e1tenie tovaru zn\u00e1\u0161a z\u00e1kazn\u00edk a vr\u00e1tenie hodnoty v\u00fdrobku sa uskuto\u010dn\u00ed pribli\u017ene do 5-7 pracovn\u00fdch dn\u00ed a nesmie presiahnu\u0165 z\u00e1konn\u00fa lehotu 14 dn\u00ed.<\/div>\n<div>\u00a0<\/div>\n<div>Ak je vr\u00e1ten\u00fd v\u00fdrobok po\u0161koden\u00fd, vykazuje zjavn\u00e9 zn\u00e1mky pou\u017e\u00edvania a ned\u00e1 sa preda\u0165 ako nov\u00fd v\u00fdrobok, vyhradzujeme si pr\u00e1vo v\u00fdrobok odmietnu\u0165. V\u0161etky tieto ustanovenia a podmienky s\u00fa uveden\u00e9 v:<\/div>\n<div>\u00a0<\/div>\n<div>Mimoriadne nariadenie \u010d. 34\/2014 o pr\u00e1vnom re\u017eime zml\u00fav na dia\u013eku.<\/div>\n<div>\u00a0<\/div>\n<div>Kontaktujte n\u00e1s e-mailom: support@puzzle3D.co<\/div>\n<div>Sp\u00e4tn\u00e1 adresa v\u00fdrobku:<\/div>\n<div>\u00a0<\/div>\n<div>Via Bologna 10<\/div>\n<div>Bovezz (BS) 25073<\/div>\n<div>Taliansko<\/div>\n<div>\u00a0<\/div>\n<div>Upozornenie: Neodosielajte v\u00fdrobok pred z\u00edskan\u00edm s\u00fahlasu oddelenia pre vr\u00e1tenie tovaru, adresa pre vr\u00e1tenie tovaru sa m\u00f4\u017ee l\u00ed\u0161i\u0165 od adresy spolo\u010dnosti!<\/div>\n<div>\u00a0<\/div>\n<div>AKO V\u00c1M VR\u00c1TIME PENIAZE?<\/div>\n<div>\u00a0<\/div>\n<div>v pr\u00edpade objedn\u00e1vok platen\u00fdch kartou online - vr\u00e1ten\u00edm na bankov\u00fd \u00fa\u010det, z ktor\u00e9ho bola platba vykonan\u00e1<\/div>\n<div>pre objedn\u00e1vky platen\u00e9 na dobierku\/iTransferom\/- bankov\u00fdm prevodom<\/div>\n<div>Puzzle3D.co m\u00f4\u017ee odlo\u017ei\u0165 vr\u00e1tenie sumy a\u017e do prevzatia predan\u00e9ho Tovaru alebo do prijatia dokladu o jeho odoslan\u00ed, ak Tovar nepon\u00fakol na prevzatie s\u00e1m (pod\u013ea toho, \u010do nastane nesk\u00f4r). .<\/div>\n<div>\u00a0<\/div>\n<div>Ak v\u00fdrobok objednan\u00fd kupuj\u00facim nem\u00f4\u017ee pred\u00e1vaj\u00faci doda\u0165, pred\u00e1vaj\u00faci o tejto skuto\u010dnosti informuje z\u00e1kazn\u00edka\/kupuj\u00faceho a vr\u00e1ti protihodnotu v\u00fdrobku na \u00fa\u010det kupuj\u00faceho najnesk\u00f4r do 14 dn\u00ed odo d\u0148a, ke\u010f sa o tejto skuto\u010dnosti dozvedel.<\/div>\n<\/header>\n<p>\u00a0<\/p>\n<div class=\"is-divider divider clearfix\" style=\"max-width:0px;height:25px;background-color:rgb(255, 255, 255);\"><\/div>","protected":false},"excerpt":{"rendered":"<p>Diritto di recesso CONSEGNA \u00a0 La consegna dei prodotti viene effettuata tramite corriere veloce. Il valore massimo degli obblighi di Puzzle 3D nei confronti di qualsiasi cliente in caso di mancata consegna o consegna impropria dei prodotti acquistati \u00e8 l&#8217;importo riscosso dalla nostra azienda dal rispettivo cliente. Nel caso in cui i prezzi o altri [&#8230;]\n","protected":false},"author":10,"featured_media":0,"parent":0,"menu_order":0,"comment_status":"closed","ping_status":"closed","template":"","meta":{"footnotes":""},"class_list":["post-1249","page","type-page","status-publish","hentry"],"_links":{"self":[{"href":"https:\/\/puzzle3d.co\/sk\/wp-json\/wp\/v2\/pages\/1249","targetHints":{"allow":["GET"]}}],"collection":[{"href":"https:\/\/puzzle3d.co\/sk\/wp-json\/wp\/v2\/pages"}],"about":[{"href":"https:\/\/puzzle3d.co\/sk\/wp-json\/wp\/v2\/types\/page"}],"author":[{"embeddable":true,"href":"https:\/\/puzzle3d.co\/sk\/wp-json\/wp\/v2\/users\/10"}],"replies":[{"embeddable":true,"href":"https:\/\/puzzle3d.co\/sk\/wp-json\/wp\/v2\/comments?post=1249"}],"version-history":[{"count":0,"href":"https:\/\/puzzle3d.co\/sk\/wp-json\/wp\/v2\/pages\/1249\/revisions"}],"wp:attachment":[{"href":"https:\/\/puzzle3d.co\/sk\/wp-json\/wp\/v2\/media?parent=1249"}],"curies":[{"name":"wp","href":"https:\/\/api.w.org\/{rel}","templated":true}]}}