{"id":942,"date":"2023-01-31T09:32:58","date_gmt":"2023-01-31T09:32:58","guid":{"rendered":"https:\/\/puzzle3d.co\/product\/kinetic-globe-puzzle-3d-copy\/"},"modified":"2025-06-11T19:04:17","modified_gmt":"2025-06-11T19:04:17","slug":"moinho-de-vento-mecanico-puzzle-3d","status":"publish","type":"product","link":"https:\/\/puzzle3d.co\/pt\/prodotto\/mulino-a-vento-meccanico-puzzle-3d\/","title":{"rendered":"Moinho de vento mec\u00e2nico em madeira para construir 227 pe\u00e7as"},"content":{"rendered":"<div>\n<div>\n<div>\n<p><strong>Moinho de vento mec\u00e2nico em madeira para construir 227 pe\u00e7as<\/strong><\/p>\n<\/div>\n<div><\/div>\n<div>Os moinhos de vento salvaram os Pa\u00edses Baixos das inunda\u00e7\u00f5es.<\/div>\n<div><\/div>\n<div>Como \u00e9 que isso o pode \"salvar\" a si tamb\u00e9m?<\/div>\n<div><\/div>\n<div>Monte um moinho de vento quando quiser fugir \u00e0 rotina, observe as h\u00e9lices a rodar quando estiver cansado ou simplesmente ofere\u00e7a um moinho de vento a um ente querido e ele ficar\u00e1 muito grato.<\/div>\n<div><\/div>\n<div>Prenda perfeita para os amantes da natureza<\/div>\n<div><\/div>\n<div>Pode mont\u00e1-lo em conjunto com o seu filho. O seu pequeno parceiro ficar\u00e1 fascinado com este modelo e, ao mesmo tempo, contar\u00e1 a hist\u00f3ria, imaginando como h\u00e1 centenas de anos as pessoas mo\u00edam gr\u00e3os, cereais, prensavam \u00f3leo, trituravam tabaco e at\u00e9 faziam papel.<\/div>\n<div><\/div>\n<div>A prop\u00f3sito, os primeiros moinhos de vento foram inventados por volta do s\u00e9culo IX na antiga P\u00e9rsia e difundidos na Europa por volta do s\u00e9culo XVIII.<\/div>\n<div><\/div>\n<div>O moinho de vento \u00e9 uma pe\u00e7a de mobili\u00e1rio que vai querer expor no local onde passa a maior parte do seu tempo.<\/div>\n<div><\/div>\n<\/div>\n<div>\n<div><strong>DETALHES DO PRODUTO:<\/strong><\/div>\n<div><\/div>\n<div>Dimens\u00f5es do modelo: 195*340*400 mm<\/div>\n<div>Dimens\u00f5es da embalagem: 375 x 243 x 20 mm<\/div>\n<div>N\u00famero de pe\u00e7as: 227<\/div>\n<\/div>\n<\/div>\n<div>\n<div><\/div>\n<\/div>","protected":false},"excerpt":{"rendered":"<div>Monte um moinho de vento quando quiser fugir \u00e0 rotina, observe as h\u00e9lices a rodar quando estiver cansado ou simplesmente ofere\u00e7a um moinho de vento a um ente querido e ele ficar\u00e1 muito grato.<\/div>\n<p>&nbsp;<\/p>","protected":false},"featured_media":948,"comment_status":"open","ping_status":"closed","template":"","meta":[],"product_brand":[],"product_cat":[73,74,76,89,90,91],"product_tag":[],"woo-feed-brand":[],"class_list":{"0":"post-942","1":"product","2":"type-product","3":"status-publish","4":"has-post-thumbnail","6":"product_cat-puzzle-3d","7":"product_cat-puzzle-3d-in-legno","8":"product_cat-puzzle-3d-per-bambini","9":"product_cat-puzzle-meccanici-3d-in-legno","10":"product_cat-puzzle-meccanici-per-bambini","11":"product_cat-puzzle-meccanici-per-adulti","13":"first","14":"instock","15":"shipping-taxable","16":"purchasable","17":"product-type-simple"},"_links":{"self":[{"href":"https:\/\/puzzle3d.co\/pt\/wp-json\/wp\/v2\/product\/942","targetHints":{"allow":["GET"]}}],"collection":[{"href":"https:\/\/puzzle3d.co\/pt\/wp-json\/wp\/v2\/product"}],"about":[{"href":"https:\/\/puzzle3d.co\/pt\/wp-json\/wp\/v2\/types\/product"}],"replies":[{"embeddable":true,"href":"https:\/\/puzzle3d.co\/pt\/wp-json\/wp\/v2\/comments?post=942"}],"wp:featuredmedia":[{"embeddable":true,"href":"https:\/\/puzzle3d.co\/pt\/wp-json\/wp\/v2\/media\/948"}],"wp:attachment":[{"href":"https:\/\/puzzle3d.co\/pt\/wp-json\/wp\/v2\/media?parent=942"}],"wp:term":[{"taxonomy":"product_brand","embeddable":true,"href":"https:\/\/puzzle3d.co\/pt\/wp-json\/wp\/v2\/product_brand?post=942"},{"taxonomy":"product_cat","embeddable":true,"href":"https:\/\/puzzle3d.co\/pt\/wp-json\/wp\/v2\/product_cat?post=942"},{"taxonomy":"product_tag","embeddable":true,"href":"https:\/\/puzzle3d.co\/pt\/wp-json\/wp\/v2\/product_tag?post=942"},{"taxonomy":"woo-feed-brand","embeddable":true,"href":"https:\/\/puzzle3d.co\/pt\/wp-json\/wp\/v2\/woo-feed-brand?post=942"}],"curies":[{"name":"wp","href":"https:\/\/api.w.org\/{rel}","templated":true}]}}