{"id":879,"date":"2023-01-26T12:35:38","date_gmt":"2023-01-26T12:35:38","guid":{"rendered":"https:\/\/puzzle3d.co\/product\/t-rex-tyrannosaurus-rex-puzzle-classic-lemn-puzzle-jigsaw-copy\/"},"modified":"2025-06-11T19:04:33","modified_gmt":"2025-06-11T19:04:33","slug":"puzzle-camaleao-2d-madeira","status":"publish","type":"product","link":"https:\/\/puzzle3d.co\/pt\/prodotto\/camaleonte-puzzle-2d-jigsaw-legno\/","title":{"rendered":"Puzzle de madeira Chameleon 2D , 111 pe\u00e7as"},"content":{"rendered":"<div>\n<p><strong>Puzzle de madeira Chameleon 2D , 111 pe\u00e7as<\/strong><\/p>\n<div><\/div>\n<\/div>\n<div>\n<div>\n<div>Este camale\u00e3o pode ensinar-nos algo fundamental sobre o que vivemos nos \u00faltimos tr\u00eas anos: a adaptabilidade.<\/div>\n<div><\/div>\n<div>O sistema nervoso do camale\u00e3o controla as c\u00e9lulas cromat\u00f3foras que cont\u00eam os pigmentos e permite-lhe mudar de cor em fun\u00e7\u00e3o do ambiente.<\/div>\n<div><\/div>\n<div>Se lhe apetecer mudar, medite enquanto monta um puzzle camale\u00e3o. Concentre os seus pensamentos e poder\u00e1 encontrar novas solu\u00e7\u00f5es para uma mudan\u00e7a.<\/div>\n<div><\/div>\n<div>Para um desafio extra e mais tempo consigo pr\u00f3prio, opte pelo tamanho L fornecido com 505 pe\u00e7as.<\/div>\n<div><\/div>\n<div><\/div>\n<div><strong>DETALHES DO PRODUTO:<\/strong><\/div>\n<div>Dimens\u00f5es do modelo: 371*280*5 mm<\/div>\n<div>Dimens\u00f5es da embalagem: 255 x 192 x 42 mm<\/div>\n<div>N\u00famero de pe\u00e7as: 111<\/div>\n<\/div>\n<div><\/div>\n<\/div>","protected":false},"excerpt":{"rendered":"<p>Este camale\u00e3o pode ensinar-nos algo fundamental sobre o que vivemos nos \u00faltimos tr\u00eas anos: a adaptabilidade.<\/p>","protected":false},"featured_media":850,"comment_status":"open","ping_status":"closed","template":"","meta":[],"product_brand":[],"product_cat":[80,84,83],"product_tag":[],"woo-feed-brand":[],"class_list":{"0":"post-879","1":"product","2":"type-product","3":"status-publish","4":"has-post-thumbnail","6":"product_cat-puzzle-jigsaw","7":"product_cat-puzzle-jigsaw-in-legno","8":"product_cat-puzzle-jigsaw-bambini","10":"first","11":"instock","12":"shipping-taxable","13":"purchasable","14":"product-type-simple"},"_links":{"self":[{"href":"https:\/\/puzzle3d.co\/pt\/wp-json\/wp\/v2\/product\/879","targetHints":{"allow":["GET"]}}],"collection":[{"href":"https:\/\/puzzle3d.co\/pt\/wp-json\/wp\/v2\/product"}],"about":[{"href":"https:\/\/puzzle3d.co\/pt\/wp-json\/wp\/v2\/types\/product"}],"replies":[{"embeddable":true,"href":"https:\/\/puzzle3d.co\/pt\/wp-json\/wp\/v2\/comments?post=879"}],"wp:featuredmedia":[{"embeddable":true,"href":"https:\/\/puzzle3d.co\/pt\/wp-json\/wp\/v2\/media\/850"}],"wp:attachment":[{"href":"https:\/\/puzzle3d.co\/pt\/wp-json\/wp\/v2\/media?parent=879"}],"wp:term":[{"taxonomy":"product_brand","embeddable":true,"href":"https:\/\/puzzle3d.co\/pt\/wp-json\/wp\/v2\/product_brand?post=879"},{"taxonomy":"product_cat","embeddable":true,"href":"https:\/\/puzzle3d.co\/pt\/wp-json\/wp\/v2\/product_cat?post=879"},{"taxonomy":"product_tag","embeddable":true,"href":"https:\/\/puzzle3d.co\/pt\/wp-json\/wp\/v2\/product_tag?post=879"},{"taxonomy":"woo-feed-brand","embeddable":true,"href":"https:\/\/puzzle3d.co\/pt\/wp-json\/wp\/v2\/woo-feed-brand?post=879"}],"curies":[{"name":"wp","href":"https:\/\/api.w.org\/{rel}","templated":true}]}}