{"id":877,"date":"2023-01-26T12:26:03","date_gmt":"2023-01-26T12:26:03","guid":{"rendered":"https:\/\/puzzle3d.co\/product\/lynx-puzzle-classic-lemn-copy\/"},"modified":"2025-06-11T19:05:15","modified_gmt":"2025-06-11T19:05:15","slug":"puzzle-dinossauro-t-rex-madeira","status":"publish","type":"product","link":"https:\/\/puzzle3d.co\/pt\/prodotto\/t-rex-dinosauro-puzzle-jigsaw-legno\/","title":{"rendered":"Puzzle Dinosaur 2D em madeira. 129 pe\u00e7as"},"content":{"rendered":"<div>\n<p><strong>Puzzle T-Rex Dinosaur 2D em madeira, 129 pe\u00e7as<\/strong><\/p>\n<div><\/div>\n<\/div>\n<div>\n<div>\n<div>H\u00e1 67 ou 65 milh\u00f5es de anos, o famoso Tiranossauro Rex, ou T-Rex, viveu na Am\u00e9rica do Norte.<\/div>\n<div><\/div>\n<div>Est\u00e1 associado \u00e0 imagem de um dinossauro grande e poderoso, com uma mand\u00edbula imponente e dentes longos e afiados.<\/div>\n<div><\/div>\n<div>Pesava cerca de 6-8 toneladas e o comprimento do seu corpo era de 12-13 metros.<\/div>\n<div><\/div>\n<div>Incr\u00edvel, n\u00e3o \u00e9?<\/div>\n<div><\/div>\n<div>Se gosta de dinossauros ou gostaria de ter uma decora\u00e7\u00e3o original para a sua casa, ou talvez esteja \u00e0 procura de um presente para um entusiasta da pr\u00e9-hist\u00f3ria, o T-rez ser\u00e1 certamente apreciado.<\/div>\n<div><\/div>\n<div>Os seus dentes invej\u00e1veis tornar\u00e3o as crian\u00e7as respons\u00e1veis pela higiene dent\u00e1ria.<\/div>\n<div><\/div>\n<div>Entre as outras pe\u00e7as do puzzle de madeira, poder\u00e1 reconhecer um dinossauro, um morcego voador, um canguru<\/div>\n<div>.<\/div>\n<div><\/div>\n<div><strong>DETALHES DO PRODUTO:<\/strong><\/div>\n<div>Dimens\u00f5es do modelo: 400*244*5 mm<\/div>\n<div>Dimens\u00f5es da embalagem: 255 x 192 x 42 mm<\/div>\n<div>N\u00famero de pe\u00e7as: 129<\/div>\n<\/div>\n<div><\/div>\n<\/div>","protected":false},"excerpt":{"rendered":"<p>Puzzle cl\u00e1ssico de madeira T-REX-Tyrannosaurus Rex. Entre as outras pe\u00e7as do puzzle de madeira, encontrar\u00e1 um dinossauro, um morcego voador, um canguru<\/p>","protected":false},"featured_media":858,"comment_status":"open","ping_status":"closed","template":"","meta":[],"product_brand":[],"product_cat":[80,84,83],"product_tag":[],"woo-feed-brand":[],"class_list":{"0":"post-877","1":"product","2":"type-product","3":"status-publish","4":"has-post-thumbnail","6":"product_cat-puzzle-jigsaw","7":"product_cat-puzzle-jigsaw-in-legno","8":"product_cat-puzzle-jigsaw-bambini","10":"first","11":"instock","12":"shipping-taxable","13":"purchasable","14":"product-type-simple"},"_links":{"self":[{"href":"https:\/\/puzzle3d.co\/pt\/wp-json\/wp\/v2\/product\/877","targetHints":{"allow":["GET"]}}],"collection":[{"href":"https:\/\/puzzle3d.co\/pt\/wp-json\/wp\/v2\/product"}],"about":[{"href":"https:\/\/puzzle3d.co\/pt\/wp-json\/wp\/v2\/types\/product"}],"replies":[{"embeddable":true,"href":"https:\/\/puzzle3d.co\/pt\/wp-json\/wp\/v2\/comments?post=877"}],"wp:featuredmedia":[{"embeddable":true,"href":"https:\/\/puzzle3d.co\/pt\/wp-json\/wp\/v2\/media\/858"}],"wp:attachment":[{"href":"https:\/\/puzzle3d.co\/pt\/wp-json\/wp\/v2\/media?parent=877"}],"wp:term":[{"taxonomy":"product_brand","embeddable":true,"href":"https:\/\/puzzle3d.co\/pt\/wp-json\/wp\/v2\/product_brand?post=877"},{"taxonomy":"product_cat","embeddable":true,"href":"https:\/\/puzzle3d.co\/pt\/wp-json\/wp\/v2\/product_cat?post=877"},{"taxonomy":"product_tag","embeddable":true,"href":"https:\/\/puzzle3d.co\/pt\/wp-json\/wp\/v2\/product_tag?post=877"},{"taxonomy":"woo-feed-brand","embeddable":true,"href":"https:\/\/puzzle3d.co\/pt\/wp-json\/wp\/v2\/woo-feed-brand?post=877"}],"curies":[{"name":"wp","href":"https:\/\/api.w.org\/{rel}","templated":true}]}}