{"id":875,"date":"2023-01-26T12:17:36","date_gmt":"2023-01-26T12:17:36","guid":{"rendered":"https:\/\/puzzle3d.co\/product\/panther-puzzle-classic-lemn-copy\/"},"modified":"2025-09-10T09:44:49","modified_gmt":"2025-09-10T09:44:49","slug":"puzzle-linx-madeira","status":"publish","type":"product","link":"https:\/\/puzzle3d.co\/pt\/prodotto\/linx-puzzle-jigsaw-legno\/","title":{"rendered":"Linx Eurasian - Puzzle 2D em madeira, 139 pe\u00e7as"},"content":{"rendered":"<div><strong>Linx Eurasian - Puzzle 2D em madeira, 139 pe\u00e7as<\/strong><\/div>\n<div><\/div>\n<div>Pensaste que era um le\u00e3o, mas \u00e9 um lince, uma esp\u00e9cie de gato selvagem, tamb\u00e9m chamado \"pantera das neves\" ou \"gato das neves\".<\/div>\n<div><\/div>\n<div>O termo \"lince\" tamb\u00e9m pode ser utilizado para designar uma pessoa que est\u00e1 muito alerta e atenta ou que tem uma vis\u00e3o muito boa.<\/div>\n<div><\/div>\n<div>Por isso, se se considera atento e alerta, desafio-o a experimentar este modelo cl\u00e1ssico de puzzle de madeira que ir\u00e1 testar n\u00e3o s\u00f3 a sua aten\u00e7\u00e3o aos detalhes, mas tamb\u00e9m a sua concentra\u00e7\u00e3o.<\/div>\n<div><\/div>\n<div><strong>DETALHES DO PRODUTO:<\/strong><\/div>\n<div>Dimens\u00f5es do modelo: 353*280*5mm<\/div>\n<div>Dimens\u00f5es da embalagem: 255 x 192 x 42 mm<\/div>\n<div>N\u00famero de pe\u00e7as: 139<\/div>","protected":false},"excerpt":{"rendered":"<p>LYNX - puzzle cl\u00e1ssico de madeira com gato selvagem<\/p>","protected":false},"featured_media":854,"comment_status":"open","ping_status":"closed","template":"","meta":{"slim_seo":{"title":"Puzzle de madeira Eurasian 2D da Linx, 139 pe\u00e7as","description":"Linx - Puzzle Cl\u00e1ssico de Madeira com Gato Selvagem. Por isso, se se considera atento e alerta, desafio-o para este modelo cl\u00e1ssico de puzzle em madeira que ir\u00e1 testar n\u00e3o s\u00f3 a sua aten\u00e7\u00e3o aos detalhes como tamb\u00e9m a sua concentra\u00e7\u00e3o."}},"product_brand":[],"product_cat":[80,83,84],"product_tag":[],"woo-feed-brand":[],"class_list":{"0":"post-875","1":"product","2":"type-product","3":"status-publish","4":"has-post-thumbnail","6":"product_cat-puzzle-jigsaw","7":"product_cat-puzzle-jigsaw-bambini","8":"product_cat-puzzle-jigsaw-in-legno","10":"first","11":"instock","12":"shipping-taxable","13":"purchasable","14":"product-type-simple"},"_links":{"self":[{"href":"https:\/\/puzzle3d.co\/pt\/wp-json\/wp\/v2\/product\/875","targetHints":{"allow":["GET"]}}],"collection":[{"href":"https:\/\/puzzle3d.co\/pt\/wp-json\/wp\/v2\/product"}],"about":[{"href":"https:\/\/puzzle3d.co\/pt\/wp-json\/wp\/v2\/types\/product"}],"replies":[{"embeddable":true,"href":"https:\/\/puzzle3d.co\/pt\/wp-json\/wp\/v2\/comments?post=875"}],"wp:featuredmedia":[{"embeddable":true,"href":"https:\/\/puzzle3d.co\/pt\/wp-json\/wp\/v2\/media\/854"}],"wp:attachment":[{"href":"https:\/\/puzzle3d.co\/pt\/wp-json\/wp\/v2\/media?parent=875"}],"wp:term":[{"taxonomy":"product_brand","embeddable":true,"href":"https:\/\/puzzle3d.co\/pt\/wp-json\/wp\/v2\/product_brand?post=875"},{"taxonomy":"product_cat","embeddable":true,"href":"https:\/\/puzzle3d.co\/pt\/wp-json\/wp\/v2\/product_cat?post=875"},{"taxonomy":"product_tag","embeddable":true,"href":"https:\/\/puzzle3d.co\/pt\/wp-json\/wp\/v2\/product_tag?post=875"},{"taxonomy":"woo-feed-brand","embeddable":true,"href":"https:\/\/puzzle3d.co\/pt\/wp-json\/wp\/v2\/woo-feed-brand?post=875"}],"curies":[{"name":"wp","href":"https:\/\/api.w.org\/{rel}","templated":true}]}}