{"id":873,"date":"2023-01-26T12:01:44","date_gmt":"2023-01-26T12:01:44","guid":{"rendered":"https:\/\/puzzle3d.co\/product\/lion-puzzle-classic-lemn-copy\/"},"modified":"2025-06-11T19:05:45","modified_gmt":"2025-06-11T19:05:45","slug":"puzzle-pantera-puzzle-classico-em-madeira","status":"publish","type":"product","link":"https:\/\/puzzle3d.co\/pt\/prodotto\/pantera-puzzle-classic-legno-jigsaw\/","title":{"rendered":"Black PANTHER 2D Puzzle de madeira, 102 pe\u00e7as"},"content":{"rendered":"<div><strong>Black PANTHER 2D Puzzle de madeira, 102 pe\u00e7as<\/strong><\/div>\n<div><\/div>\n<div>Sabias que o nome cient\u00edfico da pantera negra \u00e9 pardus?<\/div>\n<div><\/div>\n<div>Em muitas culturas tradicionais de \u00c1frica, da \u00c1sia e da \u00cdndia, a pantera negra \u00e9 considerada um s\u00edmbolo de for\u00e7a e coragem, prosperidade e boa sorte.<\/div>\n<div><\/div>\n<div>Ainda est\u00e1 \u00e0 procura de raz\u00f5es para escolher este bonito puzzle de madeira?<\/div>\n<div><\/div>\n<div>Se tamb\u00e9m fores uma pessoa corajosa, combinar as pe\u00e7as ser\u00e1 um processo interessante. Encontrar\u00e1 gatos selvagens, jaguares, tigres e outros felinos entre as pe\u00e7as para uma experi\u00eancia cheia de a\u00e7\u00e3o.<\/div>\n<div><\/div>\n<div><\/div>\n<div><strong>DETALHES DO PRODUTO:<\/strong><\/div>\n<div>Dimens\u00f5es do modelo: 311*280*5 mm<\/div>\n<div>Dimens\u00f5es da embalagem: 255 x 192 x 42 mm<\/div>\n<div>N\u00famero de pe\u00e7as: 102<\/div>","protected":false},"excerpt":{"rendered":"<p>A pantera negra \u00e9 considerada um s\u00edmbolo de for\u00e7a e coragem, prosperidade e sorte. Entre as pe\u00e7as deste puzzle, encontrar\u00e1 gatos selvagens, jaguares, tigres e outros felinos para uma experi\u00eancia cheia de a\u00e7\u00e3o.<\/p>","protected":false},"featured_media":857,"comment_status":"open","ping_status":"closed","template":"","meta":{"slim_seo":{"title":"\ud83d\udc08\u200d\u2b1bPANTERA Puzzle de madeira preto, 102 pe\u00e7as","description":"Puzzle de madeira BLACK PANTHER 2D. Descubra o encanto do puzzle de madeira 2D com o design fascinante do PANTHERA. Com 102 pe\u00e7as, este jogo oferece divers\u00e3o e desafio para todas as idades."}},"product_brand":[],"product_cat":[80,83,84],"product_tag":[],"woo-feed-brand":[],"class_list":{"0":"post-873","1":"product","2":"type-product","3":"status-publish","4":"has-post-thumbnail","6":"product_cat-puzzle-jigsaw","7":"product_cat-puzzle-jigsaw-bambini","8":"product_cat-puzzle-jigsaw-in-legno","10":"first","11":"instock","12":"shipping-taxable","13":"purchasable","14":"product-type-simple"},"_links":{"self":[{"href":"https:\/\/puzzle3d.co\/pt\/wp-json\/wp\/v2\/product\/873","targetHints":{"allow":["GET"]}}],"collection":[{"href":"https:\/\/puzzle3d.co\/pt\/wp-json\/wp\/v2\/product"}],"about":[{"href":"https:\/\/puzzle3d.co\/pt\/wp-json\/wp\/v2\/types\/product"}],"replies":[{"embeddable":true,"href":"https:\/\/puzzle3d.co\/pt\/wp-json\/wp\/v2\/comments?post=873"}],"wp:featuredmedia":[{"embeddable":true,"href":"https:\/\/puzzle3d.co\/pt\/wp-json\/wp\/v2\/media\/857"}],"wp:attachment":[{"href":"https:\/\/puzzle3d.co\/pt\/wp-json\/wp\/v2\/media?parent=873"}],"wp:term":[{"taxonomy":"product_brand","embeddable":true,"href":"https:\/\/puzzle3d.co\/pt\/wp-json\/wp\/v2\/product_brand?post=873"},{"taxonomy":"product_cat","embeddable":true,"href":"https:\/\/puzzle3d.co\/pt\/wp-json\/wp\/v2\/product_cat?post=873"},{"taxonomy":"product_tag","embeddable":true,"href":"https:\/\/puzzle3d.co\/pt\/wp-json\/wp\/v2\/product_tag?post=873"},{"taxonomy":"woo-feed-brand","embeddable":true,"href":"https:\/\/puzzle3d.co\/pt\/wp-json\/wp\/v2\/woo-feed-brand?post=873"}],"curies":[{"name":"wp","href":"https:\/\/api.w.org\/{rel}","templated":true}]}}