{"id":870,"date":"2023-01-26T11:45:24","date_gmt":"2023-01-26T11:45:24","guid":{"rendered":"https:\/\/puzzle3d.co\/product\/fox-puzzle-classic-lemn-copy\/"},"modified":"2025-06-11T19:06:20","modified_gmt":"2025-06-11T19:06:20","slug":"puzzle-leao-classico-puzzle-madeira","status":"publish","type":"product","link":"https:\/\/puzzle3d.co\/pt\/prodotto\/leone-puzzle-classic-jigsaw-legno\/","title":{"rendered":"Puzzle le\u00e3o em madeira 2D , 100 pe\u00e7as"},"content":{"rendered":"<div><span style=\"font-size: 100%;\"><strong>LION - puzzle cl\u00e1ssico de madeira<\/strong><\/span><\/div>\n<div><\/div>\n<div><span style=\"font-size: 100%;\">O rei dos animais selvagens est\u00e1 agora em casa.<\/span><\/div>\n<div><\/div>\n<div><span style=\"font-size: 100%;\">Apaixonar-se-\u00e1 por este le\u00e3o \u00e0 primeira vista. Os pormenores refinados e a abund\u00e2ncia de cores atrair\u00e3o os olhares e a admira\u00e7\u00e3o.<\/span><\/div>\n<div><\/div>\n<div><span style=\"font-size: 100%;\">N\u00e3o vem sozinho, mas com a sua fam\u00edlia alargada: elefante, tigre, girafa (que outros animais reconhece a\u00ed?) que reconhecer\u00e1 entre as pe\u00e7as do puzzle de madeira.<\/span><\/div>\n<div><\/div>\n<div><span style=\"font-size: 100%;\">Perguntam porqu\u00ea? Porque ser forte e ser chamado o rei dos animais significa, antes de mais, estar ombro a ombro com os outros.<\/span><\/div>\n<div><\/div>\n<div><span style=\"font-size: 100%;\">Se quiser passar uma noite interessante com algu\u00e9m que ama, escolha montar este le\u00e3o e discutir um tema filos\u00f3fico.<\/span><\/div>\n<div><\/div>\n<div><span style=\"font-size: 100%;\">Na filosofia, por exemplo, o le\u00e3o \u00e9 visto como um s\u00edmbolo da natureza humana, que pode ser dividida em duas partes: uma parte racional e uma parte animal.<\/span><\/div>\n<div><\/div>\n<div><span style=\"font-size: 100%;\">Oferecemos 3 tamanhos (S, M, L) entre os quais pode escolher o mais adequado para a parede da sua casa ou escrit\u00f3rio. Ou talvez queira colocar este bonito puzzle numa moldura - a escolha \u00e9 sua.<\/span><\/div>\n<div><\/div>\n<div><span style=\"font-size: 100%;\"><strong>DETALHES DO PRODUTO:<\/strong><\/span><\/div>\n<div><span style=\"font-size: 100%;\">Dimens\u00f5es do modelo: 310*280*5mm<\/span><\/div>\n<div><span style=\"font-size: 100%;\">Dimens\u00f5es da embalagem: 255 x 192 x 42 mm<\/span><\/div>\n<div><span style=\"font-size: 100%;\">N\u00famero de pe\u00e7as: 100<\/span><\/div>","protected":false},"excerpt":{"rendered":"<p>Apaixonar-se-\u00e1 por este le\u00e3o \u00e0 primeira vista. Os pormenores refinados e a abund\u00e2ncia de cores atrair\u00e3o os olhares e a admira\u00e7\u00e3o.<br \/>\nN\u00e3o vem sozinho, mas com a sua fam\u00edlia alargada: elefante, tigre, girafa que reconhecer\u00e1 entre as pe\u00e7as do puzzle de madeira.<\/p>","protected":false},"featured_media":853,"comment_status":"open","ping_status":"closed","template":"","meta":{"slim_seo":{"title":"\ud83e\udd81 LEONE 2D Puzzle de madeira , 100 pe\u00e7as","description":"Apaixonar-se-\u00e1 por este le\u00e3o \u00e0 primeira vista. Os pormenores refinados e a abund\u00e2ncia de cores atrair\u00e3o os olhares e a admira\u00e7\u00e3o. N\u00e3o vem sozinho, mas com a sua fam\u00edlia alargada: elefante, tigre, girafa que reconhecer\u00e1 entre as pe\u00e7as do puzzle de madeira."}},"product_brand":[],"product_cat":[80,83,84],"product_tag":[],"woo-feed-brand":[],"class_list":{"0":"post-870","1":"product","2":"type-product","3":"status-publish","4":"has-post-thumbnail","6":"product_cat-puzzle-jigsaw","7":"product_cat-puzzle-jigsaw-bambini","8":"product_cat-puzzle-jigsaw-in-legno","10":"first","11":"instock","12":"sale","13":"shipping-taxable","14":"purchasable","15":"product-type-simple"},"_links":{"self":[{"href":"https:\/\/puzzle3d.co\/pt\/wp-json\/wp\/v2\/product\/870","targetHints":{"allow":["GET"]}}],"collection":[{"href":"https:\/\/puzzle3d.co\/pt\/wp-json\/wp\/v2\/product"}],"about":[{"href":"https:\/\/puzzle3d.co\/pt\/wp-json\/wp\/v2\/types\/product"}],"replies":[{"embeddable":true,"href":"https:\/\/puzzle3d.co\/pt\/wp-json\/wp\/v2\/comments?post=870"}],"wp:featuredmedia":[{"embeddable":true,"href":"https:\/\/puzzle3d.co\/pt\/wp-json\/wp\/v2\/media\/853"}],"wp:attachment":[{"href":"https:\/\/puzzle3d.co\/pt\/wp-json\/wp\/v2\/media?parent=870"}],"wp:term":[{"taxonomy":"product_brand","embeddable":true,"href":"https:\/\/puzzle3d.co\/pt\/wp-json\/wp\/v2\/product_brand?post=870"},{"taxonomy":"product_cat","embeddable":true,"href":"https:\/\/puzzle3d.co\/pt\/wp-json\/wp\/v2\/product_cat?post=870"},{"taxonomy":"product_tag","embeddable":true,"href":"https:\/\/puzzle3d.co\/pt\/wp-json\/wp\/v2\/product_tag?post=870"},{"taxonomy":"woo-feed-brand","embeddable":true,"href":"https:\/\/puzzle3d.co\/pt\/wp-json\/wp\/v2\/woo-feed-brand?post=870"}],"curies":[{"name":"wp","href":"https:\/\/api.w.org\/{rel}","templated":true}]}}