{"id":868,"date":"2023-01-26T10:56:46","date_gmt":"2023-01-26T10:56:46","guid":{"rendered":"https:\/\/puzzle3d.co\/product\/turtle-puzzle-classic-lemn-copy\/"},"modified":"2025-06-11T19:06:33","modified_gmt":"2025-06-11T19:06:33","slug":"puzzle-vulpa-classic-madeira","status":"publish","type":"product","link":"https:\/\/puzzle3d.co\/pt\/prodotto\/vulpa-puzzle-classic-legno\/","title":{"rendered":"Puzzle de madeira VULPA 2D , 141 pe\u00e7as"},"content":{"rendered":"<div><strong>Puzzle de madeira cl\u00e1ssico VULPA<\/strong><\/div>\n<div><\/div>\n<div>Um puzzle cheio de charme e de desafio que o encanta com pormenores finos e cores abundantes.<\/div>\n<div>O que \u00e9 que v\u00ea nos seus olhos: ast\u00facia e sedu\u00e7\u00e3o ou intelig\u00eancia, coragem e independ\u00eancia?<\/div>\n<div><\/div>\n<div>A forma como a percepciona tamb\u00e9m pode dizer muito sobre si enquanto pessoa.<\/div>\n<div><\/div>\n<div>Entre as pe\u00e7as do puzzle que comp\u00f5em esta maravilhosa decora\u00e7\u00e3o, encontrar\u00e1 mais raposas, lobos, coelhos, ratos e galinhas.<\/div>\n<div>Treine a sua imagina\u00e7\u00e3o com todos estes animais e depois decore um local onde goste de passar o tempo para os admirar o mais frequentemente poss\u00edvel.<\/div>\n<div><\/div>\n<div>A raposa tamb\u00e9m lhe far\u00e1 lembrar a floresta, por isso, sempre que tiver oportunidade, v\u00e1 ao parque ou \u00e0 floresta e mergulhe na natureza<\/div>\n<div><\/div>\n<div><strong>DETALHES DO PRODUTO:<\/strong><\/div>\n<div>Dimens\u00f5es do modelo: 400*280*5 mm<\/div>\n<div>Dimens\u00f5es da embalagem: 255 x 192 x 42 mm<\/div>\n<div>N\u00famero de pe\u00e7as: 141<\/div>","protected":false},"excerpt":{"rendered":"<p>Entre as pe\u00e7as do puzzle que comp\u00f5em esta maravilhosa decora\u00e7\u00e3o, encontrar\u00e1 mais raposas, lobos, coelhos, ratos e galinhas.<\/p>","protected":false},"featured_media":851,"comment_status":"open","ping_status":"closed","template":"","meta":[],"product_brand":[],"product_cat":[80,84,83],"product_tag":[],"woo-feed-brand":[],"class_list":{"0":"post-868","1":"product","2":"type-product","3":"status-publish","4":"has-post-thumbnail","6":"product_cat-puzzle-jigsaw","7":"product_cat-puzzle-jigsaw-in-legno","8":"product_cat-puzzle-jigsaw-bambini","10":"first","11":"instock","12":"shipping-taxable","13":"purchasable","14":"product-type-simple"},"_links":{"self":[{"href":"https:\/\/puzzle3d.co\/pt\/wp-json\/wp\/v2\/product\/868","targetHints":{"allow":["GET"]}}],"collection":[{"href":"https:\/\/puzzle3d.co\/pt\/wp-json\/wp\/v2\/product"}],"about":[{"href":"https:\/\/puzzle3d.co\/pt\/wp-json\/wp\/v2\/types\/product"}],"replies":[{"embeddable":true,"href":"https:\/\/puzzle3d.co\/pt\/wp-json\/wp\/v2\/comments?post=868"}],"wp:featuredmedia":[{"embeddable":true,"href":"https:\/\/puzzle3d.co\/pt\/wp-json\/wp\/v2\/media\/851"}],"wp:attachment":[{"href":"https:\/\/puzzle3d.co\/pt\/wp-json\/wp\/v2\/media?parent=868"}],"wp:term":[{"taxonomy":"product_brand","embeddable":true,"href":"https:\/\/puzzle3d.co\/pt\/wp-json\/wp\/v2\/product_brand?post=868"},{"taxonomy":"product_cat","embeddable":true,"href":"https:\/\/puzzle3d.co\/pt\/wp-json\/wp\/v2\/product_cat?post=868"},{"taxonomy":"product_tag","embeddable":true,"href":"https:\/\/puzzle3d.co\/pt\/wp-json\/wp\/v2\/product_tag?post=868"},{"taxonomy":"woo-feed-brand","embeddable":true,"href":"https:\/\/puzzle3d.co\/pt\/wp-json\/wp\/v2\/woo-feed-brand?post=868"}],"curies":[{"name":"wp","href":"https:\/\/api.w.org\/{rel}","templated":true}]}}