{"id":866,"date":"2023-01-25T22:19:56","date_gmt":"2023-01-25T22:19:56","guid":{"rendered":"https:\/\/puzzle3d.co\/product\/owl-puzzle-classic-lemn-copy\/"},"modified":"2026-01-21T16:50:41","modified_gmt":"2026-01-21T16:50:41","slug":"puzzle-tartaruga","status":"publish","type":"product","link":"https:\/\/puzzle3d.co\/pt\/prodotto\/tartaruga-puzzle\/","title":{"rendered":"TARTARUGA 2D Puzzle \/ Quebra-cabe\u00e7as em madeira, 150 pe\u00e7as"},"content":{"rendered":"<div><strong>TARTARUGA 2D Calssic Puzzle \/ Quebra-cabe\u00e7as em madeira, 150 pe\u00e7as<\/strong><\/div>\n<div><\/div>\n<div>Tamb\u00e9m te perguntas onde \u00e9 que a r\u00e3 come\u00e7ou? Vamos procurar a resposta juntos.<\/div>\n<div><\/div>\n<div>Curiosamente, as tartarugas s\u00e3o o s\u00edmbolo da longevidade, pois vivem at\u00e9 mais de 100 anos. A sua carapa\u00e7a significa prote\u00e7\u00e3o e seguran\u00e7a, oferecendo uma barreira mental e f\u00edsica.<\/div>\n<div><\/div>\n<div>Quando se sentir exausto, \u00e9 aconselh\u00e1vel construir um puzzle como o da imagem. Vai descontrair-se, concentrar-se e at\u00e9 p\u00f4r uma carapa\u00e7a sobre a rotina cansativa.<\/div>\n<div><\/div>\n<div>Entusiasme-se com a tartaruga no puzzle da imagem e, no final, descobrir\u00e1 onde ela come\u00e7ou.<\/div>\n<div><\/div>\n<div><strong>DETALHES DO PRODUTO:<\/strong><\/div>\n<div>Dimens\u00f5es do modelo: 281*395*5 mm<\/div>\n<div>Dimens\u00f5es da embalagem: 255 x 192 x 42 mm<\/div>\n<div>N\u00famero de pe\u00e7as: 150<\/div>","protected":false},"excerpt":{"rendered":"<p>TARTARUGA Puzzle 2D Calssico \/ Jigsaw in legno, 150 pezzi Ti chiedi anche tu dove \u00e8 iniziata la rana? Cerchiamo insieme la risposta. \u00c8 interessante sapere che le tartarughe sono il simbolo della longevit\u00e0, perch\u00e9 vivono oltre 100 anni. Il loro guscio significa protezione e sicurezza, offrendo una barriera mentale e fisica. Quando ti senti [&#8230;]\n","protected":false},"featured_media":859,"comment_status":"open","ping_status":"closed","template":"","meta":{"slim_seo":{"title":"\ud83d\udc22 TARTARUGA 2D Puzzle Calssic \/ Quebra-cabe\u00e7as de madeira, 150 pe\u00e7as","description":"Puzzle TARTARUGA. Curiosamente, as tartarugas s\u00e3o o s\u00edmbolo da longevidade, pois vivem at\u00e9 mais de 100 anos."}},"product_brand":[],"product_cat":[80,83,84],"product_tag":[],"woo-feed-brand":[],"class_list":{"0":"post-866","1":"product","2":"type-product","3":"status-publish","4":"has-post-thumbnail","6":"product_cat-puzzle-jigsaw","7":"product_cat-puzzle-jigsaw-bambini","8":"product_cat-puzzle-jigsaw-in-legno","10":"first","11":"instock","12":"shipping-taxable","13":"purchasable","14":"product-type-simple"},"_links":{"self":[{"href":"https:\/\/puzzle3d.co\/pt\/wp-json\/wp\/v2\/product\/866","targetHints":{"allow":["GET"]}}],"collection":[{"href":"https:\/\/puzzle3d.co\/pt\/wp-json\/wp\/v2\/product"}],"about":[{"href":"https:\/\/puzzle3d.co\/pt\/wp-json\/wp\/v2\/types\/product"}],"replies":[{"embeddable":true,"href":"https:\/\/puzzle3d.co\/pt\/wp-json\/wp\/v2\/comments?post=866"}],"wp:featuredmedia":[{"embeddable":true,"href":"https:\/\/puzzle3d.co\/pt\/wp-json\/wp\/v2\/media\/859"}],"wp:attachment":[{"href":"https:\/\/puzzle3d.co\/pt\/wp-json\/wp\/v2\/media?parent=866"}],"wp:term":[{"taxonomy":"product_brand","embeddable":true,"href":"https:\/\/puzzle3d.co\/pt\/wp-json\/wp\/v2\/product_brand?post=866"},{"taxonomy":"product_cat","embeddable":true,"href":"https:\/\/puzzle3d.co\/pt\/wp-json\/wp\/v2\/product_cat?post=866"},{"taxonomy":"product_tag","embeddable":true,"href":"https:\/\/puzzle3d.co\/pt\/wp-json\/wp\/v2\/product_tag?post=866"},{"taxonomy":"woo-feed-brand","embeddable":true,"href":"https:\/\/puzzle3d.co\/pt\/wp-json\/wp\/v2\/woo-feed-brand?post=866"}],"curies":[{"name":"wp","href":"https:\/\/api.w.org\/{rel}","templated":true}]}}