{"id":864,"date":"2023-01-25T22:15:13","date_gmt":"2023-01-25T22:15:13","guid":{"rendered":"https:\/\/puzzle3d.co\/product\/mastodon-puzzle-classic-lemn-copy\/"},"modified":"2025-06-11T19:07:05","modified_gmt":"2025-06-11T19:07:05","slug":"puzzle-coruja-madeira-classica","status":"publish","type":"product","link":"https:\/\/puzzle3d.co\/pt\/prodotto\/gufo-puzzle-classic-legno\/","title":{"rendered":"Puzzle 2D Coruja em madeira, 120 pe\u00e7as"},"content":{"rendered":"<div>\n<h2><strong>Puzzle 2D Coruja em madeira, 120 pe\u00e7as<\/strong><\/h2>\n<div>\"Ver no escuro\" n\u00e3o significa apenas encontrar o caminho \u00e0 noite numa sala sem luz... \u00c9 a capacidade de compreender e ver a verdade oculta.<\/div>\n<\/div>\n<div>\n<div>\u00c9 por isso que, na mitologia grega, a coruja \u00e9 o s\u00edmbolo da sabedoria e da intelig\u00eancia.<\/div>\n<div>E uma coruja feita de pe\u00e7as de um puzzle de madeira transmite aten\u00e7\u00e3o aos detalhes, concentra\u00e7\u00e3o e determina\u00e7\u00e3o<\/div>\n<div>Entre as pe\u00e7as, encontrar\u00e1 tamb\u00e9m outros parceiros da floresta, como o lobo, a raposa, o coelho, a \u00e1guia e o urso.<\/div>\n<div>Que tal utilizar estas personagens para dar uma li\u00e7\u00e3o de sabedoria ao seu filho?<\/div>\n<div><\/div>\n<div>Dir-lhe-\u00e1 que a raposa \u00e9 meiga e o coelho medroso, ou mostrar-lhe-\u00e1 que s\u00e3o todos diferentes, uns maiores, outros mais pequenos, mas que dialogam entre si em equil\u00edbrio e respeito pela natureza.<\/div>\n<div><\/div>\n<div>Monta-o, diverte-te e olha nos olhos profundos da coruja o que n\u00e3o consegues ver.<\/div>\n<div><\/div>\n<div><strong>DETALHES DO PRODUTO:<\/strong><\/div>\n<div>Dimens\u00f5es do modelo: 283*297*5 mm<\/div>\n<div>Dimens\u00f5es da embalagem: 255 x 192 x 42 mm<\/div>\n<div>N\u00famero de pe\u00e7as: 120<\/div>\n<\/div>","protected":false},"excerpt":{"rendered":"<p>Na mitologia grega, a coruja \u00e9 o s\u00edmbolo da sabedoria e da intelig\u00eancia, e uma coruja feita com as pe\u00e7as de um puzzle de madeira transmite aten\u00e7\u00e3o aos detalhes, concentra\u00e7\u00e3o e determina\u00e7\u00e3o<\/p>","protected":false},"featured_media":856,"comment_status":"open","ping_status":"closed","template":"","meta":{"slim_seo":{"title":"Puzzle de madeira cl\u00e1ssico OWL 2D, 120 pe\u00e7as","description":"Puzzle OWL Classic 2D. Na mitologia grega, a coruja \u00e9 o s\u00edmbolo da sabedoria e da intelig\u00eancia, e uma coruja feita a partir das pe\u00e7as de um puzzle de madeira transmite aten\u00e7\u00e3o aos detalhes, concentra\u00e7\u00e3o e determina\u00e7\u00e3o"}},"product_brand":[],"product_cat":[80,83,84],"product_tag":[],"woo-feed-brand":[],"class_list":{"0":"post-864","1":"product","2":"type-product","3":"status-publish","4":"has-post-thumbnail","6":"product_cat-puzzle-jigsaw","7":"product_cat-puzzle-jigsaw-bambini","8":"product_cat-puzzle-jigsaw-in-legno","10":"first","11":"instock","12":"shipping-taxable","13":"purchasable","14":"product-type-simple"},"_links":{"self":[{"href":"https:\/\/puzzle3d.co\/pt\/wp-json\/wp\/v2\/product\/864","targetHints":{"allow":["GET"]}}],"collection":[{"href":"https:\/\/puzzle3d.co\/pt\/wp-json\/wp\/v2\/product"}],"about":[{"href":"https:\/\/puzzle3d.co\/pt\/wp-json\/wp\/v2\/types\/product"}],"replies":[{"embeddable":true,"href":"https:\/\/puzzle3d.co\/pt\/wp-json\/wp\/v2\/comments?post=864"}],"wp:featuredmedia":[{"embeddable":true,"href":"https:\/\/puzzle3d.co\/pt\/wp-json\/wp\/v2\/media\/856"}],"wp:attachment":[{"href":"https:\/\/puzzle3d.co\/pt\/wp-json\/wp\/v2\/media?parent=864"}],"wp:term":[{"taxonomy":"product_brand","embeddable":true,"href":"https:\/\/puzzle3d.co\/pt\/wp-json\/wp\/v2\/product_brand?post=864"},{"taxonomy":"product_cat","embeddable":true,"href":"https:\/\/puzzle3d.co\/pt\/wp-json\/wp\/v2\/product_cat?post=864"},{"taxonomy":"product_tag","embeddable":true,"href":"https:\/\/puzzle3d.co\/pt\/wp-json\/wp\/v2\/product_tag?post=864"},{"taxonomy":"woo-feed-brand","embeddable":true,"href":"https:\/\/puzzle3d.co\/pt\/wp-json\/wp\/v2\/woo-feed-brand?post=864"}],"curies":[{"name":"wp","href":"https:\/\/api.w.org\/{rel}","templated":true}]}}