{"id":862,"date":"2023-01-25T22:08:41","date_gmt":"2023-01-25T22:08:41","guid":{"rendered":"https:\/\/puzzle3d.co\/product\/bat-m-puzzle-classic-lemn-copy\/"},"modified":"2025-06-11T19:07:19","modified_gmt":"2025-06-11T19:07:19","slug":"puzzle-mastodonte-puzzle-classico","status":"publish","type":"product","link":"https:\/\/puzzle3d.co\/pt\/prodotto\/mastodon-puzzle-classic-jigsaw\/","title":{"rendered":"Puzzle de madeira MASTODON 2D, 180 pe\u00e7as"},"content":{"rendered":"<div>\n<p><strong>MASTODON Classic 2D Puzzle\/ Quebra-cabe\u00e7as em madeira, 180 pe\u00e7as<\/strong><\/p>\n<div>Para onde foi o mastodonte? Nem mesmo os investigadores sabem.<\/div>\n<\/div>\n<div>\n<div>\n<div><\/div>\n<div>S\u00f3 h\u00e1 cerca de 10.000 anos \u00e9 que se descobriu que um mam\u00edfero que pesava entre 4 e 10 toneladas e tinha at\u00e9 10 metros de comprimento vivia no continente norte-americano.<\/div>\n<div><\/div>\n<div>A estrutura do esqueleto era algo semelhante \u00e0 do elefante, mas as propor\u00e7\u00f5es eram muito diferentes.<\/div>\n<div><\/div>\n<div>Sup\u00f5e-se que desapareceram devido ao clima....<\/div>\n<div>Opte pela originalidade e decore a sua casa ou escrit\u00f3rio com um mam\u00edfero pr\u00e9-hist\u00f3rico que nunca ningu\u00e9m viu.<\/div>\n<div><\/div>\n<div>\u00c9 uma atividade divertida montar um puzzle em que se podem encontrar elefantes, ursos, tigres, rinocerontes e outros amigos corajosos entre os componentes de madeira.<\/div>\n<div><\/div>\n<div>Ao mesmo tempo, relaxa, concentra-se e sente como o seu c\u00e9rebro aprecia o desafio.<\/div>\n<div><\/div>\n<div>Oferecemos 3 tamanhos (S, M, L) entre os quais pode escolher o mais adequado para a parede da sua casa ou escrit\u00f3rio. Ou talvez queira colocar este bonito puzzle numa moldura - a escolha \u00e9 sua.<\/div>\n<div><\/div>\n<div><strong>DETALHES DO PRODUTO:<\/strong><\/div>\n<div>Dimens\u00f5es do modelo: 286*387*5 mm<\/div>\n<div>Dimens\u00f5es da embalagem: 255 x 192 x 42 mm<\/div>\n<div>N\u00famero de pe\u00e7as: 180<\/div>\n<\/div>\n<div><\/div>\n<\/div>","protected":false},"excerpt":{"rendered":"<p>\u00c9 uma atividade divertida montar um puzzle em que se podem encontrar elefantes, ursos, tigres, rinocerontes e outros amigos corajosos entre os componentes de madeira.<\/p>","protected":false},"featured_media":855,"comment_status":"open","ping_status":"closed","template":"","meta":[],"product_brand":[],"product_cat":[80,84,83],"product_tag":[],"woo-feed-brand":[],"class_list":{"0":"post-862","1":"product","2":"type-product","3":"status-publish","4":"has-post-thumbnail","6":"product_cat-puzzle-jigsaw","7":"product_cat-puzzle-jigsaw-in-legno","8":"product_cat-puzzle-jigsaw-bambini","10":"first","11":"instock","12":"shipping-taxable","13":"purchasable","14":"product-type-simple"},"_links":{"self":[{"href":"https:\/\/puzzle3d.co\/pt\/wp-json\/wp\/v2\/product\/862","targetHints":{"allow":["GET"]}}],"collection":[{"href":"https:\/\/puzzle3d.co\/pt\/wp-json\/wp\/v2\/product"}],"about":[{"href":"https:\/\/puzzle3d.co\/pt\/wp-json\/wp\/v2\/types\/product"}],"replies":[{"embeddable":true,"href":"https:\/\/puzzle3d.co\/pt\/wp-json\/wp\/v2\/comments?post=862"}],"wp:featuredmedia":[{"embeddable":true,"href":"https:\/\/puzzle3d.co\/pt\/wp-json\/wp\/v2\/media\/855"}],"wp:attachment":[{"href":"https:\/\/puzzle3d.co\/pt\/wp-json\/wp\/v2\/media?parent=862"}],"wp:term":[{"taxonomy":"product_brand","embeddable":true,"href":"https:\/\/puzzle3d.co\/pt\/wp-json\/wp\/v2\/product_brand?post=862"},{"taxonomy":"product_cat","embeddable":true,"href":"https:\/\/puzzle3d.co\/pt\/wp-json\/wp\/v2\/product_cat?post=862"},{"taxonomy":"product_tag","embeddable":true,"href":"https:\/\/puzzle3d.co\/pt\/wp-json\/wp\/v2\/product_tag?post=862"},{"taxonomy":"woo-feed-brand","embeddable":true,"href":"https:\/\/puzzle3d.co\/pt\/wp-json\/wp\/v2\/woo-feed-brand?post=862"}],"curies":[{"name":"wp","href":"https:\/\/api.w.org\/{rel}","templated":true}]}}