{"id":847,"date":"2023-01-25T21:56:10","date_gmt":"2023-01-25T21:56:10","guid":{"rendered":"https:\/\/puzzle3d.co\/product\/ram-puzzle-classic-copy\/"},"modified":"2025-06-11T19:07:50","modified_gmt":"2025-06-11T19:07:50","slug":"puzzle-de-madeira-2d-peixe","status":"publish","type":"product","link":"https:\/\/puzzle3d.co\/pt\/prodotto\/pesci-puzzle-2d-in-legno\/","title":{"rendered":"Peixe 2D Puzzle de madeira - 150 pe\u00e7as"},"content":{"rendered":"<div>\n<p><strong>Puzzle de madeira Fish 2D , 150 pe\u00e7as<\/strong><\/p>\n<\/div>\n<div>\n<div>\n<div>Est\u00e1 a olhar para um peixe bonito e inteligente: o Koi. S\u00e3o uma esp\u00e9cie origin\u00e1ria da \u00c1sia, mais precisamente vivem nas \u00e1guas doces da China e do Jap\u00e3o.<\/div>\n<div><\/div>\n<div>No Oriente, s\u00e3o o s\u00edmbolo da coragem e da perseveran\u00e7a.<\/div>\n<div><\/div>\n<div>S\u00f3 se desenvolvem em \u00e1guas limpas e oxigenadas, a uma temperatura entre 10 e 30 graus Celsius, e alimentam-se de uma dieta equilibrada de vegeta\u00e7\u00e3o e algas.<\/div>\n<div><\/div>\n<div>Montar este puzzle ser\u00e1 um momento agrad\u00e1vel de paz e relaxamento, e admir\u00e1-lo depois recordar-lhe-\u00e1 o equil\u00edbrio e a harmonia.<\/div>\n<div><\/div>\n<div>\u00c9 maravilhoso procurar o equil\u00edbrio e a harmonia connosco e com os que nos rodeiam!<\/div>\n<div><\/div>\n<div><strong>DETALHES DO PRODUTO:<\/strong><\/div>\n<div>Dimens\u00f5es do modelo: 282*387*5 mm<\/div>\n<div>Dimens\u00f5es da embalagem: 255 x 192 x 42 mm<\/div>\n<div>N\u00famero de pe\u00e7as: 150<\/div>\n<\/div>\n<div><\/div>\n<\/div>","protected":false},"excerpt":{"rendered":"<div>KOI - puzzle\/puzzle cl\u00e1ssico de madeira<br \/>\nMontar este puzzle ser\u00e1 um momento agrad\u00e1vel de paz e relaxamento, e admir\u00e1-lo depois recordar-lhe-\u00e1 o equil\u00edbrio e a harmonia.<\/div>\n<p>&nbsp;<\/p>","protected":false},"featured_media":852,"comment_status":"open","ping_status":"closed","template":"","meta":[],"product_brand":[],"product_cat":[80,84,83],"product_tag":[],"woo-feed-brand":[],"class_list":{"0":"post-847","1":"product","2":"type-product","3":"status-publish","4":"has-post-thumbnail","6":"product_cat-puzzle-jigsaw","7":"product_cat-puzzle-jigsaw-in-legno","8":"product_cat-puzzle-jigsaw-bambini","10":"first","11":"instock","12":"shipping-taxable","13":"purchasable","14":"product-type-simple"},"_links":{"self":[{"href":"https:\/\/puzzle3d.co\/pt\/wp-json\/wp\/v2\/product\/847","targetHints":{"allow":["GET"]}}],"collection":[{"href":"https:\/\/puzzle3d.co\/pt\/wp-json\/wp\/v2\/product"}],"about":[{"href":"https:\/\/puzzle3d.co\/pt\/wp-json\/wp\/v2\/types\/product"}],"replies":[{"embeddable":true,"href":"https:\/\/puzzle3d.co\/pt\/wp-json\/wp\/v2\/comments?post=847"}],"wp:featuredmedia":[{"embeddable":true,"href":"https:\/\/puzzle3d.co\/pt\/wp-json\/wp\/v2\/media\/852"}],"wp:attachment":[{"href":"https:\/\/puzzle3d.co\/pt\/wp-json\/wp\/v2\/media?parent=847"}],"wp:term":[{"taxonomy":"product_brand","embeddable":true,"href":"https:\/\/puzzle3d.co\/pt\/wp-json\/wp\/v2\/product_brand?post=847"},{"taxonomy":"product_cat","embeddable":true,"href":"https:\/\/puzzle3d.co\/pt\/wp-json\/wp\/v2\/product_cat?post=847"},{"taxonomy":"product_tag","embeddable":true,"href":"https:\/\/puzzle3d.co\/pt\/wp-json\/wp\/v2\/product_tag?post=847"},{"taxonomy":"woo-feed-brand","embeddable":true,"href":"https:\/\/puzzle3d.co\/pt\/wp-json\/wp\/v2\/woo-feed-brand?post=847"}],"curies":[{"name":"wp","href":"https:\/\/api.w.org\/{rel}","templated":true}]}}