{"id":843,"date":"2023-01-25T21:31:29","date_gmt":"2023-01-25T21:31:29","guid":{"rendered":"https:\/\/puzzle3d.co\/product\/gramophone-puzzle-3d-copy\/"},"modified":"2025-06-11T19:08:06","modified_gmt":"2025-06-11T19:08:06","slug":"quebra-cabeca-ariete-2d-madeira-130-pecas","status":"publish","type":"product","link":"https:\/\/puzzle3d.co\/pt\/prodotto\/ariete-puzzle-2d-jigsaw-in-legno-130-pezzi\/","title":{"rendered":"ARIETE Puzzle 2D Jigsaw em madeira, 130 pe\u00e7as"},"content":{"rendered":"<div>\n<p><strong>ARIETE Puzzle 2D Jigsaw em madeira, 130 pe\u00e7as<\/strong><\/p>\n<\/div>\n<div>\n<div>\n<div>N\u00e3o \u00e9 preciso ter nascido sob o signo de Carneiro para montar este maravilhoso puzzle.<\/div>\n<div><\/div>\n<div>Mas h\u00e1 uma coisa interessante sobre eles:<\/div>\n<div>s\u00e3o ambiciosos e en\u00e9rgicos, adapt\u00e1veis \u00e0 mudan\u00e7a e consideram-se l\u00edderes destemidos.<\/div>\n<div><\/div>\n<div>Elon Musk - fundador e diretor executivo da SpaceX e da Tesla;<\/div>\n<div><\/div>\n<div>Albert Einstein - o f\u00edsico que revolucionou o mundo;<\/div>\n<div><\/div>\n<div>Mark Zuckerberg - fundador e diretor executivo do Facebook;<\/div>\n<div><\/div>\n<div>Pr\u00edncipe Carlos - filho da Rainha Isabel II;<\/div>\n<div><\/div>\n<div>Nicolae Ceausescu e muitas outras pessoas famosas podem ser encontradas no zod\u00edaco de Carneiro.<\/div>\n<div><\/div>\n<div>Est\u00e1 agora convencido de que um puzzle de Carneiro revela qualidades extraordin\u00e1rias num \u00e1pice?<\/div>\n<div><\/div>\n<div><strong>DETALHES DO PRODUTO:<\/strong><\/div>\n<div>Dimens\u00f5es do modelo: 282*387*5 mm<\/div>\n<div>Dimens\u00f5es da embalagem: 255 x 192 x 42 mm<\/div>\n<div>N\u00famero de pe\u00e7as: 130<\/div>\n<\/div>\n<div><\/div>\n<\/div>","protected":false},"excerpt":{"rendered":"<p>N\u00e3o \u00e9 necess\u00e1rio ter nascido sob o signo de Carneiro para montar este maravilhoso puzzle. Mas considere algo interessante sobre eles: s\u00e3o ambiciosos e en\u00e9rgicos, adapt\u00e1veis \u00e0 mudan\u00e7a e consideram-se l\u00edderes destemidos.<\/p>","protected":false},"featured_media":845,"comment_status":"open","ping_status":"closed","template":"","meta":[],"product_brand":[],"product_cat":[80,84,83],"product_tag":[],"woo-feed-brand":[],"class_list":{"0":"post-843","1":"product","2":"type-product","3":"status-publish","4":"has-post-thumbnail","6":"product_cat-puzzle-jigsaw","7":"product_cat-puzzle-jigsaw-in-legno","8":"product_cat-puzzle-jigsaw-bambini","10":"first","11":"instock","12":"shipping-taxable","13":"purchasable","14":"product-type-simple"},"_links":{"self":[{"href":"https:\/\/puzzle3d.co\/pt\/wp-json\/wp\/v2\/product\/843","targetHints":{"allow":["GET"]}}],"collection":[{"href":"https:\/\/puzzle3d.co\/pt\/wp-json\/wp\/v2\/product"}],"about":[{"href":"https:\/\/puzzle3d.co\/pt\/wp-json\/wp\/v2\/types\/product"}],"replies":[{"embeddable":true,"href":"https:\/\/puzzle3d.co\/pt\/wp-json\/wp\/v2\/comments?post=843"}],"wp:featuredmedia":[{"embeddable":true,"href":"https:\/\/puzzle3d.co\/pt\/wp-json\/wp\/v2\/media\/845"}],"wp:attachment":[{"href":"https:\/\/puzzle3d.co\/pt\/wp-json\/wp\/v2\/media?parent=843"}],"wp:term":[{"taxonomy":"product_brand","embeddable":true,"href":"https:\/\/puzzle3d.co\/pt\/wp-json\/wp\/v2\/product_brand?post=843"},{"taxonomy":"product_cat","embeddable":true,"href":"https:\/\/puzzle3d.co\/pt\/wp-json\/wp\/v2\/product_cat?post=843"},{"taxonomy":"product_tag","embeddable":true,"href":"https:\/\/puzzle3d.co\/pt\/wp-json\/wp\/v2\/product_tag?post=843"},{"taxonomy":"woo-feed-brand","embeddable":true,"href":"https:\/\/puzzle3d.co\/pt\/wp-json\/wp\/v2\/woo-feed-brand?post=843"}],"curies":[{"name":"wp","href":"https:\/\/api.w.org\/{rel}","templated":true}]}}