{"id":834,"date":"2023-01-25T15:04:00","date_gmt":"2023-01-25T15:04:00","guid":{"rendered":"https:\/\/puzzle3d.co\/product\/kinetic-globe-puzzle-3d-copy\/"},"modified":"2025-06-11T19:09:09","modified_gmt":"2025-06-11T19:09:09","slug":"puzzle-mecanico-3d-de-madeira-gramofone","status":"publish","type":"product","link":"https:\/\/puzzle3d.co\/pt\/prodotto\/grammofono-puzzle-meccanico-3d-in-legno\/","title":{"rendered":"O Gramofone 3D Modelo mec\u00e2nico de constru\u00e7\u00e3o em madeira, 321 pe\u00e7as"},"content":{"rendered":"<div><strong>O Gramofone - puzzle mec\u00e2nico 3D em madeira - 321 pe\u00e7as<\/strong><\/div>\n<div><\/div>\n<div>Thomas Edison, uma das figuras mais importantes da hist\u00f3ria da tecnologia, inventou o gramofone em 1877 numa vareta de cera. Foi um sucesso comercial e tornou-se rapidamente popular nos Estados Unidos.<\/div>\n<div><\/div>\n<div>10 anos mais tarde, o engenheiro americano de origem alem\u00e3 Emil Berliner inventou o gramofone com discos.<\/div>\n<div><\/div>\n<div>Ambos os gramofones deram um contributo colossal para a ind\u00fastria da m\u00fasica e da comunica\u00e7\u00e3o.<\/div>\n<div><\/div>\n<div>O gramofone que est\u00e1 \u00e0 sua frente vem delici\u00e1-lo todos os dias de uma forma especial.<\/div>\n<div><\/div>\n<div>Ser\u00e1 agrad\u00e1vel come\u00e7ar o dia com este gramofone junto ao qual poder\u00e1 saborear o seu caf\u00e9 num ambiente relaxante. Em seguida, tira o seu rel\u00f3gio ou a joia do dia da caixa secreta. \u00c0 noite, volta a abrir a caixa para guardar a joia. \u00c9 assim que os seus rituais di\u00e1rios transformar\u00e3o o gramofone num objeto com o qual ter\u00e1 uma liga\u00e7\u00e3o estreita.<\/div>\n<div><\/div>\n<div>Montar o gramofone ser\u00e1 uma atividade agrad\u00e1vel e relaxante e, no final, n\u00e3o olhar\u00e1 para o lado t\u00e3o depressa.<\/div>\n<div><\/div>\n<h2><strong>Prenda ideal para mulheres e amantes de m\u00fasica<\/strong><\/h2>\n<div><\/div>\n<div>\u00c9 um presente original para mulheres e homens apaixonados por m\u00fasica, cultura e arte. A caixa traz um valor extra e pode ser complementada com rel\u00f3gios, j\u00f3ias ou notas de amor.<\/div>\n<div><\/div>\n<div>Uma bela pe\u00e7a de decora\u00e7\u00e3o para qualquer divis\u00e3o da sua casa.<\/div>\n<div><\/div>\n<div>Quando n\u00e3o souber que prenda escolher para um ente querido ou para algu\u00e9m que respeita, escolha um gramofone.<\/div>\n<div><\/div>\n<div><strong>DETALHES DO PRODUTO:<\/strong><\/div>\n<div>Dimens\u00f5es do modelo: 407*274*312 mm<\/div>\n<div>Dimens\u00f5es da embalagem: 377 x 243 x 45 mm<\/div>\n<div>N\u00famero de pe\u00e7as: 321<\/div>","protected":false},"excerpt":{"rendered":"<div>Montar o gramofone ser\u00e1 uma atividade agrad\u00e1vel e relaxante e, no final, n\u00e3o olhar\u00e1 para o lado t\u00e3o depressa.<\/div>\n<p>&nbsp;<\/p>","protected":false},"featured_media":839,"comment_status":"open","ping_status":"closed","template":"","meta":{"slim_seo":{"title":"O Gramofone - Puzzle mec\u00e2nico 3D em madeira, 321 pe\u00e7as","description":"Puzzle mec\u00e2nico 3D em madeira O Gramofone - Montar o gramofone ser\u00e1 uma atividade agrad\u00e1vel e relaxante para crian\u00e7as e adultos"}},"product_brand":[],"product_cat":[89,90,73,74,76],"product_tag":[],"woo-feed-brand":[],"class_list":{"0":"post-834","1":"product","2":"type-product","3":"status-publish","4":"has-post-thumbnail","6":"product_cat-puzzle-meccanici-3d-in-legno","7":"product_cat-puzzle-meccanici-per-bambini","8":"product_cat-puzzle-3d","9":"product_cat-puzzle-3d-in-legno","10":"product_cat-puzzle-3d-per-bambini","12":"first","13":"instock","14":"shipping-taxable","15":"purchasable","16":"product-type-simple"},"_links":{"self":[{"href":"https:\/\/puzzle3d.co\/pt\/wp-json\/wp\/v2\/product\/834","targetHints":{"allow":["GET"]}}],"collection":[{"href":"https:\/\/puzzle3d.co\/pt\/wp-json\/wp\/v2\/product"}],"about":[{"href":"https:\/\/puzzle3d.co\/pt\/wp-json\/wp\/v2\/types\/product"}],"replies":[{"embeddable":true,"href":"https:\/\/puzzle3d.co\/pt\/wp-json\/wp\/v2\/comments?post=834"}],"wp:featuredmedia":[{"embeddable":true,"href":"https:\/\/puzzle3d.co\/pt\/wp-json\/wp\/v2\/media\/839"}],"wp:attachment":[{"href":"https:\/\/puzzle3d.co\/pt\/wp-json\/wp\/v2\/media?parent=834"}],"wp:term":[{"taxonomy":"product_brand","embeddable":true,"href":"https:\/\/puzzle3d.co\/pt\/wp-json\/wp\/v2\/product_brand?post=834"},{"taxonomy":"product_cat","embeddable":true,"href":"https:\/\/puzzle3d.co\/pt\/wp-json\/wp\/v2\/product_cat?post=834"},{"taxonomy":"product_tag","embeddable":true,"href":"https:\/\/puzzle3d.co\/pt\/wp-json\/wp\/v2\/product_tag?post=834"},{"taxonomy":"woo-feed-brand","embeddable":true,"href":"https:\/\/puzzle3d.co\/pt\/wp-json\/wp\/v2\/woo-feed-brand?post=834"}],"curies":[{"name":"wp","href":"https:\/\/api.w.org\/{rel}","templated":true}]}}