{"id":826,"date":"2023-01-25T14:32:39","date_gmt":"2023-01-25T14:32:39","guid":{"rendered":"https:\/\/puzzle3d.co\/product\/doll-house-puzzle-3d-copy\/"},"modified":"2025-05-11T08:14:48","modified_gmt":"2025-05-11T08:14:48","slug":"puzzle-mecanico-3d-kinetic-globe-madeira","status":"publish","type":"product","link":"https:\/\/puzzle3d.co\/pt\/prodotto\/globo-cinetico-puzzle-meccanico-3d-legno\/","title":{"rendered":"The Kinetic Globe - Puzzle mec\u00e2nico de madeira, 205 pe\u00e7as"},"content":{"rendered":"<div>\n<p><strong>The Kinetic Globe - Puzzle mec\u00e2nico de madeira, 205 pe\u00e7as<\/strong><\/p>\n<p><span style=\"color: #333333;\">Descubra a beleza da mec\u00e2nica com um globo cin\u00e9tico! <\/span><span style=\"color: #333333;\">No s\u00e9culo XVII, os globos cin\u00e9ticos come\u00e7aram a ser utilizados como instrumento pedag\u00f3gico para ilustrar princ\u00edpios f\u00edsicos como a rota\u00e7\u00e3o e a revolu\u00e7\u00e3o.<\/span><\/p>\n<\/div>\n<div>\n<div>\n<div>Dois s\u00e9culos mais tarde, come\u00e7aram a ser utilizados como objectos de decora\u00e7\u00e3o.<\/div>\n<div>A partir do s\u00e9culo XX, os globos cin\u00e9ticos tornaram-se cada vez mais populares como objectos de arte contempor\u00e2nea.<\/div>\n<div><\/div>\n<div>Atualmente, os globos continuam a evoluir, utilizando tecnologia moderna e materiais avan\u00e7ados para criar movimentos e efeitos visuais impressionantes.<\/div>\n<div><\/div>\n<div>Prenda inteligente para qualquer pessoa<\/div>\n<div><\/div>\n<div>Escolha um presente inteligente para si ou para um amigo, monte-o e depois deixe-o girar. \u00c9 relaxante observar o movimento de rota\u00e7\u00e3o e revolu\u00e7\u00e3o.<\/div>\n<div><\/div>\n<div>Pode faz\u00ea-lo enquanto pensa num projeto ou desfruta de um caf\u00e9 em paz. Vai notar como as suas baterias ficam carregadas e os seus pensamentos parecem assentar na prateleira.<\/div>\n<div><\/div>\n<div><strong>DETALHES DO PRODUTO:<\/strong><\/div>\n<div>Dimens\u00f5es do modelo: 161*132*251 mm<\/div>\n<div>Dimens\u00f5es da embalagem: 245*188*30 mm<\/div>\n<div>N\u00famero de pe\u00e7as: 205<\/div>\n<\/div>\n<div><\/div>\n<\/div>","protected":false},"excerpt":{"rendered":"<p>Descubra a beleza da mec\u00e2nica com um globo cin\u00e9tico! Escolha um presente inteligente para si ou para um amigo, monte-o e deixe-o girar. \u00c9 relaxante observar o movimento de rota\u00e7\u00e3o e revolu\u00e7\u00e3o.<\/p>","protected":false},"featured_media":830,"comment_status":"open","ping_status":"closed","template":"","meta":{"slim_seo":{"title":"\ud83d\udd2e O Globo Cin\u00e9tico - Puzzle Mec\u00e2nico 3D em Madeira 205 Pe\u00e7as","description":"Descubra a beleza da mec\u00e2nica com um globo cin\u00e9tico! Escolha um presente inteligente para si ou para um amigo, monte-o e deixe-o girar."}},"product_brand":[],"product_cat":[89,90,73,74,76],"product_tag":[],"woo-feed-brand":[],"class_list":{"0":"post-826","1":"product","2":"type-product","3":"status-publish","4":"has-post-thumbnail","6":"product_cat-puzzle-meccanici-3d-in-legno","7":"product_cat-puzzle-meccanici-per-bambini","8":"product_cat-puzzle-3d","9":"product_cat-puzzle-3d-in-legno","10":"product_cat-puzzle-3d-per-bambini","12":"first","13":"instock","14":"shipping-taxable","15":"purchasable","16":"product-type-simple"},"_links":{"self":[{"href":"https:\/\/puzzle3d.co\/pt\/wp-json\/wp\/v2\/product\/826","targetHints":{"allow":["GET"]}}],"collection":[{"href":"https:\/\/puzzle3d.co\/pt\/wp-json\/wp\/v2\/product"}],"about":[{"href":"https:\/\/puzzle3d.co\/pt\/wp-json\/wp\/v2\/types\/product"}],"replies":[{"embeddable":true,"href":"https:\/\/puzzle3d.co\/pt\/wp-json\/wp\/v2\/comments?post=826"}],"wp:featuredmedia":[{"embeddable":true,"href":"https:\/\/puzzle3d.co\/pt\/wp-json\/wp\/v2\/media\/830"}],"wp:attachment":[{"href":"https:\/\/puzzle3d.co\/pt\/wp-json\/wp\/v2\/media?parent=826"}],"wp:term":[{"taxonomy":"product_brand","embeddable":true,"href":"https:\/\/puzzle3d.co\/pt\/wp-json\/wp\/v2\/product_brand?post=826"},{"taxonomy":"product_cat","embeddable":true,"href":"https:\/\/puzzle3d.co\/pt\/wp-json\/wp\/v2\/product_cat?post=826"},{"taxonomy":"product_tag","embeddable":true,"href":"https:\/\/puzzle3d.co\/pt\/wp-json\/wp\/v2\/product_tag?post=826"},{"taxonomy":"woo-feed-brand","embeddable":true,"href":"https:\/\/puzzle3d.co\/pt\/wp-json\/wp\/v2\/woo-feed-brand?post=826"}],"curies":[{"name":"wp","href":"https:\/\/api.w.org\/{rel}","templated":true}]}}