{"id":818,"date":"2023-01-24T16:19:11","date_gmt":"2023-01-24T16:19:11","guid":{"rendered":"https:\/\/puzzle3d.co\/product\/tank-t-34-85-puzzle-3d-mecanic-copy\/"},"modified":"2025-05-12T06:12:44","modified_gmt":"2025-05-12T06:12:44","slug":"puzzle-de-madeira-3d-casa-de-bonecas","status":"publish","type":"product","link":"https:\/\/puzzle3d.co\/pt\/prodotto\/casa-delle-bambole-puzzle-3d-in-legno\/","title":{"rendered":"Casa de bonecas em madeira, 131 pe\u00e7as"},"content":{"rendered":"<div>\n<p><strong>Puzzle de madeira 3D CHILDREN'S HOUSE -131 pe\u00e7as<\/strong><\/p>\n<p>Construir esta casa de bonecas ser\u00e1 um prazer, gra\u00e7as aos componentes de madeira de alta qualidade. Cada pe\u00e7a \u00e9 cortada com precis\u00e3o a laser e encaixa perfeitamente nas outras. Instru\u00e7\u00f5es pormenorizadas gui\u00e1-lo-\u00e3o passo a passo durante a montagem.<\/p>\n<p>Quando terminada, a casa mede 48 x 37 x 54 cm, para um modelo grande. A imagina\u00e7\u00e3o e a criatividade n\u00e3o faltam para mobilar o interior e decorar o exterior ao seu gosto, tal como numa verdadeira casa de bonecas!<\/p>\n<\/div>\n<p>A aten\u00e7\u00e3o aos pormenores \u00e9 surpreendente: varandas decoradas, mobili\u00e1rio completo de sala e cozinha, pequenas cortinas coloridas, um escorrega e outros elementos preciosos contribuem para recriar um mundo em miniatura extraordinariamente realista.<\/p>\n<p class=\"whitespace-pre-wrap\">Deixe-se encantar por esta bonita casa de bonecas em madeira - o presente perfeito para mi\u00fados e gra\u00fados!<\/p>\n<p class=\"whitespace-pre-wrap\">Um dos principais fabricantes mundiais de puzzles de madeira, com dezenas de conjuntos fascinantes \u00e0 escolha. A aten\u00e7\u00e3o aos pormenores dos seus modelos \u00e9 simplesmente incr\u00edvel! Uma variedade de dificuldades, desde kits adequados para crian\u00e7as a desafios para modelistas mais experientes. Uma empresa com uma longa hist\u00f3ria e uma paix\u00e3o por esta arte.<\/p>\n<div>\n<div>\n<div>H\u00e1 alguns s\u00e9culos, a casa de bonecas de madeira era um objeto de luxo reservado apenas \u00e0s fam\u00edlias abastadas.<\/div>\n<div><\/div>\n<div>Hoje em dia, j\u00e1 n\u00e3o \u00e9 um luxo, mas um objeto de que as crian\u00e7as gostam e que promete horas de brincadeira longe dos ecr\u00e3s.<\/div>\n<div><\/div>\n<div>Por isso, se quiser manter o seu filho ocupado, esta casa de brincar \u00e9 bem-vinda.<\/div>\n<div><\/div>\n<div>Tem in\u00fameras vantagens: a sua montagem desenvolve a aten\u00e7\u00e3o aos pormenores, as capacidades motoras, a coordena\u00e7\u00e3o m\u00e3o-olho e a orienta\u00e7\u00e3o no espa\u00e7o.<\/div>\n<div><\/div>\n<h2>Prenda adequada para raparigas<\/h2>\n<div>Tem in\u00fameras divis\u00f5es e m\u00f3veis que favorecem a imagina\u00e7\u00e3o e o jogo de pap\u00e9is: sala, cozinha, quarto, s\u00f3t\u00e3o, varanda, garagem, mesa, cadeiras, sof\u00e1s, quarto, elevador mec\u00e2nico.<\/div>\n<div><\/div>\n<div>Pode decor\u00e1-lo com a ajuda de uma tinta \u00e0 base de \u00e1gua, pode acrescentar os membros da fam\u00edlia que v\u00e3o viver nesta casa, o carro, as \u00e1rvores e tudo o que a sua imagina\u00e7\u00e3o lhe sugerir.<\/div>\n<div><\/div>\n<div>A casa de brincar pode ser dobrada para um transporte c\u00f3modo para brincar ao ar livre ou para visitar os av\u00f3s.<\/div>\n<div>\u00c9 uma decora\u00e7\u00e3o atractiva para a sala de estar e especialmente para um quarto de crian\u00e7a.<\/div>\n<div><\/div>\n<div><strong>DETALHES DO PRODUTO:<\/strong><\/div>\n<div>Dimens\u00f5es do modelo: 486*376*540 mm<\/div>\n<div>Dimens\u00f5es da embalagem: 375 x 243 x 64 mm<\/div>\n<div>N\u00famero de pe\u00e7as: 131<\/div>\n<\/div>\n<\/div>","protected":false},"excerpt":{"rendered":"<div>A casa de bonecas de madeira desenvolve a aten\u00e7\u00e3o aos pormenores, as capacidades motoras, a coordena\u00e7\u00e3o m\u00e3o-olho e a orienta\u00e7\u00e3o no espa\u00e7o.<\/div>\n<p>&nbsp;<\/p>","protected":false},"featured_media":820,"comment_status":"open","ping_status":"closed","template":"","meta":[],"product_brand":[],"product_cat":[73,74,76,89,90],"product_tag":[],"woo-feed-brand":[],"class_list":{"0":"post-818","1":"product","2":"type-product","3":"status-publish","4":"has-post-thumbnail","6":"product_cat-puzzle-3d","7":"product_cat-puzzle-3d-in-legno","8":"product_cat-puzzle-3d-per-bambini","9":"product_cat-puzzle-meccanici-3d-in-legno","10":"product_cat-puzzle-meccanici-per-bambini","12":"first","13":"instock","14":"shipping-taxable","15":"purchasable","16":"product-type-simple"},"_links":{"self":[{"href":"https:\/\/puzzle3d.co\/pt\/wp-json\/wp\/v2\/product\/818","targetHints":{"allow":["GET"]}}],"collection":[{"href":"https:\/\/puzzle3d.co\/pt\/wp-json\/wp\/v2\/product"}],"about":[{"href":"https:\/\/puzzle3d.co\/pt\/wp-json\/wp\/v2\/types\/product"}],"replies":[{"embeddable":true,"href":"https:\/\/puzzle3d.co\/pt\/wp-json\/wp\/v2\/comments?post=818"}],"wp:featuredmedia":[{"embeddable":true,"href":"https:\/\/puzzle3d.co\/pt\/wp-json\/wp\/v2\/media\/820"}],"wp:attachment":[{"href":"https:\/\/puzzle3d.co\/pt\/wp-json\/wp\/v2\/media?parent=818"}],"wp:term":[{"taxonomy":"product_brand","embeddable":true,"href":"https:\/\/puzzle3d.co\/pt\/wp-json\/wp\/v2\/product_brand?post=818"},{"taxonomy":"product_cat","embeddable":true,"href":"https:\/\/puzzle3d.co\/pt\/wp-json\/wp\/v2\/product_cat?post=818"},{"taxonomy":"product_tag","embeddable":true,"href":"https:\/\/puzzle3d.co\/pt\/wp-json\/wp\/v2\/product_tag?post=818"},{"taxonomy":"woo-feed-brand","embeddable":true,"href":"https:\/\/puzzle3d.co\/pt\/wp-json\/wp\/v2\/woo-feed-brand?post=818"}],"curies":[{"name":"wp","href":"https:\/\/api.w.org\/{rel}","templated":true}]}}