{"id":796,"date":"2023-01-24T12:45:30","date_gmt":"2023-01-24T12:45:30","guid":{"rendered":"https:\/\/puzzle3d.co\/product\/glob-lemn-puzzle-3d-mecanic-copy\/"},"modified":"2025-06-19T03:30:45","modified_gmt":"2025-06-19T03:30:45","slug":"ceifeira-debulhadora-agricola-puzzle-mecanico-3d-em-madeira","status":"publish","type":"product","link":"https:\/\/puzzle3d.co\/pt\/prodotto\/combina-agricola-puzzle-3d-meccanico-in-legno\/","title":{"rendered":"Combina Agricola - puzzle mec\u00e2nico de madeira, 963 pe\u00e7as"},"content":{"rendered":"<div>\n<p><strong>Ceifeira-debulhadora agr\u00edcola - Modelo mec\u00e2nico em madeira - 963 pe\u00e7as<\/strong><\/p>\n<\/div>\n<div>\n<div>\n<div>O puzzle da ceifeira-debulhadora de madeira \u00e9 semelhante a uma ceifeira-debulhadora real. O seu objetivo \u00e9 funcionar como a sua contraparte na vida real.<\/div>\n<div>O modelo tem um motor com um el\u00e1stico e um dispositivo de corte amov\u00edvel que sobe e desce. \u00c9 verdadeiramente fascinante admir\u00e1-lo tanto em repouso como em movimento.<\/div>\n<h2>Prenda apreciada pelos homens<\/h2>\n<div>A sua montagem \u00e9 um prazer, mas tamb\u00e9m um desafio. Siga as instru\u00e7\u00f5es, n\u00e3o \u00e9 t\u00e3o complicado como pensa.<\/div>\n<div>Durante a constru\u00e7\u00e3o, ter\u00e1 uma dose garantida de adrenalina, concentra\u00e7\u00e3o nos pormenores, mas tamb\u00e9m um agrad\u00e1vel estado de relaxamento.<\/div>\n<div><\/div>\n<div>O n\u00edvel de dificuldade \u00e9 de 5 em 5.<\/div>\n<div><\/div>\n<div><strong>Idade adequada &gt; 14 anos<\/strong><\/div>\n<div><\/div>\n<div><strong>DETALHES DO PRODUTO:<\/strong><\/div>\n<div>Dimens\u00f5es do modelo: 315*261*145 mm<\/div>\n<div>Dimens\u00f5es da embalagem: 375 x 183 x 32 mm<\/div>\n<div>N\u00famero de pe\u00e7as: 963<\/div>\n<\/div>\n<div><\/div>\n<\/div>","protected":false},"excerpt":{"rendered":"<p>O puzzle da ceifeira-debulhadora de madeira \u00e9 semelhante a uma ceifeira-debulhadora real. O seu objetivo \u00e9 funcionar como a sua contraparte da vida real. O modelo tem um motor com el\u00e1stico e um dispositivo de corte amov\u00edvel que sobe e desce.<\/p>","protected":false},"featured_media":798,"comment_status":"open","ping_status":"closed","template":"","meta":[],"product_brand":[],"product_cat":[108,73,88,74,89,90,91],"product_tag":[],"woo-feed-brand":[],"class_list":{"0":"post-796","1":"product","2":"type-product","3":"status-publish","4":"has-post-thumbnail","6":"product_cat-modellismo-da-costruire-per-adulti","7":"product_cat-puzzle-3d","8":"product_cat-puzzle-3d-adulti","9":"product_cat-puzzle-3d-in-legno","10":"product_cat-puzzle-meccanici-3d-in-legno","11":"product_cat-puzzle-meccanici-per-bambini","12":"product_cat-puzzle-meccanici-per-adulti","14":"first","15":"instock","16":"shipping-taxable","17":"purchasable","18":"product-type-simple"},"_links":{"self":[{"href":"https:\/\/puzzle3d.co\/pt\/wp-json\/wp\/v2\/product\/796","targetHints":{"allow":["GET"]}}],"collection":[{"href":"https:\/\/puzzle3d.co\/pt\/wp-json\/wp\/v2\/product"}],"about":[{"href":"https:\/\/puzzle3d.co\/pt\/wp-json\/wp\/v2\/types\/product"}],"replies":[{"embeddable":true,"href":"https:\/\/puzzle3d.co\/pt\/wp-json\/wp\/v2\/comments?post=796"}],"wp:featuredmedia":[{"embeddable":true,"href":"https:\/\/puzzle3d.co\/pt\/wp-json\/wp\/v2\/media\/798"}],"wp:attachment":[{"href":"https:\/\/puzzle3d.co\/pt\/wp-json\/wp\/v2\/media?parent=796"}],"wp:term":[{"taxonomy":"product_brand","embeddable":true,"href":"https:\/\/puzzle3d.co\/pt\/wp-json\/wp\/v2\/product_brand?post=796"},{"taxonomy":"product_cat","embeddable":true,"href":"https:\/\/puzzle3d.co\/pt\/wp-json\/wp\/v2\/product_cat?post=796"},{"taxonomy":"product_tag","embeddable":true,"href":"https:\/\/puzzle3d.co\/pt\/wp-json\/wp\/v2\/product_tag?post=796"},{"taxonomy":"woo-feed-brand","embeddable":true,"href":"https:\/\/puzzle3d.co\/pt\/wp-json\/wp\/v2\/woo-feed-brand?post=796"}],"curies":[{"name":"wp","href":"https:\/\/api.w.org\/{rel}","templated":true}]}}