{"id":787,"date":"2023-01-24T12:02:30","date_gmt":"2023-01-24T12:02:30","guid":{"rendered":"https:\/\/puzzle3d.co\/product\/belaz75600-puzzle-3d-mecanic-copy\/"},"modified":"2025-05-11T08:14:31","modified_gmt":"2025-05-11T08:14:31","slug":"puzzle-mecanico-3d-com-globo-terrestre-em-madeira-393-pecas","status":"publish","type":"product","link":"https:\/\/puzzle3d.co\/pt\/prodotto\/globo-puzzle-3d-meccanico-legno-393-pezzi\/","title":{"rendered":"GLOBO 3D puzzle mec\u00e2nico de madeira, 393 pe\u00e7as"},"content":{"rendered":"<div>\n<p><strong>GLOBO 3D puzzle mec\u00e2nico de madeira - 393 pe\u00e7as<\/strong><\/p>\n<\/div>\n<div>\n<div>\n<div>O globo terrestre de madeira \u00e9 uma pe\u00e7a decorativa e pedag\u00f3gica que despertar\u00e1 o interesse pela aprendizagem do mundo.<\/div>\n<div>Quer seja adulto ou crian\u00e7a, \u00e9 imposs\u00edvel n\u00e3o ficar fascinado por um globo terrestre, sobretudo se o montarmos com as nossas pr\u00f3prias m\u00e3os.<\/div>\n<div>\u00c9 um desafio perfeito para o c\u00e9rebro, mas tamb\u00e9m uma oportunidade de medita\u00e7\u00e3o e reflex\u00e3o.<\/div>\n<div>A caixa secreta tem tanto de \u00fatil como de intrigante. Um rel\u00f3gio, um anel, uma chave, um rebu\u00e7ado: quem adivinha o que l\u00e1 est\u00e1 escondido?<\/div>\n<h2>Prenda inteligente para qualquer pessoa<\/h2>\n<div>Reuni-lo com um amigo \u00edntimo, conversando sobre algo da alma, ou com a crian\u00e7a, dizendo-lhe que a vida est\u00e1 nas suas m\u00e3os. Encorajem-no para que, atrav\u00e9s de decis\u00f5es correctas, possa abra\u00e7ar toda a Terra.<\/div>\n<div><\/div>\n<div><strong>DETALHES DO PRODUTO:<\/strong><\/div>\n<div>Dimens\u00f5es do modelo: 505*320*320 mm<\/div>\n<div>Dimens\u00f5es da embalagem: 374 x 242 x 64 mm<\/div>\n<div>N\u00famero de pe\u00e7as: 393<\/div>\n<\/div>\n<\/div>","protected":false},"excerpt":{"rendered":"<p>O globo terrestre de madeira \u00e9 uma pe\u00e7a decorativa e pedag\u00f3gica que despertar\u00e1 o interesse pela aprendizagem do mundo.<\/p>","protected":false},"featured_media":789,"comment_status":"open","ping_status":"closed","template":"","meta":[],"product_brand":[],"product_cat":[73,88,74,76,89,90,91],"product_tag":[],"woo-feed-brand":[],"class_list":{"0":"post-787","1":"product","2":"type-product","3":"status-publish","4":"has-post-thumbnail","6":"product_cat-puzzle-3d","7":"product_cat-puzzle-3d-adulti","8":"product_cat-puzzle-3d-in-legno","9":"product_cat-puzzle-3d-per-bambini","10":"product_cat-puzzle-meccanici-3d-in-legno","11":"product_cat-puzzle-meccanici-per-bambini","12":"product_cat-puzzle-meccanici-per-adulti","14":"first","15":"instock","16":"shipping-taxable","17":"purchasable","18":"product-type-simple"},"_links":{"self":[{"href":"https:\/\/puzzle3d.co\/pt\/wp-json\/wp\/v2\/product\/787","targetHints":{"allow":["GET"]}}],"collection":[{"href":"https:\/\/puzzle3d.co\/pt\/wp-json\/wp\/v2\/product"}],"about":[{"href":"https:\/\/puzzle3d.co\/pt\/wp-json\/wp\/v2\/types\/product"}],"replies":[{"embeddable":true,"href":"https:\/\/puzzle3d.co\/pt\/wp-json\/wp\/v2\/comments?post=787"}],"wp:featuredmedia":[{"embeddable":true,"href":"https:\/\/puzzle3d.co\/pt\/wp-json\/wp\/v2\/media\/789"}],"wp:attachment":[{"href":"https:\/\/puzzle3d.co\/pt\/wp-json\/wp\/v2\/media?parent=787"}],"wp:term":[{"taxonomy":"product_brand","embeddable":true,"href":"https:\/\/puzzle3d.co\/pt\/wp-json\/wp\/v2\/product_brand?post=787"},{"taxonomy":"product_cat","embeddable":true,"href":"https:\/\/puzzle3d.co\/pt\/wp-json\/wp\/v2\/product_cat?post=787"},{"taxonomy":"product_tag","embeddable":true,"href":"https:\/\/puzzle3d.co\/pt\/wp-json\/wp\/v2\/product_tag?post=787"},{"taxonomy":"woo-feed-brand","embeddable":true,"href":"https:\/\/puzzle3d.co\/pt\/wp-json\/wp\/v2\/woo-feed-brand?post=787"}],"curies":[{"name":"wp","href":"https:\/\/api.w.org\/{rel}","templated":true}]}}