{"id":775,"date":"2023-01-23T22:33:39","date_gmt":"2023-01-23T22:33:39","guid":{"rendered":"https:\/\/puzzle3d.co\/product\/belaz-puzzle-3d-mecanic-copy\/"},"modified":"2025-06-11T19:11:18","modified_gmt":"2025-06-11T19:11:18","slug":"camiao-belaz-gigante-puzzle-mecanico-3d","status":"publish","type":"product","link":"https:\/\/puzzle3d.co\/pt\/prodotto\/camion-gigantesco-belaz-puzzle-meccanico-3d\/","title":{"rendered":"Cami\u00e3o gigante BELAZ 75600. Modelo mec\u00e2nico em madeira, 307 pe\u00e7as"},"content":{"rendered":"<div>\n<div>\n<div><strong>BELAZ Cami\u00e3o Gigante 75600 - Puzzle Mec\u00e2nico 3D em Madeira - 307 pe\u00e7as<\/strong><\/div>\n<div><\/div>\n<div>Um dos modelos excepcionais da s\u00e9rie Belaz surpreende pela sua constru\u00e7\u00e3o.<\/div>\n<div>O cami\u00e3o de carga pesada tem um motor acionado por um el\u00e1stico. Com um<\/div>\n<div>pode deslocar-se v\u00e1rios metros (consoante o piso da estrada).<\/div>\n<div><\/div>\n<div>O design pormenorizado inclui todos os elementos do seu hom\u00f3logo da vida real. As portas e o capot abrem-se e o reboque levanta-se.<\/div>\n<h2>Prenda para os entusiastas dos cami\u00f5es e da constru\u00e7\u00e3o<\/h2>\n<div>\u00c9 um modelo adequado para uma pessoa ambiciosa ou para um entusiasta de puzzles que j\u00e1 tenha alguma experi\u00eancia com um puzzle mec\u00e2nico.<\/div>\n<div>Com um pouco de paci\u00eancia e perseveran\u00e7a, monte um cami\u00e3o que captar\u00e1 a aten\u00e7\u00e3o e a admira\u00e7\u00e3o de todos os que o visitam.<\/div>\n<div><\/div>\n<\/div>\n<div style=\"width: 1020px;\" class=\"wp-video\"><video class=\"wp-video-shortcode\" id=\"video-775-1\" width=\"1020\" height=\"574\" preload=\"metadata\" controls=\"controls\"><source type=\"video\/mp4\" src=\"https:\/\/puzzle3d.co\/wp-content\/uploads\/2023\/01\/BELAZ-75600-IG.mp4?_=1\" \/><a href=\"https:\/\/puzzle3d.co\/wp-content\/uploads\/2023\/01\/BELAZ-75600-IG.mp4\">https:\/\/puzzle3d.co\/wp-content\/uploads\/2023\/01\/BELAZ-75600-IG.mp4<\/a><\/video><\/div>\n<div>\n<p><strong><span style=\"color: #333333;\">DETALHES DO PRODUTO:<br \/>\n<\/span><\/strong><span style=\"color: #333333;\">Dimens\u00f5es do modelo: 310*200*155 mm<br \/>\n<\/span><span style=\"color: #333333;\">Dimens\u00f5es da embalagem: 374*243*40 mm<br \/>\n<\/span><span style=\"color: #333333;\">N\u00famero de pe\u00e7as: 307<\/span><\/p>\n<\/div>\n<\/div>\n<div>\n<div><\/div>\n<\/div>","protected":false},"excerpt":{"rendered":"<div>O cami\u00e3o de grande tonelagem tem um motor acionado por um el\u00e1stico. O design pormenorizado inclui todos os elementos do seu hom\u00f3logo da vida real. As portas e o capot abrem-se e o reboque levanta-se<\/div>\n<p>&nbsp;<\/p>","protected":false},"featured_media":785,"comment_status":"open","ping_status":"closed","template":"","meta":{"slim_seo":{"title":"Cami\u00e3o gigante BELAZ. Modelo mec\u00e2nico 3D 307 pcs.","description":"Um dos modelos mais not\u00e1veis da s\u00e9rie Belaz surpreende-o pela sua constru\u00e7\u00e3o. O cami\u00e3o de carga pesada tem um motor movido a el\u00e1stico."}},"product_brand":[],"product_cat":[89,91,90,73,88,76],"product_tag":[],"woo-feed-brand":[],"class_list":{"0":"post-775","1":"product","2":"type-product","3":"status-publish","4":"has-post-thumbnail","6":"product_cat-puzzle-meccanici-3d-in-legno","7":"product_cat-puzzle-meccanici-per-adulti","8":"product_cat-puzzle-meccanici-per-bambini","9":"product_cat-puzzle-3d","10":"product_cat-puzzle-3d-adulti","11":"product_cat-puzzle-3d-per-bambini","13":"first","14":"instock","15":"shipping-taxable","16":"purchasable","17":"product-type-simple"},"_links":{"self":[{"href":"https:\/\/puzzle3d.co\/pt\/wp-json\/wp\/v2\/product\/775","targetHints":{"allow":["GET"]}}],"collection":[{"href":"https:\/\/puzzle3d.co\/pt\/wp-json\/wp\/v2\/product"}],"about":[{"href":"https:\/\/puzzle3d.co\/pt\/wp-json\/wp\/v2\/types\/product"}],"replies":[{"embeddable":true,"href":"https:\/\/puzzle3d.co\/pt\/wp-json\/wp\/v2\/comments?post=775"}],"wp:featuredmedia":[{"embeddable":true,"href":"https:\/\/puzzle3d.co\/pt\/wp-json\/wp\/v2\/media\/785"}],"wp:attachment":[{"href":"https:\/\/puzzle3d.co\/pt\/wp-json\/wp\/v2\/media?parent=775"}],"wp:term":[{"taxonomy":"product_brand","embeddable":true,"href":"https:\/\/puzzle3d.co\/pt\/wp-json\/wp\/v2\/product_brand?post=775"},{"taxonomy":"product_cat","embeddable":true,"href":"https:\/\/puzzle3d.co\/pt\/wp-json\/wp\/v2\/product_cat?post=775"},{"taxonomy":"product_tag","embeddable":true,"href":"https:\/\/puzzle3d.co\/pt\/wp-json\/wp\/v2\/product_tag?post=775"},{"taxonomy":"woo-feed-brand","embeddable":true,"href":"https:\/\/puzzle3d.co\/pt\/wp-json\/wp\/v2\/woo-feed-brand?post=775"}],"curies":[{"name":"wp","href":"https:\/\/api.w.org\/{rel}","templated":true}]}}