{"id":766,"date":"2023-01-23T21:53:35","date_gmt":"2023-01-23T21:53:35","guid":{"rendered":"https:\/\/puzzle3d.co\/product\/belaz-puzzle-3d-mecanic-copy\/"},"modified":"2025-06-11T19:11:26","modified_gmt":"2025-06-11T19:11:26","slug":"camiao-de-neve-3d-puzzle-mecanico-de-madeira","status":"publish","type":"product","link":"https:\/\/puzzle3d.co\/pt\/prodotto\/camion-della-neve-puzzle-meccanico-3d-in-legno\/","title":{"rendered":"Cami\u00e3o de neve - puzzle mec\u00e2nico de madeira, 460 pe\u00e7as"},"content":{"rendered":"<div>\n<p><strong>Cami\u00e3o de neve - puzzle mec\u00e2nico de madeira - 460 pe\u00e7as<\/strong><\/p>\n<div>\u00c9 dif\u00edcil dizer o que vai gostar mais no cami\u00e3o limpa-neves: mont\u00e1-lo, coloc\u00e1-lo em funcionamento ou simplesmente admirar o seu aspeto fant\u00e1stico.<\/div>\n<\/div>\n<div>\n<div>\n<div>Com 417 pe\u00e7as de puzzle em madeira, este cami\u00e3o convida toda a fam\u00edlia a mont\u00e1-lo.<\/div>\n<div><\/div>\n<div>O mecanismo de arranque \u00e9 devido a um motor num el\u00e1stico, as portas abrem e fecham, o interior tem bom aspeto e o degrau traseiro sobe. As l\u00e2minas frontais e laterais podem ser levantadas ou mesmo retiradas.<\/div>\n<div><\/div>\n<div>\u00c9 um objeto que valoriza a sua decora\u00e7\u00e3o interior, tanto na \u00e9poca do Natal como ao longo do ano.<\/div>\n<div>Deixe que a sua imagina\u00e7\u00e3o dite o que vai fazer com ele ou como vai encaixar num cen\u00e1rio de brincadeira de crian\u00e7a.<\/div>\n<div><\/div>\n<div><strong>DETALHES DO PRODUTO:<\/strong><\/div>\n<div>Dimens\u00f5es do modelo: 400*148*141 mm<\/div>\n<div>Dimens\u00f5es da embalagem: 374*242*20 mm<\/div>\n<div>N\u00famero de pe\u00e7as: 460<\/div>\n<\/div>\n<div><\/div>\n<\/div>","protected":false},"excerpt":{"rendered":"<div>Com 417 pe\u00e7as de puzzle em madeira, este cami\u00e3o convida toda a fam\u00edlia a mont\u00e1-lo.<\/div>\n<div><\/div>\n<div>O mecanismo de arranque \u00e9 devido a um motor num el\u00e1stico, as portas abrem e fecham, o interior tem bom aspeto e o degrau traseiro sobe. As l\u00e2minas frontais e laterais podem ser levantadas ou mesmo retiradas.<\/div>","protected":false},"featured_media":771,"comment_status":"open","ping_status":"closed","template":"","meta":[],"product_brand":[],"product_cat":[108,73,88,74,76,89,90,91],"product_tag":[],"woo-feed-brand":[],"class_list":{"0":"post-766","1":"product","2":"type-product","3":"status-publish","4":"has-post-thumbnail","6":"product_cat-modellismo-da-costruire-per-adulti","7":"product_cat-puzzle-3d","8":"product_cat-puzzle-3d-adulti","9":"product_cat-puzzle-3d-in-legno","10":"product_cat-puzzle-3d-per-bambini","11":"product_cat-puzzle-meccanici-3d-in-legno","12":"product_cat-puzzle-meccanici-per-bambini","13":"product_cat-puzzle-meccanici-per-adulti","15":"first","16":"instock","17":"shipping-taxable","18":"purchasable","19":"product-type-simple"},"_links":{"self":[{"href":"https:\/\/puzzle3d.co\/pt\/wp-json\/wp\/v2\/product\/766","targetHints":{"allow":["GET"]}}],"collection":[{"href":"https:\/\/puzzle3d.co\/pt\/wp-json\/wp\/v2\/product"}],"about":[{"href":"https:\/\/puzzle3d.co\/pt\/wp-json\/wp\/v2\/types\/product"}],"replies":[{"embeddable":true,"href":"https:\/\/puzzle3d.co\/pt\/wp-json\/wp\/v2\/comments?post=766"}],"wp:featuredmedia":[{"embeddable":true,"href":"https:\/\/puzzle3d.co\/pt\/wp-json\/wp\/v2\/media\/771"}],"wp:attachment":[{"href":"https:\/\/puzzle3d.co\/pt\/wp-json\/wp\/v2\/media?parent=766"}],"wp:term":[{"taxonomy":"product_brand","embeddable":true,"href":"https:\/\/puzzle3d.co\/pt\/wp-json\/wp\/v2\/product_brand?post=766"},{"taxonomy":"product_cat","embeddable":true,"href":"https:\/\/puzzle3d.co\/pt\/wp-json\/wp\/v2\/product_cat?post=766"},{"taxonomy":"product_tag","embeddable":true,"href":"https:\/\/puzzle3d.co\/pt\/wp-json\/wp\/v2\/product_tag?post=766"},{"taxonomy":"woo-feed-brand","embeddable":true,"href":"https:\/\/puzzle3d.co\/pt\/wp-json\/wp\/v2\/woo-feed-brand?post=766"}],"curies":[{"name":"wp","href":"https:\/\/api.w.org\/{rel}","templated":true}]}}