{"id":755,"date":"2023-01-23T21:00:33","date_gmt":"2023-01-23T21:00:33","guid":{"rendered":"https:\/\/puzzle3d.co\/product\/spider-puzzle-3d-mecanic-copy\/"},"modified":"2025-06-19T18:24:56","modified_gmt":"2025-06-19T18:24:56","slug":"camiao-quebra-cabecas-de-madeira-mecanico-3d","status":"publish","type":"product","link":"https:\/\/puzzle3d.co\/pt\/prodotto\/camion-puzzle-3d-meccanico-legno\/","title":{"rendered":"Cami\u00e3o BELAZ 75710 Puzzle mec\u00e2nico 3D em madeira, 453 pe\u00e7as"},"content":{"rendered":"<div>\n<p><strong>O maior cami\u00e3o do mundo Belaz 75710 - modelo mec\u00e2nico 3D<\/strong><\/p>\n<div>Tens \u00e0 tua frente o maior cami\u00e3o do mundo! Agora podes construir o teu pr\u00f3prio Belaz a partir do puzzle. A tua dose de adrenalina e dopamina est\u00e1 garantida.<\/div>\n<\/div>\n<div>\n<div>\n<div><\/div>\n<div><em>O que significa realmente o puzzle mec\u00e2nico de Belaz?<\/em><\/div>\n<div><\/div>\n<div>Indica que pode aceitar o desafio de montar o maior cami\u00e3o basculante alguma vez fabricado.<\/div>\n<div>A tua paci\u00eancia e concentra\u00e7\u00e3o ser\u00e3o recompensadas pela satisfa\u00e7\u00e3o que sentir\u00e1s quando ligares o mecanismo. O cami\u00e3o move-se gra\u00e7as ao tapete rolante, as portas e o capot abrem-se e o reboque levanta-se.<\/div>\n<div><\/div>\n<div>Trata-se de um modelo que fascinar\u00e1 tanto as crian\u00e7as como os adultos. Com um pouco de imagina\u00e7\u00e3o, pode at\u00e9 ser personalizado, pintando-o.<\/div>\n<div>O Belaz ser\u00e1 o cami\u00e3o preferido das crian\u00e7as e pode ser inclu\u00eddo em v\u00e1rios jogos, depende apenas da imagina\u00e7\u00e3o.<\/div>\n<h2>Prenda para os entusiastas dos cami\u00f5es e da constru\u00e7\u00e3o<\/h2>\n<div>Os adultos podem utiliz\u00e1-lo como objeto decorativo em casa ou no escrit\u00f3rio.<\/div>\n<div>Este gigante tem, de facto, o tamanho aproximado de um edif\u00edcio de apartamentos de tr\u00eas andares. Est\u00e1 equipado com 8 rodas e cada pneu tem cerca de 4 metros de di\u00e2metro.<\/div>\n<div>N\u00e3o o encontrar\u00e3o na cidade. Quando tem de ser levado para o local onde vai trabalhar, \u00e9 desmontado e transportado em 25 vag\u00f5es.<\/div>\n<div>O seu reboque pode acomodar exatamente 400 autom\u00f3veis Dacia Logan ou o maior avi\u00e3o de passageiros do mundo: o Airbus A380.<\/div>\n<div><\/div>\n<div><strong>DETALHES DO PRODUTO:<\/strong><\/div>\n<div>Dimens\u00f5es do modelo: 435*210*175 mm<\/div>\n<div>Dimens\u00f5es da embalagem: 375 x 243 x 62 mm<\/div>\n<div>N\u00famero de pe\u00e7as: 453<\/div>\n<\/div>\n<div><\/div>\n<\/div>","protected":false},"excerpt":{"rendered":"<p>Tens \u00e0 tua frente o maior cami\u00e3o do mundo! Agora podes construir o teu pr\u00f3prio Belaz a partir do puzzle. O cami\u00e3o move-se gra\u00e7as \u00e0 correia transportadora, as portas e o capot abrem-se e o reboque levanta-se.<\/p>","protected":false},"featured_media":759,"comment_status":"open","ping_status":"closed","template":"","meta":{"slim_seo":{"title":"Puzzle mec\u00e2nico de madeira 3D do cami\u00e3o BELAZ, 453 pe\u00e7as","description":"O maior cami\u00e3o do mundo - Tens \u00e0 tua frente o maior cami\u00e3o do mundo! Agora podes construir o teu pr\u00f3prio Belaz a partir do puzzle."}},"product_brand":[],"product_cat":[89,91,90,73,88,74,76],"product_tag":[],"woo-feed-brand":[],"class_list":{"0":"post-755","1":"product","2":"type-product","3":"status-publish","4":"has-post-thumbnail","6":"product_cat-puzzle-meccanici-3d-in-legno","7":"product_cat-puzzle-meccanici-per-adulti","8":"product_cat-puzzle-meccanici-per-bambini","9":"product_cat-puzzle-3d","10":"product_cat-puzzle-3d-adulti","11":"product_cat-puzzle-3d-in-legno","12":"product_cat-puzzle-3d-per-bambini","14":"first","15":"instock","16":"shipping-taxable","17":"purchasable","18":"product-type-simple"},"_links":{"self":[{"href":"https:\/\/puzzle3d.co\/pt\/wp-json\/wp\/v2\/product\/755","targetHints":{"allow":["GET"]}}],"collection":[{"href":"https:\/\/puzzle3d.co\/pt\/wp-json\/wp\/v2\/product"}],"about":[{"href":"https:\/\/puzzle3d.co\/pt\/wp-json\/wp\/v2\/types\/product"}],"replies":[{"embeddable":true,"href":"https:\/\/puzzle3d.co\/pt\/wp-json\/wp\/v2\/comments?post=755"}],"wp:featuredmedia":[{"embeddable":true,"href":"https:\/\/puzzle3d.co\/pt\/wp-json\/wp\/v2\/media\/759"}],"wp:attachment":[{"href":"https:\/\/puzzle3d.co\/pt\/wp-json\/wp\/v2\/media?parent=755"}],"wp:term":[{"taxonomy":"product_brand","embeddable":true,"href":"https:\/\/puzzle3d.co\/pt\/wp-json\/wp\/v2\/product_brand?post=755"},{"taxonomy":"product_cat","embeddable":true,"href":"https:\/\/puzzle3d.co\/pt\/wp-json\/wp\/v2\/product_cat?post=755"},{"taxonomy":"product_tag","embeddable":true,"href":"https:\/\/puzzle3d.co\/pt\/wp-json\/wp\/v2\/product_tag?post=755"},{"taxonomy":"woo-feed-brand","embeddable":true,"href":"https:\/\/puzzle3d.co\/pt\/wp-json\/wp\/v2\/woo-feed-brand?post=755"}],"curies":[{"name":"wp","href":"https:\/\/api.w.org\/{rel}","templated":true}]}}