{"id":731,"date":"2023-01-23T17:25:32","date_gmt":"2023-01-23T17:25:32","guid":{"rendered":"https:\/\/puzzle3d.co\/product\/autospeciala-de-pompieri-copy\/"},"modified":"2025-06-19T18:25:58","modified_gmt":"2025-06-19T18:25:58","slug":"puzzle-mecanico-3d-para-cachorros-246-pecas","status":"publish","type":"product","link":"https:\/\/puzzle3d.co\/pt\/prodotto\/cucciolo-puzzle-3d-meccanico-246-pezzi\/","title":{"rendered":"PUPPY puppy - puzzle mec\u00e2nico de madeira, 246 pe\u00e7as"},"content":{"rendered":"<div><strong>C\u00e3ozinho \"PUPPY\" - puzzle\/modelo mec\u00e2nico 3D em madeira para montar - 246 pe\u00e7as<\/strong><\/div>\n<div><\/div>\n<div>Este \u00e9 o modelo mec\u00e2nico 3D de madeira do Puppy, o teu fiel amigo. A aventura de o montares em 246 pe\u00e7as ser\u00e1 inesquec\u00edvel.<\/div>\n<div>Siga as instru\u00e7\u00f5es e monte sucessivamente as orelhas, as patas e a cauda. Os criadores pensaram muito bem na forma de o construir para que todas as articula\u00e7\u00f5es e movimentos se assemelhem aos de um c\u00e3o verdadeiro.<\/div>\n<div><\/div>\n<div>Podes pint\u00e1-lo ou deix\u00e1-lo da cor da madeira, podes chamar-lhe Puppy ou dar-lhe outro nome. Podes cuidar dele e am\u00e1-lo como um verdadeiro animal de estima\u00e7\u00e3o.<\/div>\n<div><\/div>\n<h2>Prenda para os amantes dos animais<\/h2>\n<div>\u00c9 uma alegria montar um puzzle que se transformar\u00e1 num c\u00e3ozinho t\u00e3o giro. Por isso, quando quiser oferecer uma prenda a uma crian\u00e7a ou a um adulto que adora c\u00e3es, j\u00e1 sabe o que seria adequado.<\/div>\n<div><\/div>\n<div><strong>DETALHES DO PRODUTO:<\/strong><\/div>\n<div>Dimens\u00f5es do modelo: 285*175*95 mm<\/div>\n<div>Dimens\u00f5es da embalagem: 245*188*30 mm<\/div>\n<div>N\u00famero de pe\u00e7as: 246<\/div>","protected":false},"excerpt":{"rendered":"<p>Este \u00e9 o Puppy, o teu fiel amigo. Os criadores pensaram muito bem como constru\u00ed-lo para que todas as articula\u00e7\u00f5es e movimentos se assemelhem aos de um c\u00e3o verdadeiro.<\/p>","protected":false},"featured_media":737,"comment_status":"open","ping_status":"closed","template":"","meta":[],"product_brand":[],"product_cat":[73,88,74,76,89,90,91],"product_tag":[],"woo-feed-brand":[],"class_list":{"0":"post-731","1":"product","2":"type-product","3":"status-publish","4":"has-post-thumbnail","6":"product_cat-puzzle-3d","7":"product_cat-puzzle-3d-adulti","8":"product_cat-puzzle-3d-in-legno","9":"product_cat-puzzle-3d-per-bambini","10":"product_cat-puzzle-meccanici-3d-in-legno","11":"product_cat-puzzle-meccanici-per-bambini","12":"product_cat-puzzle-meccanici-per-adulti","14":"first","15":"instock","16":"shipping-taxable","17":"purchasable","18":"product-type-simple"},"_links":{"self":[{"href":"https:\/\/puzzle3d.co\/pt\/wp-json\/wp\/v2\/product\/731","targetHints":{"allow":["GET"]}}],"collection":[{"href":"https:\/\/puzzle3d.co\/pt\/wp-json\/wp\/v2\/product"}],"about":[{"href":"https:\/\/puzzle3d.co\/pt\/wp-json\/wp\/v2\/types\/product"}],"replies":[{"embeddable":true,"href":"https:\/\/puzzle3d.co\/pt\/wp-json\/wp\/v2\/comments?post=731"}],"wp:featuredmedia":[{"embeddable":true,"href":"https:\/\/puzzle3d.co\/pt\/wp-json\/wp\/v2\/media\/737"}],"wp:attachment":[{"href":"https:\/\/puzzle3d.co\/pt\/wp-json\/wp\/v2\/media?parent=731"}],"wp:term":[{"taxonomy":"product_brand","embeddable":true,"href":"https:\/\/puzzle3d.co\/pt\/wp-json\/wp\/v2\/product_brand?post=731"},{"taxonomy":"product_cat","embeddable":true,"href":"https:\/\/puzzle3d.co\/pt\/wp-json\/wp\/v2\/product_cat?post=731"},{"taxonomy":"product_tag","embeddable":true,"href":"https:\/\/puzzle3d.co\/pt\/wp-json\/wp\/v2\/product_tag?post=731"},{"taxonomy":"woo-feed-brand","embeddable":true,"href":"https:\/\/puzzle3d.co\/pt\/wp-json\/wp\/v2\/woo-feed-brand?post=731"}],"curies":[{"name":"wp","href":"https:\/\/api.w.org\/{rel}","templated":true}]}}